{"id":14628,"date":"2024-07-24T11:47:04","date_gmt":"2024-07-24T11:47:04","guid":{"rendered":"https:\/\/www.aircompressormpc.com\/?post_type=product&#038;p=14628"},"modified":"2024-08-01T11:03:34","modified_gmt":"2024-08-01T11:03:34","slug":"huile-de-lubrification-pour-compresseurs-a-piston-3","status":"publish","type":"product","link":"https:\/\/www.aircompressormpc.com\/fr\/producto\/huile-de-lubrification-pour-compresseurs-a-piston-3\/","title":{"rendered":"HUILE DE LUBRIFICATION POUR COMPRESSEUR ROTATIF ALIMENTAIRE 5L"},"content":{"rendered":"<h2><span style=\"color: #ff0000;\">Bidon d&rsquo;huile de 5 litres. <\/span><\/h2>\n<h2>Huile lubrifiante sp\u00e9ciale pour compresseurs rotatifs alimentaires.<\/h2>\n<p>Lubrifiant formul\u00e9 avec des huiles blanches m\u00e9dicamenteuses, des polyisobut\u00e8nes et des additifs approuv\u00e9s par la FDA, consid\u00e9r\u00e9s comme physiologiquement inoffensifs et class\u00e9s H1 par la NSF. Lubrifiant multifonctionnel, adapt\u00e9 \u00e0 la lubrification des machines dans les industries alimentaires, pharmaceutiques, v\u00e9t\u00e9rinaires et cosm\u00e9tiques. <strong>PROPRI\u00c9T\u00c9S :<\/strong><\/p>\n<ul>\n<li>Non toxique, odeur et go\u00fbt neutres.<\/li>\n<li>Bonnes propri\u00e9t\u00e9s lubrifiantes et anti-usure.<\/li>\n<li>Bonne protection contre la corrosion et la rouille, non corrosif pour le cuivre.<\/li>\n<li>Facilit\u00e9 de s\u00e9paration de l&rsquo;eau.<\/li>\n<li>Indice de viscosit\u00e9 naturelle \u00e9lev\u00e9.<\/li>\n<\/ul>\n<p><strong>DES SP\u00c9CIFICATIONS :<\/strong><\/p>\n<ul>\n<li>Contenu 5 Lt<\/li>\n<li>R\u00e9pond aux exigences HLP pour les syst\u00e8mes hydrauliques, les engrenages CLP et les compresseurs VDL.<\/li>\n<li>DIN 51524 partie II et III HLP. DIN 51517 partie III CPL. DIN 51506 VDL<\/li>\n<li>NSF H-1 (num\u00e9ros d&rsquo;enregistrement 143001 &#8211; 143007)<\/li>\n<li>21 CFR 178.3620 (b) de la Food and Drug Administration (FDA) des \u00c9tats-Unis (contact alimentaire indirect) R\u00e8glement CE n\u00b0 1935\/2004<\/li>\n<\/ul>\n<p><strong>APPLICATIONS :<\/strong> SIL DOVER RP sont des lubrifiants semi-synth\u00e9tiques multifonctionnels, utilis\u00e9s pour la lubrification d&rsquo;engrenages, de compresseurs, de pompes, de roulements, de syst\u00e8mes hydrauliques, de cha\u00eenes, d&rsquo;\u00e9l\u00e9ments de coupe dans l&rsquo;industrie du carton et du papier, et d&rsquo;autres points de lubrification o\u00f9 un lubrifiant NSF H-1 de qualit\u00e9 alimentaire est n\u00e9cessaire.<\/p>\n","protected":false},"excerpt":{"rendered":"<table class=\"tftable\" style=\"margin-left: 40px;\" border=\"1\">\n<tbody>\n<tr>\n<th style=\"text-align: center;\"><strong>CARACT\u00c9RISTIQUES<\/strong><\/th>\n<th style=\"text-align: center;\"><strong>NORMES<\/strong><\/th>\n<th style=\"text-align: center;\"><strong>SAE-40<\/strong><\/th>\n<\/tr>\n<tr>\n<td style=\"text-align: left; padding-left: 40px;\">Densit\u00e9 \u00e0 20\u00baC g\/cm 3<\/td>\n<td style=\"text-align: left; padding-left: 40px;\">ISO 3675\/ATSM D-1298<\/td>\n<td style=\"text-align: left; padding-left: 40px;\">0,86<\/td>\n<\/tr>\n<tr style=\"padding-left: 40px;\">\n<td style=\"padding-left: 40px;\">Viscosit\u00e9 \u00e0 40\u00b0C, cSt<\/td>\n<td style=\"padding-left: 40px;\">ISO 3104\/ASTM D-445<\/td>\n<td style=\"padding-left: 40px;\">46<\/td>\n<\/tr>\n<tr style=\"padding-left: 40px;\">\n<td style=\"padding-left: 40px;\">Indice de viscosit\u00e9<\/td>\n<td style=\"padding-left: 40px;\">ISO 2909\/ASTM D-2270<\/td>\n<td style=\"padding-left: 40px;\">105<\/td>\n<\/tr>\n<tr style=\"padding-left: 40px;\">\n<td style=\"padding-left: 40px;\">Point d&rsquo;\u00e9clair, \u00baC<\/td>\n<td style=\"padding-left: 40px;\">ISO 3016\/ASTM D-97<\/td>\n<td style=\"padding-left: 40px;\">-18<\/td>\n<\/tr>\n<tr style=\"padding-left: 40px;\">\n<td style=\"padding-left: 40px;\">Test 4 balles (c.s. kgs)<\/td>\n<td style=\"padding-left: 40px;\">D-2783<\/td>\n<td style=\"padding-left: 40px;\">200<\/td>\n<\/tr>\n<tr style=\"padding-left: 40px;\">\n<td style=\"padding-left: 40px;\">Corrosion du cuivre<\/td>\n<td style=\"padding-left: 40px;\">ISO 2160\/ASTM D-130<\/td>\n<td style=\"padding-left: 40px;\">Ia<\/td>\n<\/tr>\n<\/tbody>\n<\/table>\n","protected":false},"featured_media":14641,"template":"","meta":[],"product_brand":[],"product_cat":[973,1072],"product_tag":[766],"class_list":{"0":"post-14628","1":"product","2":"type-product","3":"status-publish","4":"has-post-thumbnail","6":"product_cat-accesorios-fr","7":"product_cat-huiles","8":"product_tag-huile","10":"first","11":"instock","12":"shipping-taxable","13":"purchasable","14":"product-type-simple"},"aioseo_notices":[],"_links":{"self":[{"href":"https:\/\/www.aircompressormpc.com\/fr\/wp-json\/wp\/v2\/product\/14628","targetHints":{"allow":["GET"]}}],"collection":[{"href":"https:\/\/www.aircompressormpc.com\/fr\/wp-json\/wp\/v2\/product"}],"about":[{"href":"https:\/\/www.aircompressormpc.com\/fr\/wp-json\/wp\/v2\/types\/product"}],"wp:featuredmedia":[{"embeddable":true,"href":"https:\/\/www.aircompressormpc.com\/fr\/wp-json\/wp\/v2\/media\/14641"}],"wp:attachment":[{"href":"https:\/\/www.aircompressormpc.com\/fr\/wp-json\/wp\/v2\/media?parent=14628"}],"wp:term":[{"taxonomy":"product_brand","embeddable":true,"href":"https:\/\/www.aircompressormpc.com\/fr\/wp-json\/wp\/v2\/product_brand?post=14628"},{"taxonomy":"product_cat","embeddable":true,"href":"https:\/\/www.aircompressormpc.com\/fr\/wp-json\/wp\/v2\/product_cat?post=14628"},{"taxonomy":"product_tag","embeddable":true,"href":"https:\/\/www.aircompressormpc.com\/fr\/wp-json\/wp\/v2\/product_tag?post=14628"}],"curies":[{"name":"wp","href":"https:\/\/api.w.org\/{rel}","templated":true}]}}