{"id":14569,"date":"2024-07-18T10:10:54","date_gmt":"2024-07-18T10:10:54","guid":{"rendered":"https:\/\/www.aircompressormpc.com\/producto\/tete-de-cd-1-100\/"},"modified":"2025-04-30T08:50:38","modified_gmt":"2025-04-30T08:50:38","slug":"tete-de-cd-1-100","status":"publish","type":"product","link":"https:\/\/www.aircompressormpc.com\/fr\/producto\/tete-de-cd-1-100\/","title":{"rendered":"T\u00caTE DE CDS-1.100"},"content":{"rendered":"<h1>T\u00eates de compresseur sans huile \u00e0 entra\u00eenement direct.<\/h1>\n<ul>\n<li>T\u00eate coaxiale \u00e0 deux cylindres \u00e0 1 400 tr\/min, avec corps en aluminium moul\u00e9, cylindres rev\u00eatus de c\u00e9ramique. Refroidissement par air forc\u00e9.<\/li>\n<li>Comprend : 6.102.135 Condensateur 18mF\/450V. 6.102.321 Amortisseur M-6.<\/li>\n<li>Facilit\u00e9 d&rsquo;utilisation.<\/li>\n<\/ul>\n<table class=\"table table-striped table-bordered attributes-table\" border=\"0\">\n<tbody>\n<tr>\n<th title=\"\" scope=\"col\" data-toggle=\"tooltip\" data-placement=\"top\" data-original-title=\"DN\">R\u00e9volutions<\/th>\n<td>1 400 tr\/min<\/td>\n<\/tr>\n<tr>\n<th title=\"\" scope=\"col\" data-toggle=\"tooltip\" data-placement=\"top\" data-original-title=\"M\/PG\">Pression<\/th>\n<td>9 Barre<\/td>\n<\/tr>\n<tr>\n<th title=\"\" scope=\"col\" data-toggle=\"tooltip\" data-placement=\"top\" data-original-title=\"M\/PG\">Puissance<\/th>\n<td>230\/50\/II<\/td>\n<\/tr>\n<tr>\n<th title=\"\" scope=\"col\" data-toggle=\"tooltip\" data-placement=\"top\" data-original-title=\"M\/PG\">Poids<\/th>\n<td>17.5 Kg<\/td>\n<\/tr>\n<tr>\n<th title=\"\" scope=\"col\" data-toggle=\"tooltip\" data-placement=\"top\" data-original-title=\"M\/PG\">Air aspir\u00e9<\/th>\n<td>210 L \/ min<\/td>\n<\/tr>\n<tr>\n<th title=\"\" scope=\"col\" data-toggle=\"tooltip\" data-placement=\"top\" data-original-title=\"M\/PG\">Capacit\u00e9 d&rsquo;huile<\/th>\n<td>Sans huile<\/td>\n<\/tr>\n<\/tbody>\n<\/table>\n<p><strong>Pi\u00e8ces de rechange pour la t\u00eate :<\/strong><\/p>\n<p>2.300.107 Filtre d&rsquo;aspiration 1\/2\u2033<br \/>\n2.300.132 Bidon d&rsquo;huile 1l<\/p>\n<p><strong>Il comprend :<\/strong><br \/>\n6.000.000 Condensateur 35 \u03bcF\/450V.<br \/>\n6.000.369 Amortisseur M-8<\/p>\n<p>&nbsp;<\/p>\n","protected":false},"excerpt":{"rendered":"<p><img loading=\"lazy\" decoding=\"async\" class=\"alignleft wp-image-14566 size-full\" src=\"https:\/\/www.aircompressormpc.com\/wp-content\/uploads\/2024\/07\/1.100.15.jpg\" alt=\"\" width=\"493\" height=\"328\" srcset=\"https:\/\/www.aircompressormpc.com\/wp-content\/uploads\/2024\/07\/1.100.15.jpg 493w, https:\/\/www.aircompressormpc.com\/wp-content\/uploads\/2024\/07\/1.100.15-300x200.jpg 300w, https:\/\/www.aircompressormpc.com\/wp-content\/uploads\/2024\/07\/1.100.15-64x43.jpg 64w\" sizes=\"auto, (max-width: 493px) 100vw, 493px\" \/><\/p>\n","protected":false},"featured_media":14565,"template":"","meta":[],"product_brand":[],"product_cat":[973,1174,1176],"product_tag":[786,1277],"class_list":{"0":"post-14569","1":"product","2":"type-product","3":"status-publish","4":"has-post-thumbnail","6":"product_cat-accesorios-fr","7":"product_cat-tetes-de-compresseur","8":"product_cat-tetes-sans-huile-silencieuses","9":"product_tag-2-hp-fr","10":"product_tag-tete-coaxiale","12":"first","13":"instock","14":"shipping-taxable","15":"purchasable","16":"product-type-simple"},"aioseo_notices":[],"_links":{"self":[{"href":"https:\/\/www.aircompressormpc.com\/fr\/wp-json\/wp\/v2\/product\/14569","targetHints":{"allow":["GET"]}}],"collection":[{"href":"https:\/\/www.aircompressormpc.com\/fr\/wp-json\/wp\/v2\/product"}],"about":[{"href":"https:\/\/www.aircompressormpc.com\/fr\/wp-json\/wp\/v2\/types\/product"}],"wp:featuredmedia":[{"embeddable":true,"href":"https:\/\/www.aircompressormpc.com\/fr\/wp-json\/wp\/v2\/media\/14565"}],"wp:attachment":[{"href":"https:\/\/www.aircompressormpc.com\/fr\/wp-json\/wp\/v2\/media?parent=14569"}],"wp:term":[{"taxonomy":"product_brand","embeddable":true,"href":"https:\/\/www.aircompressormpc.com\/fr\/wp-json\/wp\/v2\/product_brand?post=14569"},{"taxonomy":"product_cat","embeddable":true,"href":"https:\/\/www.aircompressormpc.com\/fr\/wp-json\/wp\/v2\/product_cat?post=14569"},{"taxonomy":"product_tag","embeddable":true,"href":"https:\/\/www.aircompressormpc.com\/fr\/wp-json\/wp\/v2\/product_tag?post=14569"}],"curies":[{"name":"wp","href":"https:\/\/api.w.org\/{rel}","templated":true}]}}