{"id":14532,"date":"2024-07-17T11:57:33","date_gmt":"2024-07-17T11:57:33","guid":{"rendered":"https:\/\/www.aircompressormpc.com\/?post_type=product&#038;p=14532"},"modified":"2024-07-22T10:43:22","modified_gmt":"2024-07-22T10:43:22","slug":"huile-de-lubrification-pour-compresseurs-a-piston-2","status":"publish","type":"product","link":"https:\/\/www.aircompressormpc.com\/fr\/producto\/huile-de-lubrification-pour-compresseurs-a-piston-2\/","title":{"rendered":"HUILE DE LUBRIFICATION POUR COMPRESSEURS \u00c0 PISTON 1L"},"content":{"rendered":"<h2><span style=\"color: #ff0000;\">Bidon d&rsquo;huile de 1 litre. <\/span><\/h2>\n<h2>Huile lubrifiante sp\u00e9ciale pour compresseurs \u00e0 piston. <strong>Huile de base synth\u00e9tique.<\/strong><\/h2>\n<p>Ces huiles sont formul\u00e9es pour la lubrification des cylindres et des m\u00e9canismes des compresseurs rotatifs et alternatifs, de l&rsquo;air et des gaz inertes. Ils sont \u00e9galement utilis\u00e9s dans les circuits hydrauliques n\u00e9cessitant des produits sans cendres. Il est \u00e9galement utilis\u00e9 dans la lubrification des \u00e9quipements auxiliaires des turbines comme bain ou syst\u00e8me de circulation pour la lubrification des roulements, des bo\u00eetes de vitesses, des pompes et des syst\u00e8mes hydrauliques mod\u00e9r\u00e9ment charg\u00e9s.<\/p>\n<p><strong>PROPRI\u00c9T\u00c9S :<\/strong><\/p>\n<ul>\n<li>Protection contre la rouille.<\/li>\n<li>Protection contre la corrosion.<\/li>\n<li>Tr\u00e8s bonne s\u00e9paration de l&rsquo;eau.<\/li>\n<li>Tendance minimale \u00e0 la formation de r\u00e9sidus carbon\u00e9s.<\/li>\n<li>Point d&rsquo;\u00e9clair \u00e9lev\u00e9 et faible volatilit\u00e9.<\/li>\n<li>Produit exempt de zinc et d&rsquo;autres m\u00e9taux.<\/li>\n<li>Huile microfiltr\u00e9e \u00e0 3 microns.<\/li>\n<\/ul>\n<p><strong>DES SP\u00c9CIFICATIONS :<\/strong><\/p>\n<ul>\n<li>Contenu : 1 Lt<\/li>\n<li>Lubrifiants pour compresseurs : DIN 51 506 VDL VCL<\/li>\n<\/ul>\n","protected":false},"excerpt":{"rendered":"<table class=\"tftable\" style=\"margin-left: 40px;\" border=\"1\">\n<tbody>\n<tr>\n<th style=\"text-align: center;\"><strong>CARACT\u00c9RISTIQUES<\/strong><\/th>\n<th style=\"text-align: center;\"><strong>NORMES<\/strong><\/th>\n<th style=\"text-align: center;\"><strong>SAE-40<\/strong><\/th>\n<\/tr>\n<tr>\n<td style=\"text-align: left; padding-left: 40px;\">Densit\u00e9 \u00e0 20\u00baC g\/cm 3<\/td>\n<td style=\"text-align: left; padding-left: 40px;\">ISO 3675\/ATSM D-1298<\/td>\n<td style=\"text-align: left; padding-left: 40px;\">0,86<\/td>\n<\/tr>\n<tr style=\"padding-left: 40px;\">\n<td style=\"padding-left: 40px;\">Viscosit\u00e9 \u00e0 40\u00baC, cSt<\/td>\n<td style=\"padding-left: 40px;\">ISO 3104\/ASTM D-445<\/td>\n<td style=\"padding-left: 40px;\">46<\/td>\n<\/tr>\n<tr style=\"padding-left: 40px;\">\n<td style=\"padding-left: 40px;\">Point d&rsquo;\u00e9clair, \u00baC<\/td>\n<td style=\"padding-left: 40px;\">ISO 2592\/ASTM D-92<\/td>\n<td style=\"padding-left: 40px;\">200<\/td>\n<\/tr>\n<tr style=\"padding-left: 40px;\">\n<td style=\"padding-left: 40px;\">Point de cong\u00e9lation, \u00baC<\/td>\n<td style=\"padding-left: 40px;\">ISO 3016\/ASTM D-97<\/td>\n<td style=\"padding-left: 40px;\">-18<\/td>\n<\/tr>\n<tr style=\"padding-left: 40px;\">\n<td style=\"padding-left: 40px;\">La d\u00e9s\u00e9mulsivit\u00e9<\/td>\n<td style=\"padding-left: 40px;\">ISO 6614\/ASTM D-1401<\/td>\n<td style=\"padding-left: 40px;\">40\/40\/0 (20 min)<\/td>\n<\/tr>\n<tr style=\"padding-left: 40px;\">\n<td style=\"padding-left: 40px;\">Phase-I, Phase-II, Phase-III mousse<\/td>\n<td style=\"padding-left: 40px;\">ISO 6247\/ASTM D-892<\/td>\n<td style=\"padding-left: 40px;\">5\/0 &#8211; 5\/0 &#8211; 5\/0<\/td>\n<\/tr>\n<\/tbody>\n<\/table>\n","protected":false},"featured_media":14596,"template":"","meta":[],"product_brand":[],"product_cat":[973,1072],"product_tag":[766],"class_list":{"0":"post-14532","1":"product","2":"type-product","3":"status-publish","4":"has-post-thumbnail","6":"product_cat-accesorios-fr","7":"product_cat-huiles","8":"product_tag-huile","10":"first","11":"instock","12":"shipping-taxable","13":"purchasable","14":"product-type-simple"},"aioseo_notices":[],"_links":{"self":[{"href":"https:\/\/www.aircompressormpc.com\/fr\/wp-json\/wp\/v2\/product\/14532","targetHints":{"allow":["GET"]}}],"collection":[{"href":"https:\/\/www.aircompressormpc.com\/fr\/wp-json\/wp\/v2\/product"}],"about":[{"href":"https:\/\/www.aircompressormpc.com\/fr\/wp-json\/wp\/v2\/types\/product"}],"wp:featuredmedia":[{"embeddable":true,"href":"https:\/\/www.aircompressormpc.com\/fr\/wp-json\/wp\/v2\/media\/14596"}],"wp:attachment":[{"href":"https:\/\/www.aircompressormpc.com\/fr\/wp-json\/wp\/v2\/media?parent=14532"}],"wp:term":[{"taxonomy":"product_brand","embeddable":true,"href":"https:\/\/www.aircompressormpc.com\/fr\/wp-json\/wp\/v2\/product_brand?post=14532"},{"taxonomy":"product_cat","embeddable":true,"href":"https:\/\/www.aircompressormpc.com\/fr\/wp-json\/wp\/v2\/product_cat?post=14532"},{"taxonomy":"product_tag","embeddable":true,"href":"https:\/\/www.aircompressormpc.com\/fr\/wp-json\/wp\/v2\/product_tag?post=14532"}],"curies":[{"name":"wp","href":"https:\/\/api.w.org\/{rel}","templated":true}]}}