{"id":14521,"date":"2024-07-17T09:46:14","date_gmt":"2024-07-17T09:46:14","guid":{"rendered":"https:\/\/www.aircompressormpc.com\/?post_type=product&#038;p=14521"},"modified":"2024-07-17T11:41:38","modified_gmt":"2024-07-17T11:41:38","slug":"huile-de-lubrification","status":"publish","type":"product","link":"https:\/\/www.aircompressormpc.com\/fr\/producto\/huile-de-lubrification\/","title":{"rendered":"HUILE LUBRIFIANTE SUPER SYNTETIQUE 5L"},"content":{"rendered":"<h2><span style=\"color: #ff0000;\">Bidon d&rsquo;huile de 5 litres. <\/span><\/h2>\n<h2>Huile lubrifiante super synt\u00e9tique \u00e0 base d&rsquo;essence.<\/h2>\n<p>Fluide hydraulique fabriqu\u00e9 \u00e0 partir de bases paraffiniques hautement raffin\u00e9es et d&rsquo;additifs de haute technologie qui garantissent les exigences les plus s\u00e9v\u00e8res des compresseurs rotatifs.<\/p>\n<p><strong>PROPRI\u00c9T\u00c9S :<\/strong><\/p>\n<ul>\n<li>Excellentes propri\u00e9t\u00e9s lubrifiantes EP et anti-usure.<\/li>\n<li>Grande stabilit\u00e9 \u00e0 l&rsquo;oxydation et au vieillissement.<\/li>\n<li>Tr\u00e8s bonne s\u00e9paration de l&rsquo;eau.<\/li>\n<li>Mousse minimale et s\u00e9paration facile de l&rsquo;eau.<\/li>\n<li>Bonne protection contre la corrosion.<\/li>\n<li>Indice de viscosit\u00e9 naturelle \u00e9lev\u00e9.<\/li>\n<li>Produit microfiltr\u00e9.<\/li>\n<\/ul>\n<p><strong>CANDIDATURES :<\/strong><\/p>\n<p>Il s&rsquo;agit d&rsquo;un fluide de lubrification extr\u00eame, fonctionnant \u00e0 haute pression et \u00e0 haute temp\u00e9rature, qui assure une \u00e9tanch\u00e9it\u00e9 optimale dans les syst\u00e8mes rotatifs et la transmission de puissance dans les corps d&rsquo;aspiration travaillant dans des conditions de temp\u00e9rature s\u00e9v\u00e8res. Les viscosit\u00e9s plus faibles permettent de lubrifier les circuits pneumatiques.<\/p>\n<p><strong>DES SP\u00c9CIFICATIONS :<\/strong><\/p>\n<ul>\n<li>Contenu 5 Lt<\/li>\n<li>DIN 51524 partie II et III HLP<\/li>\n<li>AFNOR NF E 48-603 HM<\/li>\n<li>Denison Hydraulics HF-0 (essai de pompe hybride T6H20C, s\u00e8che et humide), HF-1, HF-2<\/li>\n<li>Eaton Vickers I-286-S, M-2950-S, Cincinnati Machine P-68, P-69, P-70<\/li>\n<li>U.S. Steel 127, 136<\/li>\n<\/ul>\n","protected":false},"excerpt":{"rendered":"<table class=\"tftable\" style=\"margin-left: 40px;\" border=\"1\">\n<tbody>\n<tr>\n<th style=\"text-align: center;\"><strong>CARACT\u00c9RISTIQUES<\/strong><\/th>\n<th style=\"text-align: center;\"><strong>NORMES<\/strong><\/th>\n<th style=\"text-align: center;\"><strong>SAE-40<\/strong><\/th>\n<\/tr>\n<tr>\n<td style=\"text-align: left; padding-left: 40px;\">Densit\u00e9 \u00e0 15\u00baC g\/cm 3<\/td>\n<td style=\"text-align: left; padding-left: 40px;\">ISO 3675\/ATSM D-1298<\/td>\n<td style=\"text-align: left; padding-left: 40px;\">0,86<\/td>\n<\/tr>\n<tr style=\"padding-left: 40px;\">\n<td style=\"padding-left: 40px;\">Viscosit\u00e9 \u00e0 40\u00baC, cSt<\/td>\n<td style=\"padding-left: 40px;\">ISO 3104\/ASTM D-445<\/td>\n<td style=\"padding-left: 40px;\">46<\/td>\n<\/tr>\n<tr style=\"padding-left: 40px;\">\n<td style=\"padding-left: 40px;\">Viscosit\u00e9 \u00e0 100\u00baC, cSt<\/td>\n<td style=\"padding-left: 40px;\">ISO 2592\/ASTM D-92<\/td>\n<td style=\"padding-left: 40px;\">200<\/td>\n<\/tr>\n<tr style=\"padding-left: 40px;\">\n<td style=\"padding-left: 40px;\">Indice de viscosit\u00e9<\/td>\n<td style=\"padding-left: 40px;\">ISO 3016\/ASTM D-97<\/td>\n<td style=\"padding-left: 40px;\">-18<\/td>\n<\/tr>\n<tr style=\"padding-left: 40px;\">\n<td style=\"padding-left: 40px;\">Point d&rsquo;\u00e9clair, \u00baC<\/td>\n<td style=\"padding-left: 40px;\">ISO 6614\/ASTM D-1401<\/td>\n<td style=\"padding-left: 40px;\">40\/40\/0 (20 min)<\/td>\n<\/tr>\n<tr style=\"padding-left: 40px;\">\n<td style=\"padding-left: 40px;\">Corrosion du cuivre<\/td>\n<td style=\"padding-left: 40px;\">ISO 6247\/ASTM D-892<\/td>\n<td style=\"padding-left: 40px;\">5\/0 &#8211; 5\/0 &#8211; 5\/0<\/td>\n<\/tr>\n<tr style=\"padding-left: 40px;\">\n<td style=\"padding-left: 40px;\">Indice d&rsquo;acidit\u00e9<\/td>\n<td style=\"padding-left: 40px;\">ASTM D-611<\/td>\n<td style=\"padding-left: 40px;\">120<\/td>\n<\/tr>\n<tr style=\"padding-left: 40px;\">\n<td style=\"padding-left: 40px;\">La d\u00e9s\u00e9mulsivit\u00e9<\/td>\n<td style=\"padding-left: 40px;\">ISO 6614\/ASTM D-1401<\/td>\n<td style=\"padding-left: 40px;\">40\/40\/0 (20 min)<\/td>\n<\/tr>\n<tr style=\"padding-left: 40px;\">\n<td style=\"padding-left: 40px;\">Phase-I, Phase-II, Phase-III mousse<\/td>\n<td style=\"padding-left: 40px;\">ISO 6247\/ASTM D-892<\/td>\n<td style=\"padding-left: 40px;\">5\/0 &#8211; 5\/0 &#8211; 5\/0<\/td>\n<\/tr>\n<\/tbody>\n<\/table>\n","protected":false},"featured_media":14524,"template":"","meta":[],"product_brand":[],"product_cat":[973,1072],"product_tag":[766],"class_list":{"0":"post-14521","1":"product","2":"type-product","3":"status-publish","4":"has-post-thumbnail","6":"product_cat-accesorios-fr","7":"product_cat-huiles","8":"product_tag-huile","10":"first","11":"instock","12":"shipping-taxable","13":"purchasable","14":"product-type-simple"},"aioseo_notices":[],"_links":{"self":[{"href":"https:\/\/www.aircompressormpc.com\/fr\/wp-json\/wp\/v2\/product\/14521","targetHints":{"allow":["GET"]}}],"collection":[{"href":"https:\/\/www.aircompressormpc.com\/fr\/wp-json\/wp\/v2\/product"}],"about":[{"href":"https:\/\/www.aircompressormpc.com\/fr\/wp-json\/wp\/v2\/types\/product"}],"wp:featuredmedia":[{"embeddable":true,"href":"https:\/\/www.aircompressormpc.com\/fr\/wp-json\/wp\/v2\/media\/14524"}],"wp:attachment":[{"href":"https:\/\/www.aircompressormpc.com\/fr\/wp-json\/wp\/v2\/media?parent=14521"}],"wp:term":[{"taxonomy":"product_brand","embeddable":true,"href":"https:\/\/www.aircompressormpc.com\/fr\/wp-json\/wp\/v2\/product_brand?post=14521"},{"taxonomy":"product_cat","embeddable":true,"href":"https:\/\/www.aircompressormpc.com\/fr\/wp-json\/wp\/v2\/product_cat?post=14521"},{"taxonomy":"product_tag","embeddable":true,"href":"https:\/\/www.aircompressormpc.com\/fr\/wp-json\/wp\/v2\/product_tag?post=14521"}],"curies":[{"name":"wp","href":"https:\/\/api.w.org\/{rel}","templated":true}]}}