{"id":14401,"date":"2023-04-12T11:43:05","date_gmt":"2023-04-12T11:43:05","guid":{"rendered":"https:\/\/www.aircompressormpc.com\/producto\/cd-head-600\/"},"modified":"2025-04-30T08:50:58","modified_gmt":"2025-04-30T08:50:58","slug":"cd-head-600","status":"publish","type":"product","link":"https:\/\/www.aircompressormpc.com\/fr\/producto\/cd-head-600\/","title":{"rendered":"T\u00caTES CDS-600"},"content":{"rendered":"<h1>T\u00eates de compresseur sans huile \u00e0 entra\u00eenement direct.<\/h1>\n<ul>\n<li>T\u00eate coaxiale \u00e0 deux cylindres \u00e0 1.400 tr\/min, avec corps en aluminium moul\u00e9, cylindres rev\u00eatus de c\u00e9ramique. Refroidissement par air forc\u00e9.<\/li>\n<li>Comprend : 6.102.135 Condensateur 18mF\/450V. 6.102.321 Amortisseur M-6.<\/li>\n<li>Facilit\u00e9 d&rsquo;utilisation.<\/li>\n<\/ul>\n<table class=\"table table-striped table-bordered attributes-table\" border=\"0\">\n<tbody>\n<tr>\n<th title=\"\" scope=\"col\" data-toggle=\"tooltip\" data-placement=\"top\" data-original-title=\"DN\">R\u00e9volutions<\/th>\n<td>1.400 tr\/min<\/td>\n<\/tr>\n<tr>\n<th title=\"\" scope=\"col\" data-toggle=\"tooltip\" data-placement=\"top\" data-original-title=\"M\/PG\">Pression<\/th>\n<td>9 Barre<\/td>\n<\/tr>\n<tr>\n<th title=\"\" scope=\"col\" data-toggle=\"tooltip\" data-placement=\"top\" data-original-title=\"M\/PG\">Puissance<\/th>\n<td>230\/50\/II<\/td>\n<\/tr>\n<tr>\n<th title=\"\" scope=\"col\" data-toggle=\"tooltip\" data-placement=\"top\" data-original-title=\"M\/PG\">Poids<\/th>\n<td>7.2 Kg<\/td>\n<\/tr>\n<tr>\n<th title=\"\" scope=\"col\" data-toggle=\"tooltip\" data-placement=\"top\" data-original-title=\"M\/PG\">Air aspir\u00e9<\/th>\n<td>90 L \/ min<\/td>\n<\/tr>\n<tr>\n<th title=\"\" scope=\"col\" data-toggle=\"tooltip\" data-placement=\"top\" data-original-title=\"M\/PG\">Capacit\u00e9 d&rsquo;huile<\/th>\n<td>Sans huile<\/td>\n<\/tr>\n<\/tbody>\n<\/table>\n<p>* Cette t\u00eate est livr\u00e9e sans huile afin d&rsquo;\u00e9viter toute fuite d&rsquo;huile pendant le transport.<\/p>\n<p><strong>Pi\u00e8ces de rechange pour la t\u00eate :<\/strong><\/p>\n<p>2.300.107 Filtre d&rsquo;aspiration 1\/2\u2033<br \/>\n2.300.132 Bidon d&rsquo;huile 1l<\/p>\n","protected":false},"excerpt":{"rendered":"<p><img loading=\"lazy\" decoding=\"async\" class=\"alignleft wp-image-14392 size-full\" src=\"https:\/\/www.aircompressormpc.com\/wp-content\/uploads\/2023\/04\/1.100.14.jpg\" alt=\"\" width=\"904\" height=\"437\" srcset=\"https:\/\/www.aircompressormpc.com\/wp-content\/uploads\/2023\/04\/1.100.14.jpg 904w, https:\/\/www.aircompressormpc.com\/wp-content\/uploads\/2023\/04\/1.100.14-300x145.jpg 300w, https:\/\/www.aircompressormpc.com\/wp-content\/uploads\/2023\/04\/1.100.14-768x371.jpg 768w, https:\/\/www.aircompressormpc.com\/wp-content\/uploads\/2023\/04\/1.100.14-600x290.jpg 600w, https:\/\/www.aircompressormpc.com\/wp-content\/uploads\/2023\/04\/1.100.14-64x31.jpg 64w\" sizes=\"auto, (max-width: 904px) 100vw, 904px\" \/><\/p>\n","protected":false},"featured_media":10035,"template":"","meta":[],"product_brand":[],"product_cat":[973,1174,1176],"product_tag":[1278],"class_list":{"0":"post-14401","1":"product","2":"type-product","3":"status-publish","4":"has-post-thumbnail","6":"product_cat-accesorios-fr","7":"product_cat-tetes-de-compresseur","8":"product_cat-tetes-sans-huile-silencieuses","9":"product_tag-tete","11":"first","12":"instock","13":"shipping-taxable","14":"purchasable","15":"product-type-simple"},"aioseo_notices":[],"_links":{"self":[{"href":"https:\/\/www.aircompressormpc.com\/fr\/wp-json\/wp\/v2\/product\/14401","targetHints":{"allow":["GET"]}}],"collection":[{"href":"https:\/\/www.aircompressormpc.com\/fr\/wp-json\/wp\/v2\/product"}],"about":[{"href":"https:\/\/www.aircompressormpc.com\/fr\/wp-json\/wp\/v2\/types\/product"}],"wp:featuredmedia":[{"embeddable":true,"href":"https:\/\/www.aircompressormpc.com\/fr\/wp-json\/wp\/v2\/media\/10035"}],"wp:attachment":[{"href":"https:\/\/www.aircompressormpc.com\/fr\/wp-json\/wp\/v2\/media?parent=14401"}],"wp:term":[{"taxonomy":"product_brand","embeddable":true,"href":"https:\/\/www.aircompressormpc.com\/fr\/wp-json\/wp\/v2\/product_brand?post=14401"},{"taxonomy":"product_cat","embeddable":true,"href":"https:\/\/www.aircompressormpc.com\/fr\/wp-json\/wp\/v2\/product_cat?post=14401"},{"taxonomy":"product_tag","embeddable":true,"href":"https:\/\/www.aircompressormpc.com\/fr\/wp-json\/wp\/v2\/product_tag?post=14401"}],"curies":[{"name":"wp","href":"https:\/\/api.w.org\/{rel}","templated":true}]}}