{"id":14363,"date":"2016-03-22T11:32:12","date_gmt":"2016-03-22T11:32:12","guid":{"rendered":"https:\/\/www.aircompressormpc.com\/producto\/tete-cds-210-tete-silenc-coaxiale\/"},"modified":"2024-06-21T10:15:56","modified_gmt":"2024-06-21T10:15:56","slug":"tete-cds-210-tete-silenc-coaxiale","status":"publish","type":"product","link":"https:\/\/www.aircompressormpc.com\/fr\/producto\/tete-cds-210-tete-silenc-coaxiale\/","title":{"rendered":"T\u00caTE CDS-210 T\u00caTE SILENC COAXIALE"},"content":{"rendered":"<h1>T\u00eates sans huile \u00e0 entra\u00eenement direct.<\/h1>\n<ul>\n<li>Nombre de tours : 1 400 tr\/min<\/li>\n<li>Pression : 10 Bar<\/li>\n<li>Puissance : 2 Hp\/ 0, Kw<\/li>\n<li>Poids : 16 Kg<\/li>\n<li>Admission d&rsquo;air : 220 L\/min<\/li>\n<\/ul>\n<p><strong>Pi\u00e8ces d\u00e9tach\u00e9es :<\/strong><\/p>\n<p><img loading=\"lazy\" decoding=\"async\" class=\" size-full wp-image-1774\" src=\"https:\/\/www.aircompressormpc.com\/wp-content\/uploads\/2021\/03\/recambios_1-100-09.jpg\" alt=\"\" width=\"250\" height=\"175\"><\/p>\n","protected":false},"excerpt":{"rendered":"<p><img loading=\"lazy\" decoding=\"async\" class=\"alignleft wp-image-12332 size-full\" src=\"https:\/\/www.aircompressormpc.com\/wp-content\/uploads\/2021\/03\/Captura-1.jpg\" alt=\"\" width=\"429\" height=\"290\" srcset=\"https:\/\/www.aircompressormpc.com\/wp-content\/uploads\/2021\/03\/Captura-1.jpg 429w, https:\/\/www.aircompressormpc.com\/wp-content\/uploads\/2021\/03\/Captura-1-300x203.jpg 300w, https:\/\/www.aircompressormpc.com\/wp-content\/uploads\/2021\/03\/Captura-1-64x43.jpg 64w\" sizes=\"auto, (max-width: 429px) 100vw, 429px\" \/><\/p>\n","protected":false},"featured_media":14358,"template":"","meta":[],"product_brand":[],"product_cat":[973,1174,1176],"product_tag":[786,1277],"class_list":{"0":"post-14363","1":"product","2":"type-product","3":"status-publish","4":"has-post-thumbnail","6":"product_cat-accesorios-fr","7":"product_cat-tetes-de-compresseur","8":"product_cat-tetes-sans-huile-silencieuses","9":"product_tag-2-hp-fr","10":"product_tag-tete-coaxiale","12":"first","13":"instock","14":"shipping-taxable","15":"purchasable","16":"product-type-simple"},"aioseo_notices":[],"_links":{"self":[{"href":"https:\/\/www.aircompressormpc.com\/fr\/wp-json\/wp\/v2\/product\/14363","targetHints":{"allow":["GET"]}}],"collection":[{"href":"https:\/\/www.aircompressormpc.com\/fr\/wp-json\/wp\/v2\/product"}],"about":[{"href":"https:\/\/www.aircompressormpc.com\/fr\/wp-json\/wp\/v2\/types\/product"}],"wp:featuredmedia":[{"embeddable":true,"href":"https:\/\/www.aircompressormpc.com\/fr\/wp-json\/wp\/v2\/media\/14358"}],"wp:attachment":[{"href":"https:\/\/www.aircompressormpc.com\/fr\/wp-json\/wp\/v2\/media?parent=14363"}],"wp:term":[{"taxonomy":"product_brand","embeddable":true,"href":"https:\/\/www.aircompressormpc.com\/fr\/wp-json\/wp\/v2\/product_brand?post=14363"},{"taxonomy":"product_cat","embeddable":true,"href":"https:\/\/www.aircompressormpc.com\/fr\/wp-json\/wp\/v2\/product_cat?post=14363"},{"taxonomy":"product_tag","embeddable":true,"href":"https:\/\/www.aircompressormpc.com\/fr\/wp-json\/wp\/v2\/product_tag?post=14363"}],"curies":[{"name":"wp","href":"https:\/\/api.w.org\/{rel}","templated":true}]}}