{"id":14210,"date":"2021-03-23T10:54:04","date_gmt":"2021-03-23T10:54:04","guid":{"rendered":"https:\/\/www.aircompressormpc.com\/producto\/tete-m-590\/"},"modified":"2025-04-30T08:55:39","modified_gmt":"2025-04-30T08:55:39","slug":"tete-m-590","status":"publish","type":"product","link":"https:\/\/www.aircompressormpc.com\/fr\/producto\/tete-m-590\/","title":{"rendered":"T\u00caTE M-590"},"content":{"rendered":"<h1><strong>T\u00eate de piston pour compresseur \u00e0 entra\u00eenement par courroie.<\/strong><\/h1>\n<ul>\n<li>T\u00eate \u00e0 double \u00e9tage avec refroidisseur et soupape de s\u00e9curit\u00e9 entre les \u00e9tages. Cylindre en fonte, carter et culasse en aluminium .<\/li>\n<li>Diam\u00e8tre de la poulie : \u00d8 430mm &#8211; 2xA.<\/li>\n<li>Facilit\u00e9 d&rsquo;utilisation.<\/li>\n<\/ul>\n<table class=\"table table-striped table-bordered attributes-table\" border=\"0\">\n<tbody>\n<tr>\n<th style=\"text-align: left;\" title=\"\" scope=\"col\" data-toggle=\"tooltip\" data-placement=\"top\" data-original-title=\"DN\">R\u00e9volutions<\/th>\n<td style=\"text-align: left;\">1 200 tr\/min<\/td>\n<\/tr>\n<tr>\n<th style=\"text-align: left;\" title=\"\" scope=\"col\" data-toggle=\"tooltip\" data-placement=\"top\" data-original-title=\"M\/PG\">Pression<\/th>\n<td>11 Bar<\/td>\n<\/tr>\n<tr>\n<th style=\"text-align: left;\" title=\"\" scope=\"col\" data-toggle=\"tooltip\" data-placement=\"top\" data-original-title=\"M\/PG\">Puissance<\/th>\n<td>5,5 Hp\/ 4 Kw<\/td>\n<\/tr>\n<tr>\n<th style=\"text-align: left;\" title=\"\" scope=\"col\" data-toggle=\"tooltip\" data-placement=\"top\" data-original-title=\"M\/PG\">Poids<\/th>\n<td>23 Kg<\/td>\n<\/tr>\n<tr>\n<th style=\"text-align: left;\" title=\"\" scope=\"col\" data-toggle=\"tooltip\" data-placement=\"top\" data-original-title=\"M\/PG\">Air aspir\u00e9<\/th>\n<td>653 L \/ min<\/td>\n<\/tr>\n<tr>\n<th title=\"\" scope=\"col\" data-toggle=\"tooltip\" data-placement=\"top\" data-original-title=\"M\/PG\">Capacit\u00e9 d&rsquo;huile<\/th>\n<td>2 500 ml<\/td>\n<\/tr>\n<tr>\n<th style=\"text-align: left;\" title=\"\" scope=\"col\" data-toggle=\"tooltip\" data-placement=\"top\" data-original-title=\"M\/PG\">Diam\u00e8tre de la poulie<\/th>\n<td style=\"text-align: left;\">430 mm<\/td>\n<\/tr>\n<\/tbody>\n<\/table>\n<p>* Cette t\u00eate est livr\u00e9e sans huile afin d&rsquo;\u00e9viter toute fuite d&rsquo;huile pendant le transport.<\/p>\n<p><strong>Pi\u00e8ces de rechange pour la t\u00eate :<\/strong><\/p>\n<p>2.300.107 Filtre d&rsquo;aspiration 1\/2\u2033<br \/>\n2.300.132 Bidon d&rsquo;huile 1l<\/p>\n","protected":false},"excerpt":{"rendered":"<p><img loading=\"lazy\" decoding=\"async\" class=\"alignleft wp-image-14312 size-full\" src=\"https:\/\/www.aircompressormpc.com\/wp-content\/uploads\/2021\/03\/1.100.56-2.jpg\" alt=\"\" width=\"684\" height=\"449\" srcset=\"https:\/\/www.aircompressormpc.com\/wp-content\/uploads\/2021\/03\/1.100.56-2.jpg 684w, https:\/\/www.aircompressormpc.com\/wp-content\/uploads\/2021\/03\/1.100.56-2-300x197.jpg 300w, https:\/\/www.aircompressormpc.com\/wp-content\/uploads\/2021\/03\/1.100.56-2-600x394.jpg 600w, https:\/\/www.aircompressormpc.com\/wp-content\/uploads\/2021\/03\/1.100.56-2-64x42.jpg 64w\" sizes=\"auto, (max-width: 684px) 100vw, 684px\" \/><\/p>\n","protected":false},"featured_media":1863,"template":"","meta":[],"product_brand":[],"product_cat":[973,1175,1174],"product_tag":[780,1277],"class_list":{"0":"post-14210","1":"product","2":"type-product","3":"status-publish","4":"has-post-thumbnail","6":"product_cat-accesorios-fr","7":"product_cat-tetes-dentrainement-par-courroie","8":"product_cat-tetes-de-compresseur","9":"product_tag-55-hp","10":"product_tag-tete-coaxiale","12":"first","13":"instock","14":"shipping-taxable","15":"purchasable","16":"product-type-simple"},"aioseo_notices":[],"_links":{"self":[{"href":"https:\/\/www.aircompressormpc.com\/fr\/wp-json\/wp\/v2\/product\/14210","targetHints":{"allow":["GET"]}}],"collection":[{"href":"https:\/\/www.aircompressormpc.com\/fr\/wp-json\/wp\/v2\/product"}],"about":[{"href":"https:\/\/www.aircompressormpc.com\/fr\/wp-json\/wp\/v2\/types\/product"}],"wp:featuredmedia":[{"embeddable":true,"href":"https:\/\/www.aircompressormpc.com\/fr\/wp-json\/wp\/v2\/media\/1863"}],"wp:attachment":[{"href":"https:\/\/www.aircompressormpc.com\/fr\/wp-json\/wp\/v2\/media?parent=14210"}],"wp:term":[{"taxonomy":"product_brand","embeddable":true,"href":"https:\/\/www.aircompressormpc.com\/fr\/wp-json\/wp\/v2\/product_brand?post=14210"},{"taxonomy":"product_cat","embeddable":true,"href":"https:\/\/www.aircompressormpc.com\/fr\/wp-json\/wp\/v2\/product_cat?post=14210"},{"taxonomy":"product_tag","embeddable":true,"href":"https:\/\/www.aircompressormpc.com\/fr\/wp-json\/wp\/v2\/product_tag?post=14210"}],"curies":[{"name":"wp","href":"https:\/\/api.w.org\/{rel}","templated":true}]}}