{"id":14170,"date":"2021-03-22T14:47:38","date_gmt":"2021-03-22T14:47:38","guid":{"rendered":"https:\/\/www.aircompressormpc.com\/producto\/tete-cc-348\/"},"modified":"2024-06-18T13:02:11","modified_gmt":"2024-06-18T13:02:11","slug":"tete-cc-348","status":"publish","type":"product","link":"https:\/\/www.aircompressormpc.com\/fr\/producto\/tete-cc-348\/","title":{"rendered":"T\u00caTE CC-348"},"content":{"rendered":"<h1><strong>T\u00eate de piston pour compresseur \u00e0 entra\u00eenement par courroie.<\/strong><\/h1>\n<ul>\n<li>T\u00eate \u00e0 double \u00e9tage avec refroidisseur et soupape de s\u00e9curit\u00e9 entre les \u00e9tages. Cylindre en fonte, carter et culasse en fonte d&rsquo;aluminium .<\/li>\n<li>Diam\u00e8tre de la poulie : \u00d8 300mm &#8211; 1xA.<\/li>\n<li>Facilit\u00e9 d&rsquo;utilisation.<\/li>\n<\/ul>\n<table class=\"table table-striped table-bordered attributes-table\" border=\"0\">\n<tbody>\n<tr>\n<th title=\"\" scope=\"col\" data-toggle=\"tooltip\" data-placement=\"top\" data-original-title=\"DN\">R\u00e9volutions<\/th>\n<td>1 450 tr\/min<\/td>\n<\/tr>\n<tr>\n<th title=\"\" scope=\"col\" data-toggle=\"tooltip\" data-placement=\"top\" data-original-title=\"M\/PG\">Pression<\/th>\n<td>10 Bar<\/td>\n<\/tr>\n<tr>\n<th title=\"\" scope=\"col\" data-toggle=\"tooltip\" data-placement=\"top\" data-original-title=\"M\/PG\">Puissance<\/th>\n<td>3 Hp\/ 2.25 Kw<\/td>\n<\/tr>\n<tr>\n<th title=\"\" scope=\"col\" data-toggle=\"tooltip\" data-placement=\"top\" data-original-title=\"M\/PG\">Poids<\/th>\n<td>12 Kg<\/td>\n<\/tr>\n<tr>\n<th title=\"\" scope=\"col\" data-toggle=\"tooltip\" data-placement=\"top\" data-original-title=\"M\/PG\">Air aspir\u00e9<\/th>\n<td>360 L \/ min<\/td>\n<\/tr>\n<tr>\n<th title=\"\" scope=\"col\" data-toggle=\"tooltip\" data-placement=\"top\" data-original-title=\"M\/PG\">Capacit\u00e9 d&rsquo;huile<\/th>\n<td>650 ml<\/td>\n<\/tr>\n<tr>\n<th title=\"\" scope=\"col\" data-toggle=\"tooltip\" data-placement=\"top\" data-original-title=\"M\/PG\">Diam\u00e8tre de la poulie<\/th>\n<td>350 mm<\/td>\n<\/tr>\n<\/tbody>\n<\/table>\n<p>* Cette t\u00eate est livr\u00e9e sans huile afin d&rsquo;\u00e9viter toute fuite d&rsquo;huile pendant le transport.<\/p>\n<p><strong>Pi\u00e8ces de rechange pour la t\u00eate :<\/strong><\/p>\n<p>2.300.107 Filtre d&rsquo;aspiration 1\/2\u2033<br \/>\n2.300.132 Bidon d&rsquo;huile 1l<\/p>\n","protected":false},"excerpt":{"rendered":"<p><img loading=\"lazy\" decoding=\"async\" class=\"alignleft wp-image-14164 size-full\" src=\"https:\/\/www.aircompressormpc.com\/wp-content\/uploads\/2021\/03\/1.100.19.jpg\" alt=\"\" width=\"682\" height=\"443\" srcset=\"https:\/\/www.aircompressormpc.com\/wp-content\/uploads\/2021\/03\/1.100.19.jpg 682w, https:\/\/www.aircompressormpc.com\/wp-content\/uploads\/2021\/03\/1.100.19-300x195.jpg 300w, https:\/\/www.aircompressormpc.com\/wp-content\/uploads\/2021\/03\/1.100.19-600x390.jpg 600w, https:\/\/www.aircompressormpc.com\/wp-content\/uploads\/2021\/03\/1.100.19-64x42.jpg 64w\" sizes=\"auto, (max-width: 682px) 100vw, 682px\" \/><\/p>\n","protected":false},"featured_media":1815,"template":"","meta":[],"product_brand":[],"product_cat":[973,1175,1174],"product_tag":[783,1277],"class_list":{"0":"post-14170","1":"product","2":"type-product","3":"status-publish","4":"has-post-thumbnail","6":"product_cat-accesorios-fr","7":"product_cat-tetes-dentrainement-par-courroie","8":"product_cat-tetes-de-compresseur","9":"product_tag-3-hp-fr","10":"product_tag-tete-coaxiale","12":"first","13":"instock","14":"shipping-taxable","15":"purchasable","16":"product-type-simple"},"aioseo_notices":[],"_links":{"self":[{"href":"https:\/\/www.aircompressormpc.com\/fr\/wp-json\/wp\/v2\/product\/14170","targetHints":{"allow":["GET"]}}],"collection":[{"href":"https:\/\/www.aircompressormpc.com\/fr\/wp-json\/wp\/v2\/product"}],"about":[{"href":"https:\/\/www.aircompressormpc.com\/fr\/wp-json\/wp\/v2\/types\/product"}],"wp:featuredmedia":[{"embeddable":true,"href":"https:\/\/www.aircompressormpc.com\/fr\/wp-json\/wp\/v2\/media\/1815"}],"wp:attachment":[{"href":"https:\/\/www.aircompressormpc.com\/fr\/wp-json\/wp\/v2\/media?parent=14170"}],"wp:term":[{"taxonomy":"product_brand","embeddable":true,"href":"https:\/\/www.aircompressormpc.com\/fr\/wp-json\/wp\/v2\/product_brand?post=14170"},{"taxonomy":"product_cat","embeddable":true,"href":"https:\/\/www.aircompressormpc.com\/fr\/wp-json\/wp\/v2\/product_cat?post=14170"},{"taxonomy":"product_tag","embeddable":true,"href":"https:\/\/www.aircompressormpc.com\/fr\/wp-json\/wp\/v2\/product_tag?post=14170"}],"curies":[{"name":"wp","href":"https:\/\/api.w.org\/{rel}","templated":true}]}}