{"id":14144,"date":"2021-03-23T10:45:08","date_gmt":"2021-03-23T10:45:08","guid":{"rendered":"https:\/\/www.aircompressormpc.com\/producto\/tete-m-570\/"},"modified":"2025-04-30T08:55:34","modified_gmt":"2025-04-30T08:55:34","slug":"tete-m-570","status":"publish","type":"product","link":"https:\/\/www.aircompressormpc.com\/fr\/producto\/tete-m-570\/","title":{"rendered":"T\u00caTE M-570"},"content":{"rendered":"<h1><strong>T\u00eate de piston pour compresseur \u00e0 entra\u00eenement par courroie.<\/strong><\/h1>\n<ul>\n<li>Nombre de tours : 1 400 tr\/min<\/li>\n<li>Pression : 10 Bar<\/li>\n<li>Puissance : 5,5 Hp\/ 4 Kw<\/li>\n<li>Poids : 15 Kg<\/li>\n<li>Admission d&rsquo;air : 550 L\/min<\/li>\n<li>Capacit\u00e9 d&rsquo;huile : 950ml<\/li>\n<li>Type de sangles : 1 x A<\/li>\n<li>Diam\u00e8tre de la poulie : 350 mm<\/li>\n<\/ul>\n<p>Note : Pour des raisons de transport, toutes les t\u00eates sont livr\u00e9es sans huile.<\/p>\n<p>&nbsp;<\/p>\n","protected":false},"excerpt":{"rendered":"<p><img loading=\"lazy\" decoding=\"async\" class=\"wp-image-6432 size-full alignleft\" src=\"https:\/\/www.aircompressormpc.com\/wp-content\/uploads\/2021\/03\/ICONO.jpg\" alt=\"\" width=\"339\" height=\"173\" srcset=\"https:\/\/www.aircompressormpc.com\/wp-content\/uploads\/2021\/03\/ICONO.jpg 339w, https:\/\/www.aircompressormpc.com\/wp-content\/uploads\/2021\/03\/ICONO-300x153.jpg 300w, https:\/\/www.aircompressormpc.com\/wp-content\/uploads\/2021\/03\/ICONO-64x33.jpg 64w\" sizes=\"auto, (max-width: 339px) 100vw, 339px\" \/><\/p>\n","protected":false},"featured_media":14143,"template":"","meta":[],"product_brand":[],"product_cat":[973,1175,1174],"product_tag":[786,1277],"class_list":{"0":"post-14144","1":"product","2":"type-product","3":"status-publish","4":"has-post-thumbnail","6":"product_cat-accesorios-fr","7":"product_cat-tetes-dentrainement-par-courroie","8":"product_cat-tetes-de-compresseur","9":"product_tag-2-hp-fr","10":"product_tag-tete-coaxiale","12":"first","13":"instock","14":"shipping-taxable","15":"purchasable","16":"product-type-simple"},"aioseo_notices":[],"_links":{"self":[{"href":"https:\/\/www.aircompressormpc.com\/fr\/wp-json\/wp\/v2\/product\/14144","targetHints":{"allow":["GET"]}}],"collection":[{"href":"https:\/\/www.aircompressormpc.com\/fr\/wp-json\/wp\/v2\/product"}],"about":[{"href":"https:\/\/www.aircompressormpc.com\/fr\/wp-json\/wp\/v2\/types\/product"}],"wp:featuredmedia":[{"embeddable":true,"href":"https:\/\/www.aircompressormpc.com\/fr\/wp-json\/wp\/v2\/media\/14143"}],"wp:attachment":[{"href":"https:\/\/www.aircompressormpc.com\/fr\/wp-json\/wp\/v2\/media?parent=14144"}],"wp:term":[{"taxonomy":"product_brand","embeddable":true,"href":"https:\/\/www.aircompressormpc.com\/fr\/wp-json\/wp\/v2\/product_brand?post=14144"},{"taxonomy":"product_cat","embeddable":true,"href":"https:\/\/www.aircompressormpc.com\/fr\/wp-json\/wp\/v2\/product_cat?post=14144"},{"taxonomy":"product_tag","embeddable":true,"href":"https:\/\/www.aircompressormpc.com\/fr\/wp-json\/wp\/v2\/product_tag?post=14144"}],"curies":[{"name":"wp","href":"https:\/\/api.w.org\/{rel}","templated":true}]}}