{"id":14049,"date":"2022-09-15T07:00:49","date_gmt":"2022-09-15T07:00:49","guid":{"rendered":"https:\/\/www.aircompressormpc.com\/producto\/tete-coaxiale-cd-300\/"},"modified":"2025-04-30T08:53:09","modified_gmt":"2025-04-30T08:53:09","slug":"tete-coaxiale-cd-300","status":"publish","type":"product","link":"https:\/\/www.aircompressormpc.com\/fr\/producto\/tete-coaxiale-cd-300\/","title":{"rendered":"T\u00caTE COAXIALE CDS-300"},"content":{"rendered":"<h1><span style=\"color: #ff0000;\"><strong>T\u00eate coaxiale \u00e0 entra\u00eenement direct pour le compresseur.<\/strong><\/span><\/h1>\n<ul>\n<li>T\u00eate cylindrique coaxiale \u00e0 2.850 tr\/min, avec corps en aluminium moul\u00e9 pour une meilleure dissipation de la chaleur, cylindres rev\u00eatus de c\u00e9ramique.<\/li>\n<li>Refroidissement par air forc\u00e9.<\/li>\n<\/ul>\n<table class=\"table table-striped table-bordered attributes-table\" style=\"height: 108px; width: 296px; border-style: none;\" border=\"0\">\n<tbody>\n<tr style=\"height: 18px;\">\n<th style=\"width: 171.958px; height: 18px;\" title=\"\" scope=\"col\" data-toggle=\"tooltip\" data-placement=\"top\" data-original-title=\"DN\">R\u00e9volutions<\/th>\n<td style=\"width: 110.708px; height: 18px; text-align: left;\">2.850 tr\/min<\/td>\n<\/tr>\n<tr style=\"height: 18px;\">\n<th style=\"width: 171.958px; height: 18px;\" title=\"\" scope=\"col\" data-toggle=\"tooltip\" data-placement=\"top\" data-original-title=\"M\/PG\">Pression<\/th>\n<td style=\"width: 110.708px; height: 18px; text-align: left;\">8 Bar<\/td>\n<\/tr>\n<tr style=\"height: 18px;\">\n<th style=\"width: 171.958px; height: 18px;\" title=\"\" scope=\"col\" data-toggle=\"tooltip\" data-placement=\"top\" data-original-title=\"M\/PG\">Puissance<\/th>\n<td style=\"width: 110.708px; height: 18px; text-align: left;\">3 Hp\/ 2,25 Kw<\/td>\n<\/tr>\n<tr style=\"height: 18px;\">\n<th style=\"width: 171.958px; height: 18px;\" title=\"\" scope=\"col\" data-toggle=\"tooltip\" data-placement=\"top\" data-original-title=\"M\/PG\">Poids<\/th>\n<td style=\"width: 110.708px; height: 18px; text-align: left;\">19.5 Kg<\/td>\n<\/tr>\n<tr style=\"height: 18px;\">\n<th style=\"width: 171.958px; height: 18px;\" title=\"\" scope=\"col\" data-toggle=\"tooltip\" data-placement=\"top\" data-original-title=\"M\/PG\">Air aspir\u00e9<\/th>\n<td style=\"width: 110.708px; height: 18px; text-align: left;\">350 L \/ min<\/td>\n<\/tr>\n<tr style=\"height: 18px;\">\n<th style=\"width: 171.958px; height: 18px;\" title=\"\" scope=\"col\" data-toggle=\"tooltip\" data-placement=\"top\" data-original-title=\"M\/PG\">Capacit\u00e9 d&rsquo;huile<\/th>\n<td style=\"width: 110.708px; height: 18px; text-align: left;\">450 ml<\/td>\n<\/tr>\n<\/tbody>\n<\/table>\n<p>* Cette t\u00eate est livr\u00e9e sans huile afin d&rsquo;\u00e9viter toute fuite d&rsquo;huile pendant le transport.<\/p>\n<p><strong>Pi\u00e8ces de rechange pour la t\u00eate :<\/strong><\/p>\n<p>2.300.107 Filtre d&rsquo;aspiration 1\/2&Prime;.<br \/>\n6.100.712 Joint de culasse<br \/>\n6.100.191 Plaques de soupapes<br \/>\n2.300.132 Bidon d&rsquo;huile 1l<\/p>\n","protected":false},"excerpt":{"rendered":"<p><img loading=\"lazy\" decoding=\"async\" class=\"alignleft wp-image-14046 size-full\" src=\"https:\/\/www.aircompressormpc.com\/wp-content\/uploads\/2022\/09\/1.100.34.jpg\" alt=\"\" width=\"664\" height=\"437\" srcset=\"https:\/\/www.aircompressormpc.com\/wp-content\/uploads\/2022\/09\/1.100.34.jpg 664w, https:\/\/www.aircompressormpc.com\/wp-content\/uploads\/2022\/09\/1.100.34-300x197.jpg 300w, https:\/\/www.aircompressormpc.com\/wp-content\/uploads\/2022\/09\/1.100.34-600x395.jpg 600w, https:\/\/www.aircompressormpc.com\/wp-content\/uploads\/2022\/09\/1.100.34-64x42.jpg 64w\" sizes=\"auto, (max-width: 664px) 100vw, 664px\" \/><\/p>\n","protected":false},"featured_media":6399,"template":"","meta":[],"product_brand":[],"product_cat":[973,1177,1174],"product_tag":[783,1277],"class_list":{"0":"post-14049","1":"product","2":"type-product","3":"status-publish","4":"has-post-thumbnail","6":"product_cat-accesorios-fr","7":"product_cat-tetes-a-entrainement-direct","8":"product_cat-tetes-de-compresseur","9":"product_tag-3-hp-fr","10":"product_tag-tete-coaxiale","12":"first","13":"instock","14":"shipping-taxable","15":"purchasable","16":"product-type-simple"},"aioseo_notices":[],"_links":{"self":[{"href":"https:\/\/www.aircompressormpc.com\/fr\/wp-json\/wp\/v2\/product\/14049","targetHints":{"allow":["GET"]}}],"collection":[{"href":"https:\/\/www.aircompressormpc.com\/fr\/wp-json\/wp\/v2\/product"}],"about":[{"href":"https:\/\/www.aircompressormpc.com\/fr\/wp-json\/wp\/v2\/types\/product"}],"wp:featuredmedia":[{"embeddable":true,"href":"https:\/\/www.aircompressormpc.com\/fr\/wp-json\/wp\/v2\/media\/6399"}],"wp:attachment":[{"href":"https:\/\/www.aircompressormpc.com\/fr\/wp-json\/wp\/v2\/media?parent=14049"}],"wp:term":[{"taxonomy":"product_brand","embeddable":true,"href":"https:\/\/www.aircompressormpc.com\/fr\/wp-json\/wp\/v2\/product_brand?post=14049"},{"taxonomy":"product_cat","embeddable":true,"href":"https:\/\/www.aircompressormpc.com\/fr\/wp-json\/wp\/v2\/product_cat?post=14049"},{"taxonomy":"product_tag","embeddable":true,"href":"https:\/\/www.aircompressormpc.com\/fr\/wp-json\/wp\/v2\/product_tag?post=14049"}],"curies":[{"name":"wp","href":"https:\/\/api.w.org\/{rel}","templated":true}]}}