{"id":13923,"date":"2023-06-21T06:08:08","date_gmt":"2023-06-21T06:08:08","guid":{"rendered":"https:\/\/www.aircompressormpc.com\/producto\/compresseur-a-moteur-thunder-70k-25-l-2\/"},"modified":"2024-06-12T07:48:01","modified_gmt":"2024-06-12T07:48:01","slug":"compresseur-a-moteur-thunder-70k-25-l-2","status":"publish","type":"product","link":"https:\/\/www.aircompressormpc.com\/fr\/producto\/compresseur-a-moteur-thunder-70k-25-l-2\/","title":{"rendered":"COMPRESSEUR \u00c0 MOTEUR THUNDER 70K (25 L)"},"content":{"rendered":"<h2><span style=\"color: #ff0000;\">GAMME THUNDER<\/span><\/h2>\n<h2><span lang=\"en-us\" xml:lang=\"en-us\">Motocompresseur statique \u00e0 essence.<\/span><\/h2>\n<h3>KOHLER CH270 + moteur M280<\/h3>\n<p>Aujourd&rsquo;hui, nous vous pr\u00e9sentons la meilleure solution pour \u00e9quiper les camionnettes avec notre compresseur (330 lts\/min) + G\u00e9n\u00e9rateur 3 kV (AVR) parfait pour une petite assistance.<\/p>\n<p>Alternateur monophas\u00e9 de <strong>3,2 Kva<\/strong>, moteur Kohler de<strong> 6HP<\/strong> et t\u00eate en aluminium avec cylindre en fonte avec une aspiration de <strong>330 l\/min.<\/strong><\/p>\n<p><strong>Motocompresseur pour \u00e9quiper les camionnettes (330 lts\/min) + g\u00e9n\u00e9rateur 3 kV (AVR) parfait pour les petits v\u00e9hicules d&rsquo;assistance.<\/strong><\/p>\n<p>Equipement pour unit\u00e9 mobile avec moteur \u00e0 combustion KHOLER (S\u00e9rie CH) avec d\u00e9marreur \u00e9lectrique, refroidi par air. Mont\u00e9 sur une base en duraluminium, avec structure du r\u00e9servoir en aluminium, syst\u00e8me pendulaire du r\u00e9servoir 25 Lts\/ 10 Bar, ce qui permet de r\u00e9duire au minimum l&rsquo;effet des vibrations sur le r\u00e9servoir d&rsquo;air, c\u00f4t\u00e9s de la machine \u00e9galement en aluminium, con\u00e7us pour faciliter le verrouillage pour le transport.<\/p>\n<p>Incorpore un \u00e9quipement de filtrage et de lubrification de 1\/4&Prime;, avec des raccords \u00e0 d\u00e9gagement rapide. D\u00e9marreur \u00e9lectrique. Tension de sortie 220 V.<\/p>\n<p>COMPRESOR PARA FURGONETAS MPC<\/p>\n<table border=\"0\" frame=\"VOID\" rules=\"NONE\" cellspacing=\"0\">\n<colgroup>\n<col width=\"86\">\n<col width=\"86\">\n<col width=\"86\">\n<col width=\"86\">\n<col width=\"86\">\n<col width=\"86\">\n<col width=\"86\">\n<col width=\"86\">\n<col width=\"86\"><\/colgroup>\n<tbody>\n<tr>\n<td align=\"CENTER\" bgcolor=\"#CA1E16\" width=\"86\" height=\"32\"><span style=\"color: #ffffff; font-family: Futura Std Condensed;\">Code<\/span><\/td>\n<td align=\"CENTER\" bgcolor=\"#CA1E16\" width=\"86\"><span style=\"color: #ffffff; font-family: Futura Std Condensed;\">Mod\u00e8le<br \/>\n<\/span><\/td>\n<td align=\"CENTER\" bgcolor=\"#CA1E16\" width=\"86\"><i><span style=\"color: #ffffff; font-family: Futura Std Condensed;\">Litres<\/span><\/i><\/td>\n<td align=\"CENTER\" bgcolor=\"#CA1E16\" width=\"86\"><i><span style=\"color: #ffffff; font-family: Futura Std Condensed;\">Air aspir\u00e9<\/span><\/i><\/td>\n<td align=\"CENTER\" bgcolor=\"#CA1E16\" width=\"86\"><i><span style=\"color: #ffffff; font-family: Futura Std Condensed;\">Puissance (HP)<\/span><\/i><\/td>\n<td align=\"CENTER\" bgcolor=\"#CA1E16\" width=\"86\"><i><span style=\"color: #ffffff; font-family: Futura Std Condensed;\">P.max.<br \/>\n(Bar)<\/span><\/i><\/td>\n<td align=\"CENTER\" bgcolor=\"#CA1E16\" width=\"86\"><span style=\"color: #ffffff; font-family: Futura Std Condensed;\">Poids (Kg)<\/span><\/td>\n<td align=\"CENTER\" bgcolor=\"#CA1E16\" width=\"86\"><i><span style=\"color: #ffffff; font-family: Futura Std Condensed;\">Longueur\/largeur\/hauteur (cm)<\/span><\/i><\/td>\n<td align=\"CENTER\" bgcolor=\"#CA1E16\" width=\"86\"><span style=\"color: #ffffff; font-family: Futura Std Condensed;\">D\u00e9but<\/span><\/td>\n<\/tr>\n<tr>\n<td align=\"CENTER\" bgcolor=\"#DCE2EB\" height=\"17\"><b><span style=\"color: #ca1e16; font-family: Futura Std Condensed;\">1.162.233<\/span><\/b><\/td>\n<td align=\"CENTER\"><b><span style=\"color: #ca1e16; font-family: Futura Std Condensed;\">TONNERRE 70K 25L<\/span><\/b><\/td>\n<td align=\"CENTER\"><span style=\"color: #000000; font-family: Futura Std Condensed;\">25<\/span><\/td>\n<td align=\"CENTER\"><span style=\"color: #000000; font-family: Futura Std Condensed;\">330<\/span><\/td>\n<td align=\"CENTER\"><span style=\"color: #000000; font-family: Futura Std Condensed;\">6,5<\/span><\/td>\n<td align=\"CENTER\"><span style=\"color: #000000; font-family: Futura Std Condensed;\">11<\/span><\/td>\n<td align=\"CENTER\"><span style=\"color: #000000; font-family: Futura Std Condensed;\">55<\/span><\/td>\n<td align=\"CENTER\"><span style=\"color: #000000; font-family: Futura Std Condensed;\">74 x 33 x 65<\/span><\/td>\n<td align=\"CENTER\"><span style=\"color: #ca1e16; font-family: Futura Std Condensed;\">\u00c9lectricit\u00e9<\/span><\/td>\n<\/tr>\n<\/tbody>\n<\/table>\n<p>&nbsp;<\/p>\n","protected":false},"excerpt":{"rendered":"<p>&nbsp;<\/p>\n<h3><img loading=\"lazy\" decoding=\"async\" class=\"alignleft wp-image-10505 size-full\" src=\"https:\/\/www.aircompressormpc.com\/wp-content\/uploads\/2023\/06\/iconos-thunder70.jpg\" alt=\"\" width=\"585\" height=\"280\" srcset=\"https:\/\/www.aircompressormpc.com\/wp-content\/uploads\/2023\/06\/iconos-thunder70.jpg 585w, https:\/\/www.aircompressormpc.com\/wp-content\/uploads\/2023\/06\/iconos-thunder70-300x144.jpg 300w, https:\/\/www.aircompressormpc.com\/wp-content\/uploads\/2023\/06\/iconos-thunder70-64x31.jpg 64w\" sizes=\"auto, (max-width: 585px) 100vw, 585px\" \/><\/h3>\n","protected":false},"featured_media":4272,"template":"","meta":[],"product_brand":[],"product_cat":[679,681,680],"product_tag":[764,799,803,682,800,802,801,694],"class_list":{"0":"post-13923","1":"product","2":"type-product","3":"status-publish","4":"has-post-thumbnail","6":"product_cat-motocompresseurs","7":"product_cat-serie-thunder","8":"product_cat-unites-mobiles","9":"product_tag-25-litres-fr","10":"product_tag-330-l-min-fr","11":"product_tag-6hp-fr","12":"product_tag-compresseur-fr","13":"product_tag-kohler-fr","14":"product_tag-moteur-a-essence-fr","15":"product_tag-motocompresseur","16":"product_tag-tonnerre","18":"first","19":"instock","20":"shipping-taxable","21":"purchasable","22":"product-type-simple"},"aioseo_notices":[],"_links":{"self":[{"href":"https:\/\/www.aircompressormpc.com\/fr\/wp-json\/wp\/v2\/product\/13923","targetHints":{"allow":["GET"]}}],"collection":[{"href":"https:\/\/www.aircompressormpc.com\/fr\/wp-json\/wp\/v2\/product"}],"about":[{"href":"https:\/\/www.aircompressormpc.com\/fr\/wp-json\/wp\/v2\/types\/product"}],"wp:featuredmedia":[{"embeddable":true,"href":"https:\/\/www.aircompressormpc.com\/fr\/wp-json\/wp\/v2\/media\/4272"}],"wp:attachment":[{"href":"https:\/\/www.aircompressormpc.com\/fr\/wp-json\/wp\/v2\/media?parent=13923"}],"wp:term":[{"taxonomy":"product_brand","embeddable":true,"href":"https:\/\/www.aircompressormpc.com\/fr\/wp-json\/wp\/v2\/product_brand?post=13923"},{"taxonomy":"product_cat","embeddable":true,"href":"https:\/\/www.aircompressormpc.com\/fr\/wp-json\/wp\/v2\/product_cat?post=13923"},{"taxonomy":"product_tag","embeddable":true,"href":"https:\/\/www.aircompressormpc.com\/fr\/wp-json\/wp\/v2\/product_tag?post=13923"}],"curies":[{"name":"wp","href":"https:\/\/api.w.org\/{rel}","templated":true}]}}