{"id":13919,"date":"2015-09-17T12:50:22","date_gmt":"2015-09-17T12:50:22","guid":{"rendered":"https:\/\/www.aircompressormpc.com\/producto\/compresseur-strade-37\/"},"modified":"2024-06-13T09:24:43","modified_gmt":"2024-06-13T09:24:43","slug":"compresseur-strade-37","status":"publish","type":"product","link":"https:\/\/www.aircompressormpc.com\/fr\/producto\/compresseur-strade-37\/","title":{"rendered":"COMPRESSEUR STRADE 37"},"content":{"rendered":"<h2><span style=\"color: #c30202;\"><strong>S\u00e9rie STRADE. STRADE-37 HONDA 4 Hp\/24 Lts compresseurs \u00e0 essence<\/strong><\/span><\/h2>\n<p><strong>Toute la puissance et les performances d&rsquo;un moteur Honda dans une machine compacte. Nos compresseurs de la s\u00e9rie STRADEpermettent des d\u00e9bits d&rsquo;air \u00e9lev\u00e9s.<\/strong><\/p>\n<p>Ce compresseur facilement transportable vous permet d&rsquo;\u00eatre pr\u00eat dans n&rsquo;importe quelle situation et \u00e0 n&rsquo;importe quel endroit pour les travaux qui n\u00e9cessitent beaucoup d&rsquo;\u00e9nergie.<\/p>\n<p>R\u00e9servoir de 24 litres.<\/p>\n<p>&nbsp;<\/p>\n","protected":false},"excerpt":{"rendered":"<p><img loading=\"lazy\" decoding=\"async\" class=\"alignleft wp-image-13909 size-full\" src=\"https:\/\/www.aircompressormpc.com\/wp-content\/uploads\/2015\/09\/1.100.071-1.jpg\" alt=\"\" width=\"760\" height=\"308\" srcset=\"https:\/\/www.aircompressormpc.com\/wp-content\/uploads\/2015\/09\/1.100.071-1.jpg 760w, https:\/\/www.aircompressormpc.com\/wp-content\/uploads\/2015\/09\/1.100.071-1-300x122.jpg 300w, https:\/\/www.aircompressormpc.com\/wp-content\/uploads\/2015\/09\/1.100.071-1-600x243.jpg 600w, https:\/\/www.aircompressormpc.com\/wp-content\/uploads\/2015\/09\/1.100.071-1-64x26.jpg 64w\" sizes=\"auto, (max-width: 760px) 100vw, 760px\" \/><\/p>\n","protected":false},"featured_media":9716,"template":"","meta":[],"product_brand":[],"product_cat":[679,1123,1259,705,45],"product_tag":[1261,1260,686],"class_list":{"0":"post-13919","1":"product","2":"type-product","3":"status-publish","4":"has-post-thumbnail","6":"product_cat-motocompresseurs","7":"product_cat-ordinateur-portable","8":"product_cat-serie-strade-petrol","9":"product_cat-strade-fr","10":"product_cat-inicio-fr","11":"product_tag-20-litres","12":"product_tag-automat-fr","13":"product_tag-essence-fr","15":"first","16":"instock","17":"shipping-taxable","18":"purchasable","19":"product-type-simple"},"aioseo_notices":[],"_links":{"self":[{"href":"https:\/\/www.aircompressormpc.com\/fr\/wp-json\/wp\/v2\/product\/13919","targetHints":{"allow":["GET"]}}],"collection":[{"href":"https:\/\/www.aircompressormpc.com\/fr\/wp-json\/wp\/v2\/product"}],"about":[{"href":"https:\/\/www.aircompressormpc.com\/fr\/wp-json\/wp\/v2\/types\/product"}],"wp:featuredmedia":[{"embeddable":true,"href":"https:\/\/www.aircompressormpc.com\/fr\/wp-json\/wp\/v2\/media\/9716"}],"wp:attachment":[{"href":"https:\/\/www.aircompressormpc.com\/fr\/wp-json\/wp\/v2\/media?parent=13919"}],"wp:term":[{"taxonomy":"product_brand","embeddable":true,"href":"https:\/\/www.aircompressormpc.com\/fr\/wp-json\/wp\/v2\/product_brand?post=13919"},{"taxonomy":"product_cat","embeddable":true,"href":"https:\/\/www.aircompressormpc.com\/fr\/wp-json\/wp\/v2\/product_cat?post=13919"},{"taxonomy":"product_tag","embeddable":true,"href":"https:\/\/www.aircompressormpc.com\/fr\/wp-json\/wp\/v2\/product_tag?post=13919"}],"curies":[{"name":"wp","href":"https:\/\/api.w.org\/{rel}","templated":true}]}}