{"id":13809,"date":"2024-06-07T10:32:41","date_gmt":"2024-06-07T10:32:41","guid":{"rendered":"https:\/\/www.aircompressormpc.com\/producto\/huile-lubrifiante-pour-pneumatique-1l\/"},"modified":"2024-07-22T10:32:29","modified_gmt":"2024-07-22T10:32:29","slug":"huile-lubrifiante-pour-pneumatique-1l","status":"publish","type":"product","link":"https:\/\/www.aircompressormpc.com\/fr\/producto\/huile-lubrifiante-pour-pneumatique-1l\/","title":{"rendered":"HUILE DE LUBRIFICATION POUR H. PNEUMATIQUE 1 L."},"content":{"rendered":"<h2><span style=\"color: #ff0000;\">Bidon d&rsquo;huile blanche AV-60\/T, 1 litre.<\/span><\/h2>\n<h2>Huile de qualit\u00e9 FDA, lubrifiant sp\u00e9cial pour outils pneumatiques, convenant \u00e0 tous les types d&rsquo;outils.<\/h2>\n<p>Les huiles blanches techniques FDA sont des produits cr\u00e9\u00e9s pour compl\u00e9ter la gamme des huiles blanches m\u00e9dicamenteuses.<br \/>\nIl convient \u00e0 tous les proc\u00e9d\u00e9s n\u00e9cessitant une huile hautement raffin\u00e9e.<\/p>\n<p><strong>Propri\u00e9t\u00e9s :<\/strong><\/p>\n<ul>\n<li>Stabilit\u00e9 \u00e0 la lumi\u00e8re et \u00e0 la chaleur.<\/li>\n<li>Inertie chimique.<\/li>\n<li>Sans danger pour la manipulation.<\/li>\n<li> Caract\u00e9ristiques optimales de graissage et d&rsquo;huilage.<\/li>\n<li> R\u00e9sistance naturelle \u00e0 l&rsquo;oxydation et au vieillissement.<\/li>\n<li> Peu moussant.<\/li>\n<li>Bonne protection contre la corrosion.<\/li>\n<li> Indice de viscosit\u00e9 naturel \u00e9lev\u00e9.<\/li>\n<\/ul>\n<p><strong>Applications :<\/strong><\/p>\n<p>Le produit ACEITE BLANCO AV-60\/T est utilis\u00e9 dans la fabrication d&#8217;emballages susceptibles d&rsquo;entrer en contact avec des denr\u00e9es alimentaires. Elle peut \u00eatre utilis\u00e9e dans tous les types d&rsquo;industries o\u00f9 une huile de traitement hautement raffin\u00e9e, presque incolore, de type paraffinique est n\u00e9cessaire.<br \/>\nIl est utilis\u00e9 comme base pour la fabrication de produits chimiques, de lubrifiants, de proc\u00e9d\u00e9s textiles, d&rsquo;agents de d\u00e9moulage du b\u00e9ton et d&rsquo;agents de d\u00e9moulage.<br \/>\nIl est \u00e9galement utilis\u00e9 pour la lubrification g\u00e9n\u00e9rale et le graissage de tous les types de composants et de machines.<\/p>\n<p><strong>Sp\u00e9cifications :<\/strong><\/p>\n<ul>\n<li>Contenu 1 Lt<\/li>\n<li>FDA 178.3620 (c).<\/li>\n<\/ul>\n<p>&nbsp;<\/p>\n<p>&nbsp;<\/p>\n","protected":false},"excerpt":{"rendered":"<table class=\"tftable\" style=\"margin-left: 40px;\" border=\"1\">\n<tbody>\n<tr>\n<th style=\"text-align: center;\"><strong>CARACT\u00c9RISTIQUES<\/strong><\/th>\n<th style=\"text-align: center;\"><strong>NORMES<\/strong><\/th>\n<th style=\"text-align: center;\"><strong>SAE-40<\/strong><\/th>\n<\/tr>\n<tr>\n<td style=\"text-align: left; padding-left: 40px;\">ASPECT<\/td>\n<td style=\"text-align: left; padding-left: 40px;\">DB.1<\/td>\n<td style=\"text-align: left; padding-left: 40px;\">LIQUIDE CLAIR<\/td>\n<\/tr>\n<tr style=\"padding-left: 40px;\">\n<td style=\"padding-left: 40px;\">COULEUR SAYBOLT<\/td>\n<td style=\"padding-left: 40px;\">ASTM D-156<\/td>\n<td style=\"padding-left: 40px;\">+30<\/td>\n<\/tr>\n<tr style=\"padding-left: 40px;\">\n<td style=\"padding-left: 40px;\">DENSIT\u00c9 \u00c0 20\u00baC g\/cm3<\/td>\n<td style=\"padding-left: 40px;\">ISO 3675 \/ ASTM D-1298<\/td>\n<td style=\"padding-left: 40px;\">0,83 a 0,87<\/td>\n<\/tr>\n<tr style=\"padding-left: 40px;\">\n<td style=\"padding-left: 40px;\">VISCOSIT\u00c9, 40\u00baC, cSt.<\/td>\n<td style=\"padding-left: 40px;\">ISO 3104 \/ ASTM D-445<\/td>\n<td style=\"padding-left: 40px;\">11,5 a 14<\/td>\n<\/tr>\n<tr style=\"padding-left: 40px;\">\n<td style=\"padding-left: 40px;\">POINT D&rsquo;\u00c9CLAIR, \u00baC<\/td>\n<td style=\"padding-left: 40px;\">ISO 2592 \/ ASTM D-92<\/td>\n<td style=\"padding-left: 40px;\">&gt;180<\/td>\n<\/tr>\n<tr style=\"padding-left: 40px;\">\n<td style=\"padding-left: 40px;\">POINT DE CONG\u00c9LATION, \u00baC.<\/td>\n<td style=\"padding-left: 40px;\">ISO 3016 \/ ASTM D-97<\/td>\n<td style=\"padding-left: 40px;\">&lt;-30<\/td>\n<\/tr>\n<\/tbody>\n<\/table>\n","protected":false},"featured_media":14605,"template":"","meta":[],"product_brand":[],"product_cat":[973,1072],"product_tag":[766,1245],"class_list":{"0":"post-13809","1":"product","2":"type-product","3":"status-publish","4":"has-post-thumbnail","6":"product_cat-accesorios-fr","7":"product_cat-huiles","8":"product_tag-huile","9":"product_tag-lubrification","11":"first","12":"instock","13":"shipping-taxable","14":"purchasable","15":"product-type-simple"},"aioseo_notices":[],"_links":{"self":[{"href":"https:\/\/www.aircompressormpc.com\/fr\/wp-json\/wp\/v2\/product\/13809","targetHints":{"allow":["GET"]}}],"collection":[{"href":"https:\/\/www.aircompressormpc.com\/fr\/wp-json\/wp\/v2\/product"}],"about":[{"href":"https:\/\/www.aircompressormpc.com\/fr\/wp-json\/wp\/v2\/types\/product"}],"wp:featuredmedia":[{"embeddable":true,"href":"https:\/\/www.aircompressormpc.com\/fr\/wp-json\/wp\/v2\/media\/14605"}],"wp:attachment":[{"href":"https:\/\/www.aircompressormpc.com\/fr\/wp-json\/wp\/v2\/media?parent=13809"}],"wp:term":[{"taxonomy":"product_brand","embeddable":true,"href":"https:\/\/www.aircompressormpc.com\/fr\/wp-json\/wp\/v2\/product_brand?post=13809"},{"taxonomy":"product_cat","embeddable":true,"href":"https:\/\/www.aircompressormpc.com\/fr\/wp-json\/wp\/v2\/product_cat?post=13809"},{"taxonomy":"product_tag","embeddable":true,"href":"https:\/\/www.aircompressormpc.com\/fr\/wp-json\/wp\/v2\/product_tag?post=13809"}],"curies":[{"name":"wp","href":"https:\/\/api.w.org\/{rel}","templated":true}]}}