{"id":13693,"date":"2024-04-18T12:39:20","date_gmt":"2024-04-18T12:39:20","guid":{"rendered":"https:\/\/www.aircompressormpc.com\/producto\/motocompresor-thunder-130-d-monofasico-270-l\/"},"modified":"2025-02-28T12:05:04","modified_gmt":"2025-02-28T12:05:04","slug":"motocompresor-thunder-130-d-monofasico-270-l","status":"publish","type":"product","link":"https:\/\/www.aircompressormpc.com\/fr\/producto\/motocompresor-thunder-130-d-monofasico-270-l\/","title":{"rendered":"MOTEUR COMPRESSEUR THUNDER 130 D II (270 L)"},"content":{"rendered":"<h2><span style=\"color: #ff0000;\"><strong>La s\u00e9rie THUNDER. Compresseur monophas\u00e9. <\/strong><\/span><\/h2>\n<h2><span style=\"color: #000000;\"><strong>Compresseur avec g\u00e9n\u00e9rateur.<\/strong><\/span><\/h2>\n<p><strong>Motor 15LD440 + M600<\/strong><\/p>\n<p>Motocompresseur 270Lts pour v\u00e9hicule d&rsquo;assistance avec aspiration de 900 lts\/min. et pression maximale de 12 Bar, int\u00e9grant un g\u00e9n\u00e9rateur 5 Kva\/II avec AVR.<\/p>\n<table border=\"0\" frame=\"VOID\" rules=\"NONE\" cellspacing=\"0\">\n<colgroup>\n<col width=\"86\" \/>\n<col width=\"86\" \/>\n<col width=\"86\" \/>\n<col width=\"86\" \/>\n<col width=\"86\" \/>\n<col width=\"86\" \/>\n<col width=\"86\" \/>\n<col width=\"86\" \/>\n<col width=\"86\" \/>\n<col width=\"86\" \/><\/colgroup>\n<tbody>\n<tr>\n<td align=\"CENTER\" bgcolor=\"#CA1E16\" width=\"86\" height=\"32\"><span style=\"color: #ffffff; font-family: Futura Std Condensed;\">Code<\/span><\/td>\n<td align=\"CENTER\" bgcolor=\"#CA1E16\" width=\"86\"><span style=\"color: #ffffff; font-family: Futura Std Condensed;\">Mod\u00e8le<br \/>\n<\/span><\/td>\n<td align=\"CENTER\" bgcolor=\"#CA1E16\" width=\"86\"><i><span style=\"color: #ffffff; font-family: Futura Std Condensed;\">Litres<\/span><\/i><\/td>\n<td align=\"CENTER\" bgcolor=\"#CA1E16\" width=\"86\"><i><span style=\"color: #ffffff; font-family: Futura Std Condensed;\">G\u00e9n\u00e9rateur<\/span><\/i><\/td>\n<td align=\"CENTER\" bgcolor=\"#CA1E16\" width=\"86\"><i><span style=\"color: #ffffff; font-family: Futura Std Condensed;\">Air aspir\u00e9<\/span><\/i><\/td>\n<td align=\"CENTER\" bgcolor=\"#CA1E16\" width=\"86\"><i><span style=\"color: #ffffff; font-family: Futura Std Condensed;\">Tension de sortie<br \/>\n<\/span><\/i><\/td>\n<td align=\"CENTER\" bgcolor=\"#CA1E16\" width=\"86\"><i><span style=\"color: #ffffff; font-family: Futura Std Condensed;\">Puissance (HP)<\/span><\/i><\/td>\n<td align=\"CENTER\" bgcolor=\"#CA1E16\" width=\"86\"><i><span style=\"color: #ffffff; font-family: Futura Std Condensed;\">P.max.<br \/>\n(Bar)<\/span><\/i><\/td>\n<td align=\"CENTER\" bgcolor=\"#CA1E16\" width=\"86\"><i><span style=\"color: #ffffff; font-family: Futura Std Condensed;\">Longueur\/largeur\/hauteur (cm)<\/span><\/i><\/td>\n<td align=\"CENTER\" bgcolor=\"#CA1E16\" width=\"86\"><span style=\"color: #ffffff; font-family: Futura Std Condensed;\">D\u00e9but<\/span><\/td>\n<\/tr>\n<tr>\n<td align=\"CENTER\" bgcolor=\"#DCE2EB\" height=\"17\"><b><span style=\"color: #ca1e16; font-family: Futura Std Condensed;\">1.201.519<\/span><\/b><\/td>\n<td align=\"CENTER\"><b><span style=\"color: #ca1e16; font-family: Futura Std Condensed;\">THUNDER 130D MONOFASICO<\/span><\/b><\/td>\n<td align=\"CENTER\"><span style=\"color: #000000; font-family: Futura Std Condensed;\">270<\/span><\/td>\n<td align=\"LEFT\"><span style=\"color: #000000; font-family: Futura Std Condensed;\">5 Kva II<\/span><\/td>\n<td align=\"CENTER\"><span style=\"color: #000000; font-family: Futura Std Condensed;\">900<\/span><\/td>\n<td align=\"LEFT\"><span style=\"color: #000000; font-family: Futura Std Condensed;\">230V &#8211; 50 Hz (II)<\/span><\/td>\n<td align=\"CENTER\"><span style=\"color: #000000; font-family: Futura Std Condensed;\">11<\/span><\/td>\n<td align=\"CENTER\"><span style=\"color: #000000; font-family: Futura Std Condensed;\">12<\/span><\/td>\n<td align=\"CENTER\"><span style=\"color: #000000; font-family: Futura Std Condensed;\"> 150 x 62 x 135<\/span><\/td>\n<td align=\"CENTER\"><span style=\"color: #ca1e16; font-family: Futura Std Condensed;\">\u00c9lectrique\/Manuel<\/span><\/td>\n<\/tr>\n<\/tbody>\n<\/table>\n<p>&nbsp;<\/p>\n","protected":false},"excerpt":{"rendered":"<p><img loading=\"lazy\" decoding=\"async\" class=\"alignleft wp-image-16189 size-full\" src=\"https:\/\/www.aircompressormpc.com\/wp-content\/uploads\/2024\/04\/1.201.519-4.jpg\" alt=\"\" width=\"729\" height=\"285\" srcset=\"https:\/\/www.aircompressormpc.com\/wp-content\/uploads\/2024\/04\/1.201.519-4.jpg 729w, https:\/\/www.aircompressormpc.com\/wp-content\/uploads\/2024\/04\/1.201.519-4-300x117.jpg 300w, https:\/\/www.aircompressormpc.com\/wp-content\/uploads\/2024\/04\/1.201.519-4-600x235.jpg 600w, https:\/\/www.aircompressormpc.com\/wp-content\/uploads\/2024\/04\/1.201.519-4-64x25.jpg 64w\" sizes=\"auto, (max-width: 729px) 100vw, 729px\" \/><img loading=\"lazy\" decoding=\"async\" class=\" size-full wp-image-2834\" src=\"https:\/\/www.aircompressormpc.com\/wp-content\/uploads\/2021\/09\/AVR2.png\" alt=\"\" width=\"120\" height=\"58\" srcset=\"https:\/\/www.aircompressormpc.com\/wp-content\/uploads\/2021\/09\/AVR2.png 1706w, https:\/\/www.aircompressormpc.com\/wp-content\/uploads\/2021\/09\/AVR2-300x143.png 300w, https:\/\/www.aircompressormpc.com\/wp-content\/uploads\/2021\/09\/AVR2-1024x487.png 1024w, https:\/\/www.aircompressormpc.com\/wp-content\/uploads\/2021\/09\/AVR2-768x366.png 768w, https:\/\/www.aircompressormpc.com\/wp-content\/uploads\/2021\/09\/AVR2-1536x731.png 1536w, https:\/\/www.aircompressormpc.com\/wp-content\/uploads\/2021\/09\/AVR2-600x286.png 600w\" sizes=\"auto, (max-width: 120px) 100vw, 120px\" \/><img loading=\"lazy\" decoding=\"async\" class=\" size-full wp-image-2837\" src=\"https:\/\/www.aircompressormpc.com\/wp-content\/uploads\/2021\/09\/TCS.png\" alt=\"\" width=\"120\" height=\"49\" srcset=\"https:\/\/www.aircompressormpc.com\/wp-content\/uploads\/2021\/09\/TCS.png 308w, https:\/\/www.aircompressormpc.com\/wp-content\/uploads\/2021\/09\/TCS-300x125.png 300w\" sizes=\"auto, (max-width: 120px) 100vw, 120px\" \/><img loading=\"lazy\" decoding=\"async\" class=\" size-full wp-image-2840\" src=\"https:\/\/www.aircompressormpc.com\/wp-content\/uploads\/2021\/09\/EASY_START.png\" alt=\"\" width=\"120\" height=\"85\" srcset=\"https:\/\/www.aircompressormpc.com\/wp-content\/uploads\/2021\/09\/EASY_START.png 318w, https:\/\/www.aircompressormpc.com\/wp-content\/uploads\/2021\/09\/EASY_START-300x214.png 300w\" sizes=\"auto, (max-width: 120px) 100vw, 120px\" \/><img loading=\"lazy\" decoding=\"async\" class=\" size-full wp-image-2843\" src=\"https:\/\/www.aircompressormpc.com\/wp-content\/uploads\/2021\/09\/VNG.png\" alt=\"\" width=\"120\" height=\"55\" srcset=\"https:\/\/www.aircompressormpc.com\/wp-content\/uploads\/2021\/09\/VNG.png 369w, https:\/\/www.aircompressormpc.com\/wp-content\/uploads\/2021\/09\/VNG-300x139.png 300w\" sizes=\"auto, (max-width: 120px) 100vw, 120px\" \/><\/p>\n<p>&nbsp;<\/p>\n","protected":false},"featured_media":12758,"template":"","meta":[],"product_brand":[],"product_cat":[679,681,1238],"product_tag":[1353,725,723,690,688,682,873,687,689,1215,693],"class_list":{"0":"post-13693","1":"product","2":"type-product","3":"status-publish","4":"has-post-thumbnail","6":"product_cat-motocompresseurs","7":"product_cat-serie-thunder","8":"product_cat-serie-diesel-thunder","9":"product_tag-11-hp-fr","10":"product_tag-12-bars","11":"product_tag-270-litres-fr","12":"product_tag-5-kva-fr","13":"product_tag-900-l-min-fr","14":"product_tag-compresseur-fr","15":"product_tag-diesel-fr","16":"product_tag-equipement-des-vehicules-fr","17":"product_tag-generateur-fr","18":"product_tag-kholer-fr","19":"product_tag-monophase","21":"first","22":"instock","23":"shipping-taxable","24":"purchasable","25":"product-type-simple"},"aioseo_notices":[],"_links":{"self":[{"href":"https:\/\/www.aircompressormpc.com\/fr\/wp-json\/wp\/v2\/product\/13693","targetHints":{"allow":["GET"]}}],"collection":[{"href":"https:\/\/www.aircompressormpc.com\/fr\/wp-json\/wp\/v2\/product"}],"about":[{"href":"https:\/\/www.aircompressormpc.com\/fr\/wp-json\/wp\/v2\/types\/product"}],"wp:featuredmedia":[{"embeddable":true,"href":"https:\/\/www.aircompressormpc.com\/fr\/wp-json\/wp\/v2\/media\/12758"}],"wp:attachment":[{"href":"https:\/\/www.aircompressormpc.com\/fr\/wp-json\/wp\/v2\/media?parent=13693"}],"wp:term":[{"taxonomy":"product_brand","embeddable":true,"href":"https:\/\/www.aircompressormpc.com\/fr\/wp-json\/wp\/v2\/product_brand?post=13693"},{"taxonomy":"product_cat","embeddable":true,"href":"https:\/\/www.aircompressormpc.com\/fr\/wp-json\/wp\/v2\/product_cat?post=13693"},{"taxonomy":"product_tag","embeddable":true,"href":"https:\/\/www.aircompressormpc.com\/fr\/wp-json\/wp\/v2\/product_tag?post=13693"}],"curies":[{"name":"wp","href":"https:\/\/api.w.org\/{rel}","templated":true}]}}