{"id":13365,"date":"2021-09-21T12:59:04","date_gmt":"2021-09-21T12:59:04","guid":{"rendered":"https:\/\/www.aircompressormpc.com\/producto\/compresseur-bicylindre-snv-10035m-100-l\/"},"modified":"2025-04-16T12:17:59","modified_gmt":"2025-04-16T12:17:59","slug":"compresseur-bicylindre-snv-10035m-100-l","status":"publish","type":"product","link":"https:\/\/www.aircompressormpc.com\/fr\/producto\/compresseur-bicylindre-snv-10035m-100-l\/","title":{"rendered":"COMPRESSEUR BICYLINDRE SNV-10035M (100 L)"},"content":{"rendered":"<h1><span style=\"color: #ff0000;\"><strong>Compresseur de la s\u00e9rie SNV.<\/strong><\/span><\/h1>\n<p><strong>Electrocompresseur portable 3Hp\/100 Lts adapt\u00e9 au travail professionnel avec une t\u00eate en \u00ab\u00a0V\u00a0\u00bb \u00e0 deux cylindres et un seul \u00e9tage, parfait pour les travaux qui n\u00e9cessitent un certain degr\u00e9 d&rsquo;exigence.<\/strong><\/p>\n<p><span style=\"color: #4a4a4a;\">Ses <strong>dimensions et son poids<\/strong> en font un outil tr\u00e8s polyvalent qui peut \u00eatre utilis\u00e9 dans des conditions n\u00e9cessitant une certaine mobilit\u00e9. Il est \u00e9galement \u00e9quip\u00e9 de <strong>roues<\/strong> et d&rsquo;un <strong>support frontal<\/strong> pour faciliter le transport.<\/span><\/p>\n<p><span style=\"color: #4a4a4a;\">Son moteur \u00e9lectrique haute performance est fabriqu\u00e9 en fonte d&rsquo;aluminium et comprend une protection thermique qui prot\u00e8ge le moteur contre tout incident pouvant survenir pendant le travail.<\/span><\/p>\n<table border=\"0\" frame=\"VOID\" rules=\"NONE\" cellspacing=\"0\">\n<colgroup>\n<col width=\"86\" \/>\n<col width=\"86\" \/>\n<col width=\"86\" \/>\n<col width=\"86\" \/>\n<col width=\"86\" \/>\n<col width=\"86\" \/>\n<col width=\"86\" \/><\/colgroup>\n<tbody>\n<tr>\n<td align=\"CENTER\" bgcolor=\"#CD1619\" width=\"86\" height=\"17\"><b><span style=\"color: #ffffff; font-family: Helvetica LT Std Cond;\">Code<\/span><\/b><\/td>\n<td align=\"CENTER\" bgcolor=\"#CD1619\" width=\"86\"><b><span style=\"color: #ffffff; font-family: Helvetica LT Std Cond;\">Nom<\/span><\/b><\/td>\n<td align=\"CENTER\" bgcolor=\"#CD1619\" width=\"86\"><b><span style=\"color: #ffffff; font-family: Helvetica LT Std Cond;\">Air aspir\u00e9<\/span><\/b><\/td>\n<td align=\"CENTER\" bgcolor=\"#CD1619\" width=\"86\"><b><span style=\"color: #ffffff; font-family: Helvetica LT Std Cond;\">Puissance<\/span><\/b><\/td>\n<td align=\"CENTER\" bgcolor=\"#CD1619\" width=\"86\"><b><span style=\"color: #ffffff; font-family: Helvetica LT Std Cond;\">Poids<\/span><\/b><\/td>\n<td align=\"CENTER\" bgcolor=\"#CD1619\" width=\"86\"><b><span style=\"color: #ffffff; font-family: Helvetica LT Std Cond;\">Niveau de bruit<\/span><\/b><\/td>\n<\/tr>\n<tr>\n<td align=\"CENTER\" bgcolor=\"#DCE2EB\" height=\"17\"><b><span style=\"color: #cd1619; font-family: Futura Std Condensed;\">1.100.120<\/span><\/b><\/td>\n<td align=\"CENTER\"><span style=\"color: #cd1619; font-family: Futura Std Condensed;\">SNV 10035M<\/span><\/td>\n<td align=\"CENTER\"><span style=\"color: #000000; font-family: Futura Std Condensed;\">347<\/span><\/td>\n<td align=\"CENTER\">3 CV<\/td>\n<td align=\"CENTER\">74<\/td>\n<td align=\"CENTER\"><span style=\"color: #000000; font-family: Futura Std Condensed;\">69 dB<\/span><\/td>\n<\/tr>\n<\/tbody>\n<\/table>\n","protected":false},"excerpt":{"rendered":"<p><img loading=\"lazy\" decoding=\"async\" class=\"alignleft wp-image-15375 size-full\" src=\"https:\/\/www.aircompressormpc.com\/wp-content\/uploads\/2021\/09\/1.100.120.jpg\" alt=\"\" width=\"546\" height=\"308\" srcset=\"https:\/\/www.aircompressormpc.com\/wp-content\/uploads\/2021\/09\/1.100.120.jpg 546w, https:\/\/www.aircompressormpc.com\/wp-content\/uploads\/2021\/09\/1.100.120-300x169.jpg 300w, https:\/\/www.aircompressormpc.com\/wp-content\/uploads\/2021\/09\/1.100.120-64x36.jpg 64w\" sizes=\"auto, (max-width: 546px) 100vw, 546px\" \/><\/p>\n","protected":false},"featured_media":9087,"template":"","meta":[],"product_brand":[],"product_cat":[730,1149,1170,703],"product_tag":[707,708,783,774,693],"class_list":{"0":"post-13365","1":"product","2":"type-product","3":"status-publish","4":"has-post-thumbnail","6":"product_cat-compresseur-a-courroie","7":"product_cat-compresseur-a-courroie-fr","8":"product_cat-compresseurs-snv","9":"product_cat-electrocompresseurs","10":"product_tag-10-bar-fr","11":"product_tag-100-litres-fr","12":"product_tag-3-hp-fr","13":"product_tag-bicylindre","14":"product_tag-monophase","16":"first","17":"instock","18":"shipping-taxable","19":"purchasable","20":"product-type-simple"},"aioseo_notices":[],"_links":{"self":[{"href":"https:\/\/www.aircompressormpc.com\/fr\/wp-json\/wp\/v2\/product\/13365","targetHints":{"allow":["GET"]}}],"collection":[{"href":"https:\/\/www.aircompressormpc.com\/fr\/wp-json\/wp\/v2\/product"}],"about":[{"href":"https:\/\/www.aircompressormpc.com\/fr\/wp-json\/wp\/v2\/types\/product"}],"wp:featuredmedia":[{"embeddable":true,"href":"https:\/\/www.aircompressormpc.com\/fr\/wp-json\/wp\/v2\/media\/9087"}],"wp:attachment":[{"href":"https:\/\/www.aircompressormpc.com\/fr\/wp-json\/wp\/v2\/media?parent=13365"}],"wp:term":[{"taxonomy":"product_brand","embeddable":true,"href":"https:\/\/www.aircompressormpc.com\/fr\/wp-json\/wp\/v2\/product_brand?post=13365"},{"taxonomy":"product_cat","embeddable":true,"href":"https:\/\/www.aircompressormpc.com\/fr\/wp-json\/wp\/v2\/product_cat?post=13365"},{"taxonomy":"product_tag","embeddable":true,"href":"https:\/\/www.aircompressormpc.com\/fr\/wp-json\/wp\/v2\/product_tag?post=13365"}],"curies":[{"name":"wp","href":"https:\/\/api.w.org\/{rel}","templated":true}]}}