{"id":13363,"date":"2022-09-23T06:58:01","date_gmt":"2022-09-23T06:58:01","guid":{"rendered":"https:\/\/www.aircompressormpc.com\/producto\/compresseur-snv-10035t-100-l\/"},"modified":"2024-10-16T10:27:55","modified_gmt":"2024-10-16T10:27:55","slug":"compresseur-snv-10035t-100-l","status":"publish","type":"product","link":"https:\/\/www.aircompressormpc.com\/fr\/producto\/compresseur-snv-10035t-100-l\/","title":{"rendered":"COMPRESSEUR DE BICYLINDRICOUS SNV-10035T (100 l)"},"content":{"rendered":"<h1><strong><span style=\"color: #ff0000;\">Compresseur de la s\u00e9rie SNV.<\/span><\/strong><\/h1>\n<p><b>\u00c9lectrocompresseur portable 3Hp\/100 Lts adapt\u00e9 au travail professionnel.<\/b><\/p>\n<p><span style=\"color: #4a4a4a;\">Ses <strong>dimensions et son poids<\/strong> en font un outil tr\u00e8s polyvalent qui peut \u00eatre utilis\u00e9 dans des conditions n\u00e9cessitant une certaine mobilit\u00e9. Il est \u00e9galement \u00e9quip\u00e9 de <strong>roues<\/strong> et d&rsquo;un <strong>support frontal<\/strong> pour faciliter le transport.<\/span><\/p>\n<p><span style=\"color: #4a4a4a;\">Son moteur \u00e9lectrique haute performance est fabriqu\u00e9 en fonte d&rsquo;aluminium et comprend une protection thermique qui prot\u00e8ge le moteur contre tout incident pouvant survenir pendant le travail.<\/span><\/p>\n<p>&nbsp;<\/p>\n<table border=\"0\" frame=\"VOID\" rules=\"NONE\" cellspacing=\"0\">\n<colgroup>\n<col width=\"86\">\n<col width=\"86\">\n<col width=\"86\">\n<col width=\"86\">\n<col width=\"86\">\n<col width=\"86\">\n<col width=\"86\"><\/colgroup>\n<tbody>\n<tr>\n<td align=\"CENTER\" bgcolor=\"#CD1619\" width=\"86\" height=\"17\"><b><span style=\"color: #ffffff; font-family: Helvetica LT Std Cond;\">Code<\/span><\/b><\/td>\n<td align=\"CENTER\" bgcolor=\"#CD1619\" width=\"86\"><b><span style=\"color: #ffffff; font-family: Helvetica LT Std Cond;\">Nom<\/span><\/b><\/td>\n<td align=\"CENTER\" bgcolor=\"#CD1619\" width=\"86\"><b><span style=\"color: #ffffff; font-family: Helvetica LT Std Cond;\">Air aspir\u00e9<\/span><\/b><\/td>\n<td align=\"CENTER\" bgcolor=\"#CD1619\" width=\"86\"><b><span style=\"color: #ffffff; font-family: Helvetica LT Std Cond;\">Puissance<\/span><\/b><\/td>\n<td align=\"CENTER\" bgcolor=\"#CD1619\" width=\"86\"><b><span style=\"color: #ffffff; font-family: Helvetica LT Std Cond;\">Poids<\/span><\/b><\/td>\n<td align=\"CENTER\" bgcolor=\"#CD1619\" width=\"86\"><b><span style=\"color: #ffffff; font-family: Helvetica LT Std Cond;\">Niveau de bruit<\/span><\/b><\/td>\n<\/tr>\n<tr>\n<td align=\"CENTER\" bgcolor=\"#DCE2EB\" height=\"17\"><b><span style=\"color: #cd1619; font-family: Futura Std Condensed;\">1.100.121<\/span><\/b><\/td>\n<td align=\"CENTER\"><span style=\"color: #cd1619; font-family: Futura Std Condensed;\">SNV 10035T<\/span><\/td>\n<td align=\"CENTER\"><span style=\"color: #000000; font-family: Futura Std Condensed;\">365<\/span><\/td>\n<td align=\"CENTER\">3 CV<\/td>\n<td align=\"CENTER\">73<\/td>\n<td align=\"CENTER\"><span style=\"color: #000000; font-family: Futura Std Condensed;\">69 dB<\/span><\/td>\n<\/tr>\n<\/tbody>\n<\/table>\n","protected":false},"excerpt":{"rendered":"<p><img loading=\"lazy\" decoding=\"async\" class=\"alignleft wp-image-13443 size-full\" src=\"https:\/\/www.aircompressormpc.com\/wp-content\/uploads\/2022\/09\/icono-1.100.121.jpg\" alt=\"\" width=\"631\" height=\"301\" srcset=\"https:\/\/www.aircompressormpc.com\/wp-content\/uploads\/2022\/09\/icono-1.100.121.jpg 631w, https:\/\/www.aircompressormpc.com\/wp-content\/uploads\/2022\/09\/icono-1.100.121-300x143.jpg 300w, https:\/\/www.aircompressormpc.com\/wp-content\/uploads\/2022\/09\/icono-1.100.121-600x286.jpg 600w, https:\/\/www.aircompressormpc.com\/wp-content\/uploads\/2022\/09\/icono-1.100.121-64x31.jpg 64w\" sizes=\"auto, (max-width: 631px) 100vw, 631px\" \/><\/p>\n","protected":false},"featured_media":6715,"template":"","meta":[],"product_brand":[],"product_cat":[730,1149,1170,703],"product_tag":[707,708,783,774,693],"class_list":{"0":"post-13363","1":"product","2":"type-product","3":"status-publish","4":"has-post-thumbnail","6":"product_cat-compresseur-a-courroie","7":"product_cat-compresseur-a-courroie-fr","8":"product_cat-compresseurs-snv","9":"product_cat-electrocompresseurs","10":"product_tag-10-bar-fr","11":"product_tag-100-litres-fr","12":"product_tag-3-hp-fr","13":"product_tag-bicylindre","14":"product_tag-monophase","16":"first","17":"instock","18":"shipping-taxable","19":"purchasable","20":"product-type-simple"},"aioseo_notices":[],"_links":{"self":[{"href":"https:\/\/www.aircompressormpc.com\/fr\/wp-json\/wp\/v2\/product\/13363","targetHints":{"allow":["GET"]}}],"collection":[{"href":"https:\/\/www.aircompressormpc.com\/fr\/wp-json\/wp\/v2\/product"}],"about":[{"href":"https:\/\/www.aircompressormpc.com\/fr\/wp-json\/wp\/v2\/types\/product"}],"wp:featuredmedia":[{"embeddable":true,"href":"https:\/\/www.aircompressormpc.com\/fr\/wp-json\/wp\/v2\/media\/6715"}],"wp:attachment":[{"href":"https:\/\/www.aircompressormpc.com\/fr\/wp-json\/wp\/v2\/media?parent=13363"}],"wp:term":[{"taxonomy":"product_brand","embeddable":true,"href":"https:\/\/www.aircompressormpc.com\/fr\/wp-json\/wp\/v2\/product_brand?post=13363"},{"taxonomy":"product_cat","embeddable":true,"href":"https:\/\/www.aircompressormpc.com\/fr\/wp-json\/wp\/v2\/product_cat?post=13363"},{"taxonomy":"product_tag","embeddable":true,"href":"https:\/\/www.aircompressormpc.com\/fr\/wp-json\/wp\/v2\/product_tag?post=13363"}],"curies":[{"name":"wp","href":"https:\/\/api.w.org\/{rel}","templated":true}]}}