{"id":13361,"date":"2023-06-06T10:11:23","date_gmt":"2023-06-06T10:11:23","guid":{"rendered":"https:\/\/www.aircompressormpc.com\/producto\/compresseur-bicylindre-snb-10025m-100-l\/"},"modified":"2024-06-28T11:09:50","modified_gmt":"2024-06-28T11:09:50","slug":"compresseur-bicylindre-snb-10025m-100-l","status":"publish","type":"product","link":"https:\/\/www.aircompressormpc.com\/fr\/producto\/compresseur-bicylindre-snb-10025m-100-l\/","title":{"rendered":"COMPRESSEUR BICYLINDRE SNV 10025M (100 L)"},"content":{"rendered":"<h1><span style=\"color: #ff0000;\"><strong>Compresseur de la s\u00e9rie SNV.<\/strong><\/span><\/h1>\n<p>Compresseurs \u00e0 un \u00e9tage et \u00e0 deux cylindres avec cylindres en fonte, parfaits pour les travaux exigeants.<br \/>\n\u2192 Il dispose de roues int\u00e9gr\u00e9es et d&rsquo;un support frontal pour faciliter le transport.<br \/>\n\u2192 Monophas\u00e9.<br \/>\n\u2192 Moteur \u00e9lectrique haute performance.<br \/>\n\u2192 Plaque de vanne avec plaques en acier inoxydable.<br \/>\n\u2192 Sortie d&rsquo;air directe avec 1\/2\u00a0\u00bb.<\/p>\n<table border=\"0\" frame=\"VOID\" rules=\"NONE\" cellspacing=\"0\">\n<colgroup>\n<col width=\"86\" \/>\n<col width=\"86\" \/>\n<col width=\"86\" \/>\n<col width=\"86\" \/>\n<col width=\"86\" \/>\n<col width=\"86\" \/>\n<col width=\"86\" \/><\/colgroup>\n<tbody>\n<tr>\n<td align=\"CENTER\" bgcolor=\"#CD1619\" width=\"86\" height=\"17\"><b><span style=\"color: #ffffff; font-family: Helvetica LT Std Cond;\">Code<\/span><\/b><\/td>\n<td align=\"CENTER\" bgcolor=\"#CD1619\" width=\"86\"><b><span style=\"color: #ffffff; font-family: Helvetica LT Std Cond;\">Nom<\/span><\/b><\/td>\n<td align=\"CENTER\" bgcolor=\"#CD1619\" width=\"86\"><b><span style=\"color: #ffffff; font-family: Helvetica LT Std Cond;\">Groupe<\/span><\/b><\/td>\n<td align=\"CENTER\" bgcolor=\"#CD1619\" width=\"86\"><b><span style=\"color: #ffffff; font-family: Helvetica LT Std Cond;\">Air aspir\u00e9<\/span><\/b><\/td>\n<td align=\"CENTER\" bgcolor=\"#CD1619\" width=\"86\"><b><span style=\"color: #ffffff; font-family: Helvetica LT Std Cond;\">Puissance<\/span><\/b><\/td>\n<td align=\"CENTER\" bgcolor=\"#CD1619\" width=\"86\"><b><span style=\"color: #ffffff; font-family: Helvetica LT Std Cond;\">Poids<\/span><\/b><\/td>\n<td align=\"CENTER\" bgcolor=\"#CD1619\" width=\"86\"><b><span style=\"color: #ffffff; font-family: Helvetica LT Std Cond;\">Niveau de bruit<\/span><\/b><\/td>\n<\/tr>\n<tr>\n<td align=\"CENTER\" bgcolor=\"#DCE2EB\" height=\"17\"><b><span style=\"color: #cd1619; font-family: Futura Std Condensed;\">1.100.118<\/span><\/b><\/td>\n<td align=\"CENTER\"><span style=\"color: #cd1619; font-family: Futura Std Condensed;\">SNV-10025M<\/span><\/td>\n<td align=\"CENTER\"><span style=\"color: #cd1619; font-family: Futura Std Condensed;\">M &#8211; 280<\/span><\/td>\n<td align=\"CENTER\"><span style=\"color: #000000; font-family: Futura Std Condensed;\">250<\/span><\/td>\n<td align=\"CENTER\"><span style=\"color: #000000; font-family: Futura Std Condensed;\">2HP\/1,5Kw<\/span><\/td>\n<td align=\"CENTER\"><span style=\"color: #000000; font-family: Futura Std Condensed;\">74 Kg<\/span><\/td>\n<td align=\"CENTER\"><span style=\"color: #000000; font-family: Futura Std Condensed;\">94 dB<\/span><\/td>\n<\/tr>\n<\/tbody>\n<\/table>\n","protected":false},"excerpt":{"rendered":"<p><img loading=\"lazy\" decoding=\"async\" class=\"alignleft wp-image-14425 size-full\" src=\"https:\/\/www.aircompressormpc.com\/wp-content\/uploads\/2023\/06\/1.100.118.png\" alt=\"\" width=\"852\" height=\"409\" srcset=\"https:\/\/www.aircompressormpc.com\/wp-content\/uploads\/2023\/06\/1.100.118.png 852w, https:\/\/www.aircompressormpc.com\/wp-content\/uploads\/2023\/06\/1.100.118-300x144.png 300w, https:\/\/www.aircompressormpc.com\/wp-content\/uploads\/2023\/06\/1.100.118-768x369.png 768w, https:\/\/www.aircompressormpc.com\/wp-content\/uploads\/2023\/06\/1.100.118-600x288.png 600w, https:\/\/www.aircompressormpc.com\/wp-content\/uploads\/2023\/06\/1.100.118-64x31.png 64w\" sizes=\"auto, (max-width: 852px) 100vw, 852px\" \/><\/p>\n","protected":false},"featured_media":14436,"template":"","meta":[],"product_brand":[],"product_cat":[730,1149,704,1170,703],"product_tag":[707,708,786,774,693],"class_list":{"0":"post-13361","1":"product","2":"type-product","3":"status-publish","4":"has-post-thumbnail","6":"product_cat-compresseur-a-courroie","7":"product_cat-compresseur-a-courroie-fr","8":"product_cat-compresseurs-a-piston","9":"product_cat-compresseurs-snv","10":"product_cat-electrocompresseurs","11":"product_tag-10-bar-fr","12":"product_tag-100-litres-fr","13":"product_tag-2-hp-fr","14":"product_tag-bicylindre","15":"product_tag-monophase","17":"first","18":"instock","19":"shipping-taxable","20":"purchasable","21":"product-type-simple"},"aioseo_notices":[],"_links":{"self":[{"href":"https:\/\/www.aircompressormpc.com\/fr\/wp-json\/wp\/v2\/product\/13361","targetHints":{"allow":["GET"]}}],"collection":[{"href":"https:\/\/www.aircompressormpc.com\/fr\/wp-json\/wp\/v2\/product"}],"about":[{"href":"https:\/\/www.aircompressormpc.com\/fr\/wp-json\/wp\/v2\/types\/product"}],"wp:featuredmedia":[{"embeddable":true,"href":"https:\/\/www.aircompressormpc.com\/fr\/wp-json\/wp\/v2\/media\/14436"}],"wp:attachment":[{"href":"https:\/\/www.aircompressormpc.com\/fr\/wp-json\/wp\/v2\/media?parent=13361"}],"wp:term":[{"taxonomy":"product_brand","embeddable":true,"href":"https:\/\/www.aircompressormpc.com\/fr\/wp-json\/wp\/v2\/product_brand?post=13361"},{"taxonomy":"product_cat","embeddable":true,"href":"https:\/\/www.aircompressormpc.com\/fr\/wp-json\/wp\/v2\/product_cat?post=13361"},{"taxonomy":"product_tag","embeddable":true,"href":"https:\/\/www.aircompressormpc.com\/fr\/wp-json\/wp\/v2\/product_tag?post=13361"}],"curies":[{"name":"wp","href":"https:\/\/api.w.org\/{rel}","templated":true}]}}