{"id":13145,"date":"2024-05-14T06:14:15","date_gmt":"2024-05-14T06:14:15","guid":{"rendered":"https:\/\/www.aircompressormpc.com\/?post_type=product&#038;p=13145"},"modified":"2025-03-04T13:06:40","modified_gmt":"2025-03-04T13:06:40","slug":"moteur-compresseur-strade-65-100","status":"publish","type":"product","link":"https:\/\/www.aircompressormpc.com\/fr\/producto\/moteur-compresseur-strade-65-100\/","title":{"rendered":"MOTEUR COMPRESSEUR STRADE 60D\/100\/11 (100L)"},"content":{"rendered":"<h1><span style=\"color: #ff0000;\"><strong>Compresseur diesel bi-cylindre \u00e0 deux \u00e9tages de la s\u00e9rie STRADE, avec r\u00e9servoir de 100 litres.<\/strong><\/span><\/h1>\n<p><span style=\"color: #000000;\"><strong>Nos compresseurs de la s\u00e9rie STRADE sont sp\u00e9cialement con\u00e7us pour la plupart des travaux de construction, d&rsquo;entretien des routes et d&rsquo;agriculture. la construction, l&rsquo;entretien des routes et les travaux agricoles. <\/strong><\/span><\/p>\n<p>\u00c9quip\u00e9 d&rsquo;une culasse en fonte et entra\u00een\u00e9 par un moteur Hatz, il offre un d\u00e9bit \u00e9lev\u00e9, garantit un faible niveau de bruit et une dur\u00e9e de vie plus longue.<\/p>\n<p>Le compresseur STRADE 60\/100 est un compresseur bi-\u00e9tag\u00e9, en fonte, \u00e0 deux cylindres, entra\u00een\u00e9 par un moteur Hazt. Avec vanne automatique.<\/p>\n<p>Les compresseurs STRADE sont \u00e9galement facilement transportables car ils sont \u00e9quip\u00e9s de roues et de poign\u00e9es de transport.<\/p>\n<p>* R\u00e9servoir horizontal de 100 litres int\u00e9gr\u00e9 \u00e0 l&rsquo;\u00e9quipement.<\/p>\n<table border=\"0\" frame=\"VOID\" rules=\"NONE\" cellspacing=\"0\">\n<colgroup>\n<col width=\"138\" \/>\n<col width=\"138\" \/>\n<col width=\"138\" \/>\n<col width=\"138\" \/>\n<col width=\"138\" \/>\n<col width=\"138\" \/>\n<col width=\"138\" \/>\n<col width=\"138\" \/>\n<col width=\"138\" \/>\n<col width=\"261\" \/><\/colgroup>\n<tbody>\n<tr>\n<td align=\"CENTER\" bgcolor=\"#CD1619\" width=\"138\" height=\"32\"><b><span style=\"color: #ffffff;\">Code<\/span><\/b><\/td>\n<td align=\"CENTER\" bgcolor=\"#CD1619\" width=\"138\"><b><span style=\"color: #ffffff;\">Nom<\/span><\/b><\/td>\n<td align=\"CENTER\" bgcolor=\"#CD1619\" width=\"138\"><b><span style=\"color: #ffffff;\">T\u00eate<\/span><\/b><\/td>\n<td align=\"CENTER\" bgcolor=\"#CD1619\" width=\"138\"><b><span style=\"color: #ffffff;\">Moteur<\/span><\/b><\/td>\n<td align=\"CENTER\" bgcolor=\"#CD1619\" width=\"138\"><b><span style=\"color: #ffffff;\">Start-up<\/span><\/b><\/td>\n<td align=\"CENTER\" bgcolor=\"#CD1619\" width=\"138\"><b><span style=\"color: #ffffff;\">Air aspir\u00e9<\/span><\/b><\/td>\n<td align=\"CENTER\" bgcolor=\"#CD1619\" width=\"138\"><b><span style=\"color: #ffffff;\">Puissance<\/span><\/b><\/td>\n<td align=\"CENTER\" bgcolor=\"#CD1619\" width=\"138\"><b><span style=\"color: #ffffff;\">Poids<\/span><\/b><\/td>\n<td align=\"CENTER\" bgcolor=\"#CD1619\" width=\"138\"><b><span style=\"color: #ffffff;\">P.max<\/span><\/b><\/td>\n<td align=\"CENTER\" bgcolor=\"#CD1619\" width=\"261\"><b><span style=\"color: #ffffff;\"><br \/>\nLongueur-largeur-hauteur (cm)<\/span><\/b><\/td>\n<\/tr>\n<tr>\n<td align=\"CENTER\" bgcolor=\"#DCE2EB\" height=\"17\"><b><span style=\"color: #cd1619;\">1.202.077<\/span><\/b><\/td>\n<td align=\"CENTER\"><span style=\"color: #cd1619;\">STRADE 60D\/100<\/span><\/td>\n<td align=\"CENTER\"><span style=\"color: #cd1619;\">M- 380B<\/span><\/td>\n<td align=\"CENTER\"><span style=\"color: #cd1619;\">Hatz diesel<\/span><\/td>\n<td align=\"CENTER\"><span style=\"color: #000000;\">Manuel<\/span><\/td>\n<td align=\"CENTER\"><span style=\"color: #000000;\">480 l\/min<\/span><\/td>\n<td align=\"CENTER\"><span style=\"color: #000000;\">5<\/span><\/td>\n<td align=\"CENTER\"><span style=\"color: #000000;\">92<\/span><\/td>\n<td align=\"CENTER\"><span style=\"color: #000000;\">11<\/span><\/td>\n<td align=\"CENTER\"><span style=\"color: #000000;\">105 x 48 x 93<\/span><\/td>\n<\/tr>\n<\/tbody>\n<\/table>\n<p style=\"color: #000000; font-family: Verdana, Arial, Helvetica, sans-serif; font-size: 11px; font-style: normal; font-weight: 400; letter-spacing: normal; text-indent: 0px; text-transform: none; white-space: normal; word-spacing: 0px;\">\n","protected":false},"excerpt":{"rendered":"<p><img loading=\"lazy\" decoding=\"async\" class=\"alignleft wp-image-16345 size-full\" src=\"https:\/\/www.aircompressormpc.com\/wp-content\/uploads\/2024\/05\/1.202.077.jpg\" alt=\"\" width=\"610\" height=\"298\" srcset=\"https:\/\/www.aircompressormpc.com\/wp-content\/uploads\/2024\/05\/1.202.077.jpg 610w, https:\/\/www.aircompressormpc.com\/wp-content\/uploads\/2024\/05\/1.202.077-300x147.jpg 300w, https:\/\/www.aircompressormpc.com\/wp-content\/uploads\/2024\/05\/1.202.077-600x293.jpg 600w, https:\/\/www.aircompressormpc.com\/wp-content\/uploads\/2024\/05\/1.202.077-64x31.jpg 64w\" sizes=\"auto, (max-width: 610px) 100vw, 610px\" \/><\/p>\n","protected":false},"featured_media":13151,"template":"","meta":[],"product_brand":[],"product_cat":[679,1123,1266,705],"product_tag":[708,1267,1147,873,711],"class_list":{"0":"post-13145","1":"product","2":"type-product","3":"status-publish","4":"has-post-thumbnail","6":"product_cat-motocompresseurs","7":"product_cat-ordinateur-portable","8":"product_cat-serie-strade-diesel-fr","9":"product_cat-strade-fr","10":"product_tag-100-litres-fr","11":"product_tag-11-bar-fr","12":"product_tag-5-hp-fr","13":"product_tag-diesel-fr","14":"product_tag-strade-fr","16":"first","17":"instock","18":"shipping-taxable","19":"purchasable","20":"product-type-simple"},"aioseo_notices":[],"_links":{"self":[{"href":"https:\/\/www.aircompressormpc.com\/fr\/wp-json\/wp\/v2\/product\/13145","targetHints":{"allow":["GET"]}}],"collection":[{"href":"https:\/\/www.aircompressormpc.com\/fr\/wp-json\/wp\/v2\/product"}],"about":[{"href":"https:\/\/www.aircompressormpc.com\/fr\/wp-json\/wp\/v2\/types\/product"}],"wp:featuredmedia":[{"embeddable":true,"href":"https:\/\/www.aircompressormpc.com\/fr\/wp-json\/wp\/v2\/media\/13151"}],"wp:attachment":[{"href":"https:\/\/www.aircompressormpc.com\/fr\/wp-json\/wp\/v2\/media?parent=13145"}],"wp:term":[{"taxonomy":"product_brand","embeddable":true,"href":"https:\/\/www.aircompressormpc.com\/fr\/wp-json\/wp\/v2\/product_brand?post=13145"},{"taxonomy":"product_cat","embeddable":true,"href":"https:\/\/www.aircompressormpc.com\/fr\/wp-json\/wp\/v2\/product_cat?post=13145"},{"taxonomy":"product_tag","embeddable":true,"href":"https:\/\/www.aircompressormpc.com\/fr\/wp-json\/wp\/v2\/product_tag?post=13145"}],"curies":[{"name":"wp","href":"https:\/\/api.w.org\/{rel}","templated":true}]}}