{"id":13142,"date":"2023-06-12T10:27:45","date_gmt":"2023-06-12T10:27:45","guid":{"rendered":"https:\/\/www.aircompressormpc.com\/producto\/clinic-3100-silent-compressor-90-l\/"},"modified":"2024-10-18T08:09:20","modified_gmt":"2024-10-18T08:09:20","slug":"clinic-3100-silent-compressor-90-l","status":"publish","type":"product","link":"https:\/\/www.aircompressormpc.com\/fr\/producto\/clinic-3100-silent-compressor-90-l\/","title":{"rendered":"CLINIC 3100 SILENT COMPRESSOR (90 L)"},"content":{"rendered":"<h1><span style=\"color: #ff0000;\"><strong>Compresseur silencieux CLINIC 3100 avec r\u00e9servoir de 90 litres.<\/strong><\/span><\/h1>\n<h2>Compresseur sans huile ultra-silencieux, sp\u00e9cialement con\u00e7u pour \u00e9mettre un faible niveau de d\u00e9cibels, offre un faible niveau sonore de 58 dB, pour une configuration de travail silencieuse et est donc id\u00e9al pour les applications n\u00e9cessitant de l&rsquo;air sans huile.<\/h2>\n<p><span style=\"color: #000000;\">La pompe \u00e0 huile ne n\u00e9cessite aucun entretien quotidien et \u00e9limine le risque de taches d&rsquo;huile sur les surfaces de travail.<\/span><\/p>\n<p><span style=\"color: #000000;\">T\u00eate avec moteur \u00e0 double piston \u00e0 faible vitesse. Haute performance et haute fiabilit\u00e9. Bo\u00eetier en plastique robuste qui prot\u00e8ge compl\u00e8tement la t\u00eate. Gr\u00e2ce \u00e0 ses roues coulissantes, le compresseur est facile \u00e0 transporter.<\/span><\/p>\n<p><em>&#8211; Mat\u00e9riau structurel : Aluminium<\/em><br \/>\n<em>&#8211; Moteur coaxial 1380 tr\/min.<\/em><\/p>\n<table border=\"0\" frame=\"VOID\" rules=\"NONE\" cellspacing=\"0\">\n<colgroup>\n<col width=\"138\">\n<col width=\"138\">\n<col width=\"138\">\n<col width=\"138\">\n<col width=\"138\">\n<col width=\"138\">\n<col width=\"138\"><\/colgroup>\n<tbody>\n<tr>\n<td align=\"CENTER\" bgcolor=\"#CD1619\" width=\"138\" height=\"32\"><b><span style=\"color: #ffffff;\">Code<\/span><\/b><\/td>\n<td align=\"CENTER\" bgcolor=\"#CD1619\" width=\"138\"><b><span style=\"color: #ffffff;\">Nom<\/span><\/b><\/td>\n<td align=\"CENTER\" bgcolor=\"#CD1619\" width=\"138\"><b><span style=\"color: #ffffff;\">Tension<\/span><\/b><\/td>\n<td align=\"CENTER\" bgcolor=\"#CD1619\" width=\"138\"><b><span style=\"color: #ffffff;\">Puissance<\/span><\/b><\/td>\n<td align=\"CENTER\" bgcolor=\"#CD1619\" width=\"138\"><b><span style=\"color: #ffffff;\">Poids<\/span><\/b><\/td>\n<td align=\"CENTER\" bgcolor=\"#CD1619\" width=\"138\"><b><span style=\"color: #ffffff;\">P.max<\/span><\/b><\/td>\n<td align=\"CENTER\" bgcolor=\"#CD1619\" width=\"138\"><b><span style=\"color: #ffffff;\">Largo-ancho-alto<br \/>\n(cm)<\/span><\/b><\/td>\n<\/tr>\n<tr>\n<td align=\"CENTER\" bgcolor=\"#DCE2EB\" height=\"17\"><b><span style=\"color: #cd1619;\">1.100.093<\/span><\/b><\/td>\n<td align=\"CENTER\"><span style=\"color: #cd1619;\">CLINIQUE 3100<\/span><\/td>\n<td align=\"CENTER\"><span style=\"color: #000000;\">230\/50\/II<\/span><\/td>\n<td align=\"CENTER\"><span style=\"color: #000000;\">3 HP \/ 2.200W<\/span><\/td>\n<td align=\"CENTER\"><span style=\"color: #000000;\">70,8 Kg<\/span><\/td>\n<td align=\"CENTER\"><span style=\"color: #000000;\">8<\/span><\/td>\n<td align=\"CENTER\"><span style=\"color: #000000;\">80 x 73 x 40<\/span><\/td>\n<\/tr>\n<\/tbody>\n<\/table>\n<h1><\/h1>\n","protected":false},"excerpt":{"rendered":"<p><img loading=\"lazy\" decoding=\"async\" class=\"alignleft wp-image-13139 size-full\" src=\"https:\/\/www.aircompressormpc.com\/wp-content\/uploads\/2023\/06\/iconos-1.jpg\" alt=\"\" width=\"760\" height=\"308\" srcset=\"https:\/\/www.aircompressormpc.com\/wp-content\/uploads\/2023\/06\/iconos-1.jpg 760w, https:\/\/www.aircompressormpc.com\/wp-content\/uploads\/2023\/06\/iconos-1-300x122.jpg 300w, https:\/\/www.aircompressormpc.com\/wp-content\/uploads\/2023\/06\/iconos-1-600x243.jpg 600w, https:\/\/www.aircompressormpc.com\/wp-content\/uploads\/2023\/06\/iconos-1-64x26.jpg 64w\" sizes=\"auto, (max-width: 760px) 100vw, 760px\" \/><\/p>\n","protected":false},"featured_media":11383,"template":"","meta":[],"product_brand":[],"product_cat":[865,704,703,45],"product_tag":[870,866],"class_list":{"0":"post-13142","1":"product","2":"type-product","3":"status-publish","4":"has-post-thumbnail","6":"product_cat-compresseur-silencieux","7":"product_cat-compresseurs-a-piston","8":"product_cat-electrocompresseurs","9":"product_cat-inicio-fr","10":"product_tag-compresseurs-silencieux","11":"product_tag-silencieux","13":"first","14":"instock","15":"shipping-taxable","16":"purchasable","17":"product-type-simple"},"aioseo_notices":[],"_links":{"self":[{"href":"https:\/\/www.aircompressormpc.com\/fr\/wp-json\/wp\/v2\/product\/13142","targetHints":{"allow":["GET"]}}],"collection":[{"href":"https:\/\/www.aircompressormpc.com\/fr\/wp-json\/wp\/v2\/product"}],"about":[{"href":"https:\/\/www.aircompressormpc.com\/fr\/wp-json\/wp\/v2\/types\/product"}],"wp:featuredmedia":[{"embeddable":true,"href":"https:\/\/www.aircompressormpc.com\/fr\/wp-json\/wp\/v2\/media\/11383"}],"wp:attachment":[{"href":"https:\/\/www.aircompressormpc.com\/fr\/wp-json\/wp\/v2\/media?parent=13142"}],"wp:term":[{"taxonomy":"product_brand","embeddable":true,"href":"https:\/\/www.aircompressormpc.com\/fr\/wp-json\/wp\/v2\/product_brand?post=13142"},{"taxonomy":"product_cat","embeddable":true,"href":"https:\/\/www.aircompressormpc.com\/fr\/wp-json\/wp\/v2\/product_cat?post=13142"},{"taxonomy":"product_tag","embeddable":true,"href":"https:\/\/www.aircompressormpc.com\/fr\/wp-json\/wp\/v2\/product_tag?post=13142"}],"curies":[{"name":"wp","href":"https:\/\/api.w.org\/{rel}","templated":true}]}}