{"id":13081,"date":"2021-09-16T11:53:59","date_gmt":"2021-09-16T11:53:59","guid":{"rendered":"https:\/\/www.aircompressormpc.com\/producto\/compresseur-cd-104-2-l\/"},"modified":"2024-08-01T08:20:48","modified_gmt":"2024-08-01T08:20:48","slug":"compresseur-cd-104-2-l","status":"publish","type":"product","link":"https:\/\/www.aircompressormpc.com\/fr\/producto\/compresseur-cd-104-2-l\/","title":{"rendered":"COMPRESSEUR CD 104 (2 L)"},"content":{"rendered":"<h2><span style=\"color: #ff0000;\"><strong>Compresseur coaxial avec r\u00e9servoir de 2 litres.<\/strong><\/span><\/h2>\n<p><span style=\"color: #000000;\"><b style=\"color: #000000;\">Le compresseur d&rsquo;air coaxial CD104 est sp\u00e9cialement con\u00e7u pour l&rsquo;entretien des pneus dans les flottes de v\u00e9hicules commerciaux et les services. Le pr\u00e9sent  <\/b><span style=\"color: #000000;\"><b>\u00e9lectro-compresseur<\/b><\/span><b style=\"color: #000000;\"> <\/b><span style=\"color: #000000;\"><b>portable<\/b><\/span><b style=\"color: #000000;\"> est adapt\u00e9 aux travaux n\u00e9cessitant une grande portabilit\u00e9 et une exigence de 15 bars.<\/b><\/span><\/p>\n<p><span style=\"color: #4a4a4a;\">La principale caract\u00e9ristique de ce compresseur est sa capacit\u00e9 \u00e0 cr\u00e9er une pression \u00e9lev\u00e9e (15 bars). Son poids et ses dimensions le rendent facile \u00e0 transporter.<\/span><\/p>\n<table border=\"0\" frame=\"VOID\" rules=\"NONE\" cellspacing=\"0\">\n<colgroup>\n<col width=\"86\">\n<col width=\"86\">\n<col width=\"86\">\n<col width=\"86\">\n<col width=\"86\">\n<col width=\"86\">\n<col width=\"86\"><\/colgroup>\n<tbody>\n<tr>\n<td align=\"CENTER\" bgcolor=\"#CD1619\" width=\"86\" height=\"17\"><b><span style=\"color: #ffffff; font-family: Helvetica LT Std Cond;\">Code<\/span><\/b><\/td>\n<td align=\"CENTER\" bgcolor=\"#CD1619\" width=\"86\"><b><span style=\"color: #ffffff; font-family: Helvetica LT Std Cond;\">Nom<\/span><\/b><\/td>\n<td align=\"CENTER\" bgcolor=\"#CD1619\" width=\"86\"><b><span style=\"color: #ffffff; font-family: Helvetica LT Std Cond;\">Air aspir\u00e9<\/span><\/b><\/td>\n<td align=\"CENTER\" bgcolor=\"#CD1619\" width=\"86\"><b><span style=\"color: #ffffff; font-family: Helvetica LT Std Cond;\">Puissance<\/span><\/b><\/td>\n<td align=\"CENTER\" bgcolor=\"#CD1619\" width=\"86\"><b><span style=\"color: #ffffff; font-family: Helvetica LT Std Cond;\">Poids<\/span><\/b><\/td>\n<td align=\"CENTER\" bgcolor=\"#CD1619\" width=\"86\"><b><span style=\"color: #ffffff; font-family: Helvetica LT Std Cond;\">P.max.<\/span><\/b><\/td>\n<td align=\"CENTER\" bgcolor=\"#CD1619\" width=\"86\"><b><span style=\"color: #ffffff; font-family: Helvetica LT Std Cond;\">Niveau de bruit<\/span><\/b><\/td>\n<\/tr>\n<tr>\n<td align=\"CENTER\" bgcolor=\"#DCE2EB\" height=\"17\"><b><span style=\"color: #cd1619; font-family: Futura Std Condensed;\">1.101.008<\/span><\/b><\/td>\n<td align=\"CENTER\"><span style=\"color: #cd1619; font-family: Futura Std Condensed;\">CD-104\/15<\/span><\/td>\n<td align=\"CENTER\"><span style=\"color: #000000; font-family: Futura Std Condensed;\">85 l\/min<\/span><\/td>\n<td align=\"CENTER\"><span style=\"color: #000000; font-family: Futura Std Condensed;\">0,5 HP\/ 0,67 Kw<\/span><\/td>\n<td align=\"CENTER\"><span style=\"color: #000000; font-family: Futura Std Condensed;\">18 Kg<\/span><\/td>\n<td align=\"CENTER\"><span style=\"color: #000000; font-family: Futura Std Condensed;\">15<\/span><\/td>\n<td align=\"CENTER\"><span style=\"color: #000000; font-family: Futura Std Condensed;\">97 dB<\/span><\/td>\n<\/tr>\n<\/tbody>\n<\/table>\n<p>&nbsp;<\/p>\n","protected":false},"excerpt":{"rendered":"<p><img loading=\"lazy\" decoding=\"async\" class=\"alignleft wp-image-13075 size-full\" src=\"https:\/\/www.aircompressormpc.com\/wp-content\/uploads\/2021\/09\/1.101.008-e1715075443392.jpg\" alt=\"\" width=\"613\" height=\"307\" srcset=\"https:\/\/www.aircompressormpc.com\/wp-content\/uploads\/2021\/09\/1.101.008-e1715075443392.jpg 613w, https:\/\/www.aircompressormpc.com\/wp-content\/uploads\/2021\/09\/1.101.008-e1715075443392-300x150.jpg 300w, https:\/\/www.aircompressormpc.com\/wp-content\/uploads\/2021\/09\/1.101.008-e1715075443392-600x300.jpg 600w, https:\/\/www.aircompressormpc.com\/wp-content\/uploads\/2021\/09\/1.101.008-e1715075443392-64x32.jpg 64w\" sizes=\"auto, (max-width: 613px) 100vw, 613px\" \/><\/p>\n","protected":false},"featured_media":2767,"template":"","meta":[],"product_brand":[],"product_cat":[1145,970,704,703],"product_tag":[775,1148,1147,1146,693],"class_list":{"0":"post-13081","1":"product","2":"type-product","3":"status-publish","4":"has-post-thumbnail","6":"product_cat-compresseur-avec-huile","7":"product_cat-compresseur-coaxial","8":"product_cat-compresseurs-a-piston","9":"product_cat-electrocompresseurs","10":"product_tag-15-bar-fr","11":"product_tag-2-litres-fr","12":"product_tag-5-hp-fr","13":"product_tag-compresseur-a-monter-soi-meme","14":"product_tag-monophase","16":"first","17":"instock","18":"shipping-taxable","19":"purchasable","20":"product-type-simple"},"aioseo_notices":[],"_links":{"self":[{"href":"https:\/\/www.aircompressormpc.com\/fr\/wp-json\/wp\/v2\/product\/13081","targetHints":{"allow":["GET"]}}],"collection":[{"href":"https:\/\/www.aircompressormpc.com\/fr\/wp-json\/wp\/v2\/product"}],"about":[{"href":"https:\/\/www.aircompressormpc.com\/fr\/wp-json\/wp\/v2\/types\/product"}],"wp:featuredmedia":[{"embeddable":true,"href":"https:\/\/www.aircompressormpc.com\/fr\/wp-json\/wp\/v2\/media\/2767"}],"wp:attachment":[{"href":"https:\/\/www.aircompressormpc.com\/fr\/wp-json\/wp\/v2\/media?parent=13081"}],"wp:term":[{"taxonomy":"product_brand","embeddable":true,"href":"https:\/\/www.aircompressormpc.com\/fr\/wp-json\/wp\/v2\/product_brand?post=13081"},{"taxonomy":"product_cat","embeddable":true,"href":"https:\/\/www.aircompressormpc.com\/fr\/wp-json\/wp\/v2\/product_cat?post=13081"},{"taxonomy":"product_tag","embeddable":true,"href":"https:\/\/www.aircompressormpc.com\/fr\/wp-json\/wp\/v2\/product_tag?post=13081"}],"curies":[{"name":"wp","href":"https:\/\/api.w.org\/{rel}","templated":true}]}}