{"id":13055,"date":"2022-10-03T10:30:50","date_gmt":"2022-10-03T10:30:50","guid":{"rendered":"https:\/\/www.aircompressormpc.com\/producto\/compresseur-cd-251-50-l\/"},"modified":"2025-03-03T13:47:23","modified_gmt":"2025-03-03T13:47:23","slug":"compresseur-cd-251-50-l","status":"publish","type":"product","link":"https:\/\/www.aircompressormpc.com\/fr\/producto\/compresseur-cd-251-50-l\/","title":{"rendered":"COMPRESSEUR CD 251 (50 L)"},"content":{"rendered":"<h1><span style=\"color: #ff0000;\"><strong>Compresseur coaxial avec r\u00e9servoir de 50 litres.<\/strong><\/span><\/h1>\n<h2><strong>Le compresseur CD 251 est l&rsquo;outil de travail id\u00e9al pour les petits travaux de bricolage ou les travaux occasionnels qui n\u00e9cessitent un haut niveau de performance.<\/strong><\/h2>\n<p>&#8211; \u00c9lectrocompresseur portable 2 Hp\/50 Lts.<\/p>\n<p>T\u00eate avec moteur \u00e0 double piston \u00e0 faible vitesse. Haute performance et haute fiabilit\u00e9. Bo\u00eetier en plastique robuste qui prot\u00e8ge compl\u00e8tement la t\u00eate. Gr\u00e2ce \u00e0 ses roues coulissantes, le compresseur est facile \u00e0 transporter.<\/p>\n<table border=\"0\" frame=\"VOID\" rules=\"NONE\" cellspacing=\"0\">\n<colgroup>\n<col width=\"138\" \/>\n<col width=\"138\" \/>\n<col width=\"138\" \/>\n<col width=\"138\" \/>\n<col width=\"138\" \/>\n<col width=\"138\" \/>\n<col width=\"138\" \/><\/colgroup>\n<tbody>\n<tr>\n<td align=\"CENTER\" bgcolor=\"#CD1619\" width=\"138\" height=\"32\"><b><span style=\"color: #ffffff;\">Code<\/span><\/b><\/td>\n<td align=\"CENTER\" bgcolor=\"#CD1619\" width=\"138\"><b><span style=\"color: #ffffff;\">Nom<\/span><\/b><\/td>\n<td align=\"CENTER\" bgcolor=\"#CD1619\" width=\"138\"><b><span style=\"color: #ffffff;\">Tension<\/span><\/b><\/td>\n<td align=\"CENTER\" bgcolor=\"#CD1619\" width=\"138\"><b><span style=\"color: #ffffff;\">Puissance<\/span><\/b><\/td>\n<td align=\"CENTER\" bgcolor=\"#CD1619\" width=\"138\"><b><span style=\"color: #ffffff;\">Poids<\/span><\/b><\/td>\n<td align=\"CENTER\" bgcolor=\"#CD1619\" width=\"138\"><b><span style=\"color: #ffffff;\">P.max<\/span><\/b><\/td>\n<\/tr>\n<tr>\n<td align=\"CENTER\" bgcolor=\"#DCE2EB\" height=\"17\"><b><span style=\"color: #cd1619;\">1.100.155<\/span><\/b><\/td>\n<td align=\"CENTER\"><span style=\"color: #cd1619;\">CD 251<\/span><\/td>\n<td align=\"CENTER\">230\/50\/II<\/td>\n<td align=\"CENTER\">2 HP<\/td>\n<td align=\"CENTER\">27<\/td>\n<td align=\"CENTER\">8<\/td>\n<\/tr>\n<\/tbody>\n<\/table>\n<p>&nbsp;<\/p>\n","protected":false},"excerpt":{"rendered":"<p><img loading=\"lazy\" decoding=\"async\" class=\"alignleft wp-image-13049 size-full\" src=\"https:\/\/www.aircompressormpc.com\/wp-content\/uploads\/2022\/10\/1.100.155-cd251-1.jpg\" alt=\"\" width=\"760\" height=\"308\" srcset=\"https:\/\/www.aircompressormpc.com\/wp-content\/uploads\/2022\/10\/1.100.155-cd251-1.jpg 760w, https:\/\/www.aircompressormpc.com\/wp-content\/uploads\/2022\/10\/1.100.155-cd251-1-300x122.jpg 300w, https:\/\/www.aircompressormpc.com\/wp-content\/uploads\/2022\/10\/1.100.155-cd251-1-600x243.jpg 600w, https:\/\/www.aircompressormpc.com\/wp-content\/uploads\/2022\/10\/1.100.155-cd251-1-64x26.jpg 64w\" sizes=\"auto, (max-width: 760px) 100vw, 760px\" \/><\/p>\n","protected":false},"featured_media":9217,"template":"","meta":[],"product_brand":[],"product_cat":[1145,970,704,703],"product_tag":[683,971,868,682],"class_list":{"0":"post-13055","1":"product","2":"type-product","3":"status-publish","4":"has-post-thumbnail","6":"product_cat-compresseur-avec-huile","7":"product_cat-compresseur-coaxial","8":"product_cat-compresseurs-a-piston","9":"product_cat-electrocompresseurs","10":"product_tag-50-litres-fr","11":"product_tag-8-bar-fr","12":"product_tag-coaxial-fr","13":"product_tag-compresseur-fr","15":"first","16":"instock","17":"shipping-taxable","18":"purchasable","19":"product-type-simple"},"aioseo_notices":[],"_links":{"self":[{"href":"https:\/\/www.aircompressormpc.com\/fr\/wp-json\/wp\/v2\/product\/13055","targetHints":{"allow":["GET"]}}],"collection":[{"href":"https:\/\/www.aircompressormpc.com\/fr\/wp-json\/wp\/v2\/product"}],"about":[{"href":"https:\/\/www.aircompressormpc.com\/fr\/wp-json\/wp\/v2\/types\/product"}],"wp:featuredmedia":[{"embeddable":true,"href":"https:\/\/www.aircompressormpc.com\/fr\/wp-json\/wp\/v2\/media\/9217"}],"wp:attachment":[{"href":"https:\/\/www.aircompressormpc.com\/fr\/wp-json\/wp\/v2\/media?parent=13055"}],"wp:term":[{"taxonomy":"product_brand","embeddable":true,"href":"https:\/\/www.aircompressormpc.com\/fr\/wp-json\/wp\/v2\/product_brand?post=13055"},{"taxonomy":"product_cat","embeddable":true,"href":"https:\/\/www.aircompressormpc.com\/fr\/wp-json\/wp\/v2\/product_cat?post=13055"},{"taxonomy":"product_tag","embeddable":true,"href":"https:\/\/www.aircompressormpc.com\/fr\/wp-json\/wp\/v2\/product_tag?post=13055"}],"curies":[{"name":"wp","href":"https:\/\/api.w.org\/{rel}","templated":true}]}}