{"id":12804,"date":"2024-04-26T09:38:30","date_gmt":"2024-04-26T09:38:30","guid":{"rendered":"https:\/\/www.aircompressormpc.com\/?post_type=product&#038;p=12804"},"modified":"2025-03-07T08:59:22","modified_gmt":"2025-03-07T08:59:22","slug":"moteur-compresseur-eolo-130-270-l","status":"publish","type":"product","link":"https:\/\/www.aircompressormpc.com\/fr\/producto\/moteur-compresseur-eolo-130-270-l\/","title":{"rendered":"MOTEUR COMPRESSEUR EOLO 130 (270 L)"},"content":{"rendered":"<h1><span lang=\"en-us\" style=\"color: #ff0000;\" xml:lang=\"en-us\">Mod\u00e8le EOLO. Compresseur avec moteur \u00e0 essence.<\/span><\/h1>\n<h2>Motocompresseur 270Lts pour v\u00e9hicule d&rsquo;assistance avec une aspiration de 1.200 lts\/min. et une pression maximale de 15 Bar.<\/h2>\n<h4><span style=\"color: #000000;\">Moteur GX390 + M700<\/span><\/h4>\n<p>Motocompresseur avec moteur \u00e0 combustion HONDA (S\u00e9rie GX), mont\u00e9 sur un double lit en Duraluminium \u00e0 haute r\u00e9sistance pour absorber les vibrations, sur un r\u00e9servoir de 270 Lts\/ 15 Bar, r\u00e9alisant ainsi l&rsquo;effet minimum des vibrations sur le r\u00e9servoir d&rsquo;air.<\/p>\n<table border=\"0\" frame=\"VOID\" rules=\"NONE\" cellspacing=\"0\">\n<colgroup>\n<col width=\"86\" \/>\n<col width=\"86\" \/>\n<col width=\"86\" \/>\n<col width=\"86\" \/>\n<col width=\"86\" \/>\n<col width=\"86\" \/>\n<col width=\"86\" \/>\n<col width=\"86\" \/>\n<col width=\"86\" \/><\/colgroup>\n<tbody>\n<tr>\n<td align=\"CENTER\" bgcolor=\"#D80000\" width=\"86\" height=\"33\"><b><span style=\"color: #ffffff; font-family: Futura Std Condensed;\">Code<\/span><\/b><\/td>\n<td align=\"CENTER\" bgcolor=\"#D80000\" width=\"86\"><b><span style=\"color: #ffffff; font-family: Futura Std Condensed;\">Mod\u00e8le<br \/>\n<\/span><\/b><\/td>\n<td align=\"CENTER\" bgcolor=\"#D80000\" width=\"86\"><b><i><span style=\"color: #ffffff; font-family: Futura Std Condensed;\">Litres<\/span><\/i><\/b><\/td>\n<td align=\"CENTER\" bgcolor=\"#D80000\" width=\"86\"><b><i><span style=\"color: #ffffff; font-family: Futura Std Condensed;\"><br \/>\nAir d&rsquo;admission (l\/min)<\/span><\/i><\/b><\/td>\n<td align=\"CENTER\" bgcolor=\"#D80000\" width=\"86\"><b><i><span style=\"color: #ffffff; font-family: Futura Std Condensed;\">Puissance (HP)<\/span><\/i><\/b><\/td>\n<td align=\"CENTER\" bgcolor=\"#D80000\" width=\"86\"><b><i><span style=\"color: #ffffff; font-family: Futura Std Condensed;\">P.max.<br \/>\n(Bar)<\/span><\/i><\/b><\/td>\n<td align=\"CENTER\" bgcolor=\"#D80000\" width=\"86\"><b><span style=\"color: #ffffff; font-family: Futura Std Condensed;\"><br \/>\nPoids (Kg)<\/span><\/b><\/td>\n<td align=\"CENTER\" bgcolor=\"#D80000\" width=\"86\"><b><i><span style=\"color: #ffffff; font-family: Futura Std Condensed;\">Longueur\/largeur\/hauteur (cm)<\/span><\/i><\/b><\/td>\n<td align=\"CENTER\" bgcolor=\"#D80000\" width=\"86\"><b><span style=\"color: #ffffff; font-family: Futura Std Condensed;\">D\u00e9but<\/span><\/b><\/td>\n<\/tr>\n<tr>\n<td align=\"CENTER\" bgcolor=\"#D5E9F0\" height=\"32\"><b><span style=\"color: #d80000; font-family: Futura Std Condensed;\">1.101.516<\/span><\/b><\/td>\n<td align=\"CENTER\"><b><span style=\"color: #d80000; font-family: Futura Std Condensed;\"><br \/>\nEOLO 130-270\/E<\/span><\/b><\/td>\n<td align=\"CENTER\"><span style=\"color: #000000; font-family: Futura Std Condensed;\">270<\/span><\/td>\n<td align=\"CENTER\"><span style=\"color: #000000; font-family: Futura Std Condensed;\">1.200<\/span><\/td>\n<td align=\"CENTER\"><span style=\"color: #000000; font-family: Futura Std Condensed;\">13<\/span><\/td>\n<td align=\"CENTER\"><span style=\"color: #000000; font-family: Futura Std Condensed;\">14<\/span><\/td>\n<td align=\"CENTER\"><span style=\"color: #000000; font-family: Futura Std Condensed;\">230<\/span><\/td>\n<td align=\"CENTER\"><span style=\"color: #000000; font-family: Futura Std Condensed;\">156x57x122<\/span><\/td>\n<td align=\"CENTER\"><span style=\"color: #d80000; font-family: Futura Std Condensed;\">\u00c9lectrique\/Manuel<\/span><\/td>\n<\/tr>\n<\/tbody>\n<\/table>\n","protected":false},"excerpt":{"rendered":"<p><img loading=\"lazy\" decoding=\"async\" class=\"alignleft wp-image-16416 size-full\" src=\"https:\/\/www.aircompressormpc.com\/wp-content\/uploads\/2024\/04\/1.101.516.jpg\" alt=\"\" width=\"587\" height=\"280\" srcset=\"https:\/\/www.aircompressormpc.com\/wp-content\/uploads\/2024\/04\/1.101.516.jpg 587w, https:\/\/www.aircompressormpc.com\/wp-content\/uploads\/2024\/04\/1.101.516-300x143.jpg 300w, https:\/\/www.aircompressormpc.com\/wp-content\/uploads\/2024\/04\/1.101.516-64x31.jpg 64w\" sizes=\"auto, (max-width: 587px) 100vw, 587px\" \/> <img loading=\"lazy\" decoding=\"async\" class=\"alignnone wp-image-3008 size-medium\" src=\"https:\/\/www.aircompressormpc.com\/wp-content\/uploads\/2022\/03\/logotipos_eolo_200-iconos-eolo-200-e1713430286571-300x117.png\" alt=\"TCS VRS\" width=\"300\" height=\"117\" srcset=\"https:\/\/www.aircompressormpc.com\/wp-content\/uploads\/2022\/03\/logotipos_eolo_200-iconos-eolo-200-e1713430286571-300x117.png 300w, https:\/\/www.aircompressormpc.com\/wp-content\/uploads\/2022\/03\/logotipos_eolo_200-iconos-eolo-200-e1713430286571-64x25.png 64w, https:\/\/www.aircompressormpc.com\/wp-content\/uploads\/2022\/03\/logotipos_eolo_200-iconos-eolo-200-e1713430286571.png 343w\" sizes=\"auto, (max-width: 300px) 100vw, 300px\" \/> <img loading=\"lazy\" decoding=\"async\" class=\"alignnone size-medium wp-image-2903\" src=\"https:\/\/www.aircompressormpc.com\/wp-content\/uploads\/2022\/01\/TCS-300x122.png\" alt=\"TCS\" width=\"300\" height=\"122\" srcset=\"https:\/\/www.aircompressormpc.com\/wp-content\/uploads\/2022\/01\/TCS-300x122.png 300w, https:\/\/www.aircompressormpc.com\/wp-content\/uploads\/2022\/01\/TCS.png 308w\" sizes=\"auto, (max-width: 300px) 100vw, 300px\" \/><\/p>\n","protected":false},"featured_media":15737,"template":"","meta":[],"product_brand":[],"product_cat":[679,828,1219,680],"product_tag":[1233,1213,723,829,687,686,864],"class_list":{"0":"post-12804","1":"product","2":"type-product","3":"status-publish","4":"has-post-thumbnail","6":"product_cat-motocompresseurs","7":"product_cat-serie-eolo","8":"product_cat-serie-eolo-gasolina-fr","9":"product_cat-unites-mobiles","10":"product_tag-1-250-l-m-fr","11":"product_tag-13-bar-fr","12":"product_tag-270-litres-fr","13":"product_tag-eolienne","14":"product_tag-equipement-des-vehicules-fr","15":"product_tag-essence-fr","16":"product_tag-moteur-honda","18":"first","19":"instock","20":"shipping-taxable","21":"purchasable","22":"product-type-simple"},"aioseo_notices":[],"_links":{"self":[{"href":"https:\/\/www.aircompressormpc.com\/fr\/wp-json\/wp\/v2\/product\/12804","targetHints":{"allow":["GET"]}}],"collection":[{"href":"https:\/\/www.aircompressormpc.com\/fr\/wp-json\/wp\/v2\/product"}],"about":[{"href":"https:\/\/www.aircompressormpc.com\/fr\/wp-json\/wp\/v2\/types\/product"}],"wp:featuredmedia":[{"embeddable":true,"href":"https:\/\/www.aircompressormpc.com\/fr\/wp-json\/wp\/v2\/media\/15737"}],"wp:attachment":[{"href":"https:\/\/www.aircompressormpc.com\/fr\/wp-json\/wp\/v2\/media?parent=12804"}],"wp:term":[{"taxonomy":"product_brand","embeddable":true,"href":"https:\/\/www.aircompressormpc.com\/fr\/wp-json\/wp\/v2\/product_brand?post=12804"},{"taxonomy":"product_cat","embeddable":true,"href":"https:\/\/www.aircompressormpc.com\/fr\/wp-json\/wp\/v2\/product_cat?post=12804"},{"taxonomy":"product_tag","embeddable":true,"href":"https:\/\/www.aircompressormpc.com\/fr\/wp-json\/wp\/v2\/product_tag?post=12804"}],"curies":[{"name":"wp","href":"https:\/\/api.w.org\/{rel}","templated":true}]}}