{"id":12390,"date":"2024-04-03T09:51:30","date_gmt":"2024-04-03T09:51:30","guid":{"rendered":"https:\/\/www.aircompressormpc.com\/?post_type=product&#038;p=12390"},"modified":"2024-05-03T11:29:42","modified_gmt":"2024-05-03T11:29:42","slug":"pistola-de-pintar-por-succion","status":"publish","type":"product","link":"https:\/\/www.aircompressormpc.com\/fr\/producto\/pistola-de-pintar-por-succion\/","title":{"rendered":"PISTOLA DE PINTAR POR SUCCI\u00d3N"},"content":{"rendered":"<h1>Pistola neum\u00e1tica de pintura por succi\u00f3n J-4001<\/h1>\n<ul>\n<li>Ajuste del flujo de pintura, con boquilla de 2 mm. Abrazadera tipo ventosa.<\/li>\n<li>Pico y aguja de fluido de acero inoxidable para una larga vida \u00fatil.<\/li>\n<\/ul>\n<p><strong>Usos de la pistola de pintar J 4001:<\/strong><\/p>\n<p>Para aplicaci\u00f3n de pinturas en el taller automotriz, industria carrocera, industria metal-mec\u00e1nica, industria del mueble y la madera, maquinaria en general.<\/p>\n<table border=\"0\" frame=\"VOID\" rules=\"NONE\" cellspacing=\"0\">\n<tbody>\n<tr>\n<td align=\"CENTER\" bgcolor=\"#CC1718\"><span style=\"color: #ffffff; font-family: Futura Std Condensed;\">C\u00f3digo <\/span><\/td>\n<td align=\"CENTER\" bgcolor=\"#CC1718\"><span style=\"color: #ffffff; font-family: Futura Std Condensed;\">Modelo<\/span><\/td>\n<\/tr>\n<tr>\n<td align=\"CENTER\" bgcolor=\"#D9D9D9\"><b><span style=\"color: #cc1718; font-family: Futura Std Condensed;\">\u00a03.270.811\u00a0\u00a0<\/span><\/b><\/td>\n<td align=\"CENTER\"><span style=\"color: #000000; font-family: Futura Std Condensed;\">\u00a0J-4001\u00a0<\/span><\/td>\n<\/tr>\n<\/tbody>\n<\/table>\n<p>&nbsp;<\/p>\n<table class=\"table-module--table--14U-e \">\n<caption><strong>INFORMACI\u00d3N TECNICA \u2013 PISTOLA J 4001<\/strong><\/caption>\n<tbody>\n<tr>\n<td>Consumo de aire<\/td>\n<td>270-380 l\/min<\/td>\n<\/tr>\n<tr>\n<td>Presi\u00f3n de aire de entrada max.<\/td>\n<td>4 bar<\/td>\n<\/tr>\n<tr>\n<td>Peso neto<\/td>\n<td>0,75 kg<\/td>\n<\/tr>\n<tr>\n<td>Presi\u00f3n de entrada recomendada<\/td>\n<td>2,0 bar<\/td>\n<\/tr>\n<tr>\n<td>Distancia de pintura recomendada<\/td>\n<td>10 &#8211; 15 cm<\/td>\n<\/tr>\n<tr>\n<td>Tama\u00f1o de la boquilla<\/td>\n<td>\u00a01.8 mm<\/td>\n<\/tr>\n<tr>\n<td>Tecnolog\u00eda de boquillas<\/td>\n<td>HVLP<\/td>\n<\/tr>\n<tr>\n<td>Dep\u00f3sito<\/td>\n<td>fabricado en nylon de 1.000 cc con tapa antigoteo<\/td>\n<\/tr>\n<tr>\n<td>Pico y aguja<\/td>\n<td>Acero inoxidable<\/td>\n<\/tr>\n<\/tbody>\n<\/table>\n<p>&nbsp;<\/p>\n<p>Es f\u00e1cilmente adaptable a mangueras de <b>compresores con rosca 1\/4&Prime;\/ boquilla r\u00e1pida 1\/4&Prime;.<\/b><\/p>\n<h3>INCLUYE:<\/h3>\n<ul>\n<li>Boquilla salida 1.8 mm .<\/li>\n<li>Vaso 1.000 ml.<\/li>\n<li>Cepillo de limpieza<\/li>\n<li>Llave de ajuste.<\/li>\n<\/ul>\n<h3>OPCIONAL:<\/h3>\n<ul>\n<li>6.200.070 KIT BOQUILLA + AGUJA + DIFUSOR D 1.4 MM J-4001<\/li>\n<li>6.200.071 KIT BOQUILLA + AGUJA + DIFUSOR D 1.6 MM J-4001<\/li>\n<li>6.200.072 KIT BOQUILLA + AGUJA + DIFUSOR D 1.8 MM J-4001<\/li>\n<li>6.200.073 KIT BOQUILLA + AGUJA + DIFUSOR D 2.0 MM J-4001<\/li>\n<li>6.200.074 KIT BOQUILLA + AGUJA + DIFUSOR D 2.2 MM J-4001<\/li>\n<li>6.200.075 KIT BOQUILLA + AGUJA + DIFUSOR D 2.5 MM J-4001<\/li>\n<\/ul>\n<p>&nbsp;<\/p>\n","protected":false},"excerpt":{"rendered":"<p><img loading=\"lazy\" decoding=\"async\" class=\"alignleft wp-image-12956 size-full\" src=\"https:\/\/www.aircompressormpc.com\/wp-content\/uploads\/2024\/04\/icono-3.270.811.jpg\" alt=\"\" width=\"691\" height=\"340\" srcset=\"https:\/\/www.aircompressormpc.com\/wp-content\/uploads\/2024\/04\/icono-3.270.811.jpg 691w, https:\/\/www.aircompressormpc.com\/wp-content\/uploads\/2024\/04\/icono-3.270.811-300x148.jpg 300w, https:\/\/www.aircompressormpc.com\/wp-content\/uploads\/2024\/04\/icono-3.270.811-600x295.jpg 600w, https:\/\/www.aircompressormpc.com\/wp-content\/uploads\/2024\/04\/icono-3.270.811-64x31.jpg 64w\" sizes=\"auto, (max-width: 691px) 100vw, 691px\" \/><\/p>\n","protected":false},"featured_media":12968,"template":"","meta":[],"product_brand":[],"product_cat":[545,548],"product_tag":[449,487],"class_list":{"0":"post-12390","1":"product","2":"type-product","3":"status-publish","4":"has-post-thumbnail","6":"product_cat-herramienta-neumatica","7":"product_cat-pistolas","8":"product_tag-mpc","9":"product_tag-pistola-inflaneumaticos","11":"first","12":"instock","13":"shipping-taxable","14":"purchasable","15":"product-type-simple"},"aioseo_notices":[],"_links":{"self":[{"href":"https:\/\/www.aircompressormpc.com\/fr\/wp-json\/wp\/v2\/product\/12390","targetHints":{"allow":["GET"]}}],"collection":[{"href":"https:\/\/www.aircompressormpc.com\/fr\/wp-json\/wp\/v2\/product"}],"about":[{"href":"https:\/\/www.aircompressormpc.com\/fr\/wp-json\/wp\/v2\/types\/product"}],"wp:featuredmedia":[{"embeddable":true,"href":"https:\/\/www.aircompressormpc.com\/fr\/wp-json\/wp\/v2\/media\/12968"}],"wp:attachment":[{"href":"https:\/\/www.aircompressormpc.com\/fr\/wp-json\/wp\/v2\/media?parent=12390"}],"wp:term":[{"taxonomy":"product_brand","embeddable":true,"href":"https:\/\/www.aircompressormpc.com\/fr\/wp-json\/wp\/v2\/product_brand?post=12390"},{"taxonomy":"product_cat","embeddable":true,"href":"https:\/\/www.aircompressormpc.com\/fr\/wp-json\/wp\/v2\/product_cat?post=12390"},{"taxonomy":"product_tag","embeddable":true,"href":"https:\/\/www.aircompressormpc.com\/fr\/wp-json\/wp\/v2\/product_tag?post=12390"}],"curies":[{"name":"wp","href":"https:\/\/api.w.org\/{rel}","templated":true}]}}