{"id":12389,"date":"2024-04-01T07:43:44","date_gmt":"2024-04-01T07:43:44","guid":{"rendered":"https:\/\/www.aircompressormpc.com\/?post_type=product&#038;p=12389"},"modified":"2024-08-01T07:31:43","modified_gmt":"2024-08-01T07:31:43","slug":"mini-pistolet-de-pulverisation-par-gravite","status":"publish","type":"product","link":"https:\/\/www.aircompressormpc.com\/fr\/producto\/mini-pistolet-de-pulverisation-par-gravite\/","title":{"rendered":"MINI PISTOLET DE PULV\u00c9RISATION PAR GRAVIT\u00c9"},"content":{"rendered":"<h1>Pistolet \u00e0 peinture :<\/h1>\n<p>Con\u00e7u pour l&rsquo;application de peinture\/vernis, en pulv\u00e9risant le m\u00e9lange mat\u00e9riau + air \u00e0 basse pression, en contr\u00f4lant les quantit\u00e9s de mat\u00e9riau fournies.<\/p>\n<h3>Caract\u00e9ristiques :<\/h3>\n<ul>\n<li>Capacit\u00e9 du verre 120 ml<\/li>\n<li>Comprend un pas de 0,8 mm.<\/li>\n<\/ul>\n<table border=\"0\" frame=\"VOID\" rules=\"NONE\" cellspacing=\"0\">\n<colgroup>\n<col width=\"86\" \/>\n<col width=\"86\" \/><\/colgroup>\n<tbody>\n<tr>\n<td align=\"CENTER\" bgcolor=\"#CC1718\" width=\"100\"><span style=\"color: #ffffff; font-family: Futura Std Condensed;\">Code <\/span><\/td>\n<td align=\"CENTER\" bgcolor=\"#CC1718\" width=\"150\"><span style=\"color: #ffffff; font-family: Futura Std Condensed;\">Mod\u00e8le<\/span><\/td>\n<\/tr>\n<tr>\n<td align=\"CENTER\" bgcolor=\"#D9D9D9\"><b><span style=\"color: #cc1718; font-family: Futura Std Condensed;\">3.100.019<\/span><\/b><\/td>\n<td align=\"CENTER\"><span style=\"color: #000000; font-family: Futura Std Condensed;\">H &#8211; 827\/MINI<\/span><\/td>\n<\/tr>\n<\/tbody>\n<\/table>\n","protected":false},"excerpt":{"rendered":"<p><img loading=\"lazy\" decoding=\"async\" class=\"alignnone wp-image-5443 size-full\" src=\"https:\/\/www.aircompressormpc.com\/wp-content\/uploads\/2022\/08\/icono-5-e1666350939597.jpg\" alt=\"\" width=\"600\" height=\"162\" srcset=\"https:\/\/www.aircompressormpc.com\/wp-content\/uploads\/2022\/08\/icono-5-e1666350939597.jpg 600w, https:\/\/www.aircompressormpc.com\/wp-content\/uploads\/2022\/08\/icono-5-e1666350939597-300x81.jpg 300w, https:\/\/www.aircompressormpc.com\/wp-content\/uploads\/2022\/08\/icono-5-e1666350939597-64x17.jpg 64w\" sizes=\"auto, (max-width: 600px) 100vw, 600px\" \/><\/p>\n","protected":false},"featured_media":11286,"template":"","meta":[],"product_brand":[],"product_cat":[898,899],"product_tag":[900],"class_list":{"0":"post-12389","1":"product","2":"type-product","3":"status-publish","4":"has-post-thumbnail","6":"product_cat-outil-pneumatique","7":"product_cat-pistolets","8":"product_tag-mpc-fr","10":"first","11":"instock","12":"shipping-taxable","13":"purchasable","14":"product-type-simple"},"aioseo_notices":[],"_links":{"self":[{"href":"https:\/\/www.aircompressormpc.com\/fr\/wp-json\/wp\/v2\/product\/12389","targetHints":{"allow":["GET"]}}],"collection":[{"href":"https:\/\/www.aircompressormpc.com\/fr\/wp-json\/wp\/v2\/product"}],"about":[{"href":"https:\/\/www.aircompressormpc.com\/fr\/wp-json\/wp\/v2\/types\/product"}],"wp:featuredmedia":[{"embeddable":true,"href":"https:\/\/www.aircompressormpc.com\/fr\/wp-json\/wp\/v2\/media\/11286"}],"wp:attachment":[{"href":"https:\/\/www.aircompressormpc.com\/fr\/wp-json\/wp\/v2\/media?parent=12389"}],"wp:term":[{"taxonomy":"product_brand","embeddable":true,"href":"https:\/\/www.aircompressormpc.com\/fr\/wp-json\/wp\/v2\/product_brand?post=12389"},{"taxonomy":"product_cat","embeddable":true,"href":"https:\/\/www.aircompressormpc.com\/fr\/wp-json\/wp\/v2\/product_cat?post=12389"},{"taxonomy":"product_tag","embeddable":true,"href":"https:\/\/www.aircompressormpc.com\/fr\/wp-json\/wp\/v2\/product_tag?post=12389"}],"curies":[{"name":"wp","href":"https:\/\/api.w.org\/{rel}","templated":true}]}}