{"id":12183,"date":"2024-02-14T10:12:04","date_gmt":"2024-02-14T10:12:04","guid":{"rendered":"https:\/\/www.aircompressormpc.com\/?post_type=product&#038;p=12183"},"modified":"2024-05-03T11:43:16","modified_gmt":"2024-05-03T11:43:16","slug":"pistola-de-pintar-gravedad-h-827","status":"publish","type":"product","link":"https:\/\/www.aircompressormpc.com\/fr\/producto\/pistola-de-pintar-gravedad-h-827\/","title":{"rendered":"PISTOLA DE PINTAR GRAVEDAD H-827"},"content":{"rendered":"<h1><span style=\"color: #000000;\">Pistola profesional de pintar por gravedad H-827.<\/span><\/h1>\n<h3>Pistola de pintar para esmaltar y lacar fabricada en acero inoxidable con pico de fluido y aguja en acero inoxidable de serie, dise\u00f1ada para la aplicaci\u00f3n de pintura o barnices.<\/h3>\n<h3>Incorpora regulador de presi\u00f3n para la entrada de aire, proyectando la mezcla material + aire a baja presi\u00f3n, controlando las cantidades de material aportadas.<\/h3>\n<table border=\"0\" frame=\"VOID\" rules=\"NONE\" cellspacing=\"0\">\n<colgroup>\n<col width=\"86\" \/>\n<col width=\"86\" \/><\/colgroup>\n<tbody>\n<tr>\n<td align=\"CENTER\" bgcolor=\"#CD1619\" width=\"86\" height=\"17\"><span style=\"color: #ffffff; font-family: Futura Std Condensed;\">C\u00f3digo <\/span><\/td>\n<td align=\"CENTER\" bgcolor=\"#CD1619\" width=\"86\"><span style=\"color: #ffffff; font-family: Futura Std Condensed;\">Modelo<\/span><\/td>\n<\/tr>\n<tr>\n<td align=\"CENTER\" bgcolor=\"#DADAD9\" height=\"17\"><b><span style=\"color: #cd1619; font-family: Futura Std Condensed;\">3.270.801<\/span><\/b><\/td>\n<td align=\"CENTER\">\u00a0H-827<\/td>\n<\/tr>\n<\/tbody>\n<\/table>\n<h3>Usos pistola aerogr\u00e1fica H &#8211; 827.<\/h3>\n<p>Perfecta para uso industrial, dom\u00e9stico y de automoci\u00f3n as\u00ed como para la aplicaci\u00f3n de barnices, esmaltes, imprimaciones o fondos..<br \/>\nEs apropiada tanto para productos al agua como para productos al disolvente.<\/p>\n<h3>Caracter\u00edsticas:<\/h3>\n<ul>\n<li>Presi\u00f3n de entrada recomendada 2,0 bar.<\/li>\n<li>Distancia de pintura recomendada 15-30 cm<\/li>\n<li>Tecnolog\u00eda de boquillas: HVLP<\/li>\n<li>Dep\u00f3sito fabricado en nylon de 600 cc con tapa antigoteo y filtro de pintura<\/li>\n<li>Pico y aguja de acero inoxidable<\/li>\n<li>Es f\u00e1cilmente adaptable a mangueras de <b>compresores con rosca 1\/4&Prime;\/ boquilla r\u00e1pida 1\/4&Prime;.<\/b><\/li>\n<\/ul>\n<h3>Incluye:<\/h3>\n<ul>\n<li>Boquillas salida 1,4 Y 1,7 mm .<\/li>\n<li>Vaso 600 ml.<\/li>\n<li>Regulador de presi\u00f3n con man\u00f3metro.<\/li>\n<li>Kit herramientas mantenimiento.<\/li>\n<\/ul>\n<p><img loading=\"lazy\" decoding=\"async\" class=\"wp-image-11332 alignleft\" src=\"https:\/\/www.aircompressormpc.com\/wp-content\/uploads\/2021\/04\/1.2-Accesorios-pistola-H-827.jpg\" alt=\"ACCESORIOS DE LA PISTOLA H827\" width=\"605\" height=\"600\" srcset=\"https:\/\/www.aircompressormpc.com\/wp-content\/uploads\/2021\/04\/1.2-Accesorios-pistola-H-827.jpg 1500w, https:\/\/www.aircompressormpc.com\/wp-content\/uploads\/2021\/04\/1.2-Accesorios-pistola-H-827-300x297.jpg 300w, https:\/\/www.aircompressormpc.com\/wp-content\/uploads\/2021\/04\/1.2-Accesorios-pistola-H-827-1024x1014.jpg 1024w, https:\/\/www.aircompressormpc.com\/wp-content\/uploads\/2021\/04\/1.2-Accesorios-pistola-H-827-150x150.jpg 150w, https:\/\/www.aircompressormpc.com\/wp-content\/uploads\/2021\/04\/1.2-Accesorios-pistola-H-827-768x761.jpg 768w, https:\/\/www.aircompressormpc.com\/wp-content\/uploads\/2021\/04\/1.2-Accesorios-pistola-H-827-600x594.jpg 600w, https:\/\/www.aircompressormpc.com\/wp-content\/uploads\/2021\/04\/1.2-Accesorios-pistola-H-827-100x100.jpg 100w, https:\/\/www.aircompressormpc.com\/wp-content\/uploads\/2021\/04\/1.2-Accesorios-pistola-H-827-64x63.jpg 64w\" sizes=\"auto, (max-width: 605px) 100vw, 605px\" \/><\/p>\n<p>&nbsp;<\/p>\n<p>&nbsp;<\/p>\n<p>&nbsp;<\/p>\n<p>&nbsp;<\/p>\n<p>&nbsp;<\/p>\n<p>&nbsp;<\/p>\n<p>&nbsp;<\/p>\n<p>&nbsp;<\/p>\n<p>&nbsp;<\/p>\n<p>&nbsp;<\/p>\n<p>&nbsp;<\/p>\n<p>&nbsp;<\/p>\n<p>&nbsp;<\/p>\n<p>&nbsp;<\/p>\n<p>&nbsp;<\/p>\n<p>&nbsp;<\/p>\n<h3>Recambios:<\/h3>\n<ul>\n<li>6.200.020 Kit boquilla aguja D 1,2mm<\/li>\n<li>6.200.021 Kit boquilla aguja D 1,4mm<\/li>\n<li>6.200.022 Kit boquilla aguja D 1,7mm<\/li>\n<li>6.200.023 Kit boquilla aguja D 2,0mm<\/li>\n<li>2.200.062 Rollo manguera 15 Mts con racores.<\/li>\n<\/ul>\n<p><iframe loading=\"lazy\" style=\"max-width: 100%; max-height: 100vw;\" src=\"https:\/\/spinzam.com\/shot\/embed\/?idx=432626\" width=\"640\" height=\"640\" frameborder=\"0\" scrolling=\"no\"><\/iframe><\/p>\n","protected":false},"excerpt":{"rendered":"<p><img loading=\"lazy\" decoding=\"async\" class=\"alignleft wp-image-12977 size-full\" src=\"https:\/\/www.aircompressormpc.com\/wp-content\/uploads\/2024\/02\/ICONO-3.270.801.jpg\" alt=\"\" width=\"688\" height=\"346\" srcset=\"https:\/\/www.aircompressormpc.com\/wp-content\/uploads\/2024\/02\/ICONO-3.270.801.jpg 688w, https:\/\/www.aircompressormpc.com\/wp-content\/uploads\/2024\/02\/ICONO-3.270.801-300x151.jpg 300w, https:\/\/www.aircompressormpc.com\/wp-content\/uploads\/2024\/02\/ICONO-3.270.801-600x302.jpg 600w, https:\/\/www.aircompressormpc.com\/wp-content\/uploads\/2024\/02\/ICONO-3.270.801-64x32.jpg 64w\" sizes=\"auto, (max-width: 688px) 100vw, 688px\" \/><\/p>\n","protected":false},"featured_media":12974,"template":"","meta":[],"product_brand":[],"product_cat":[545,548],"product_tag":[449,485,483,484],"class_list":{"0":"post-12183","1":"product","2":"type-product","3":"status-publish","4":"has-post-thumbnail","6":"product_cat-herramienta-neumatica","7":"product_cat-pistolas","8":"product_tag-mpc","9":"product_tag-pistola-gravedad","10":"product_tag-pistola-para-compresor","11":"product_tag-pistola-para-pintar","13":"first","14":"instock","15":"shipping-taxable","16":"purchasable","17":"product-type-simple"},"aioseo_notices":[],"_links":{"self":[{"href":"https:\/\/www.aircompressormpc.com\/fr\/wp-json\/wp\/v2\/product\/12183","targetHints":{"allow":["GET"]}}],"collection":[{"href":"https:\/\/www.aircompressormpc.com\/fr\/wp-json\/wp\/v2\/product"}],"about":[{"href":"https:\/\/www.aircompressormpc.com\/fr\/wp-json\/wp\/v2\/types\/product"}],"wp:featuredmedia":[{"embeddable":true,"href":"https:\/\/www.aircompressormpc.com\/fr\/wp-json\/wp\/v2\/media\/12974"}],"wp:attachment":[{"href":"https:\/\/www.aircompressormpc.com\/fr\/wp-json\/wp\/v2\/media?parent=12183"}],"wp:term":[{"taxonomy":"product_brand","embeddable":true,"href":"https:\/\/www.aircompressormpc.com\/fr\/wp-json\/wp\/v2\/product_brand?post=12183"},{"taxonomy":"product_cat","embeddable":true,"href":"https:\/\/www.aircompressormpc.com\/fr\/wp-json\/wp\/v2\/product_cat?post=12183"},{"taxonomy":"product_tag","embeddable":true,"href":"https:\/\/www.aircompressormpc.com\/fr\/wp-json\/wp\/v2\/product_tag?post=12183"}],"curies":[{"name":"wp","href":"https:\/\/api.w.org\/{rel}","templated":true}]}}