{"id":11854,"date":"2023-12-13T09:12:25","date_gmt":"2023-12-13T09:12:25","guid":{"rendered":"https:\/\/www.aircompressormpc.com\/?post_type=product&#038;p=11854"},"modified":"2025-03-03T11:53:18","modified_gmt":"2025-03-03T11:53:18","slug":"thunder-200-d-50-l","status":"publish","type":"product","link":"https:\/\/www.aircompressormpc.com\/fr\/producto\/thunder-200-d-50-l\/","title":{"rendered":"THUNDER 200 D MMA (270 L)"},"content":{"rendered":"<h1 style=\"text-align: left;\"><span style=\"color: #ff0000;\"><span style=\"color: #ff0000;\">Moteur compresseur \u00e0 moteur diesel appartenant \u00e0 notre s\u00e9rie THUNDER.<\/span><\/span><\/h1>\n<h3 style=\"text-align: left;\"><strong>LOMBARDINI LDW702 &#8211; 270 LITRES<\/strong><\/h3>\n<p>Moteur compresseur de 270Lts pour v\u00e9hicule d&rsquo;assistance avec aspiration de 1.200 lts\/min. et pression maximale de 14 Bar, int\u00e9grant un g\u00e9n\u00e9rateur de 4.5 Kva\/II avec moteur DC 220Amp.<\/p>\n<table border=\"0\" frame=\"VOID\" rules=\"NONE\" cellspacing=\"0\">\n<tbody>\n<tr>\n<td align=\"CENTER\" bgcolor=\"#CA1E16\" width=\"86\" height=\"32\"><span style=\"color: #ffffff; font-family: Futura Std Condensed;\">C<\/span><span style=\"color: #ffffff; font-family: Futura Std Condensed;\">code<\/span><\/td>\n<td align=\"CENTER\" bgcolor=\"#CA1E16\" width=\"120\"><span style=\"color: #ffffff; font-family: Futura Std Condensed;\">Mod\u00e8le<br \/>\n<\/span><\/td>\n<td align=\"CENTER\" bgcolor=\"#CA1E16\" width=\"86\"><span style=\"color: #ffffff; font-family: Futura Std Condensed;\">Litres<\/span><\/td>\n<td align=\"CENTER\" bgcolor=\"#CA1E16\" width=\"86\"><span style=\"color: #ffffff; font-family: Futura Std Condensed;\">G\u00e9n\u00e9rateur<\/span><\/td>\n<td align=\"CENTER\" bgcolor=\"#CA1E16\" width=\"86\"><span style=\"color: #ffffff; font-family: Futura Std Condensed;\">Air aspir\u00e9<\/span><\/td>\n<td align=\"CENTER\" bgcolor=\"#CA1E16\" width=\"86\"><span style=\"color: #ffffff; font-family: Futura Std Condensed;\">Tension de sortie<br \/>\n<\/span><\/td>\n<td align=\"CENTER\" bgcolor=\"#CA1E16\" width=\"86\"><span style=\"color: #ffffff; font-family: Futura Std Condensed;\">Puissance (HP)<\/span><\/td>\n<td align=\"CENTER\" bgcolor=\"#CA1E16\" width=\"86\"><span style=\"color: #ffffff; font-family: Futura Std Condensed;\">P.max.<br \/>\n(Bar)<\/span><\/td>\n<td align=\"CENTER\" bgcolor=\"#CA1E16\" width=\"86\"><span style=\"color: #ffffff; font-family: Futura Std Condensed;\">Longueur\/largeur\/hauteur (cm)<\/span><\/td>\n<td align=\"CENTER\" bgcolor=\"#CA1E16\" width=\"86\"><span style=\"color: #ffffff; font-family: Futura Std Condensed;\">D\u00e9but<\/span><\/td>\n<\/tr>\n<tr>\n<td align=\"CENTER\" bgcolor=\"#DCE2EB\" height=\"32\"><b><span style=\"color: #ca1e16; font-family: Futura Std Condensed;\">1.211.510<\/span><\/b><\/td>\n<td align=\"CENTER\"><b><span style=\"color: #ca1e16; font-family: Futura Std Condensed;\">THUNDER <\/span><\/b><b><span style=\"color: #ca1e16; font-family: Futura Std Condensed;\">200 D<br \/>\nMMA SINGLE PHASE<\/span><\/b><\/td>\n<td align=\"CENTER\"><span style=\"color: #000000; font-family: Futura Std Condensed;\">270<\/span><\/td>\n<td align=\"LEFT\"><span style=\"color: #000000; font-family: Futura Std Condensed;\">220 A MMA &#8211; 4.5 Kva II<\/span><\/td>\n<td align=\"CENTER\"><span style=\"color: #000000; font-family: Futura Std Condensed;\">1.200<\/span><\/td>\n<td align=\"LEFT\"><span style=\"color: #000000; font-family: Futura Std Condensed;\"> 230V &#8211; 50 Hz (II)<\/span><\/td>\n<td align=\"CENTER\"><span style=\"color: #000000; font-family: Futura Std Condensed;\">16<\/span><\/td>\n<td align=\"CENTER\"><span style=\"color: #000000; font-family: Futura Std Condensed;\">14<\/span><\/td>\n<td align=\"LEFT\"><span style=\"color: #000000; font-family: Futura Std Condensed;\">158 x 65 x 144<\/span><\/td>\n<td align=\"CENTER\"><span style=\"color: #ca1e16; font-family: Futura Std Condensed;\">\u00c9lectricit\u00e9<\/span><\/td>\n<\/tr>\n<\/tbody>\n<\/table>\n<p>&nbsp;<\/p>\n","protected":false},"excerpt":{"rendered":"<p><img loading=\"lazy\" decoding=\"async\" class=\"alignleft wp-image-16249 size-full\" src=\"https:\/\/www.aircompressormpc.com\/wp-content\/uploads\/2023\/12\/1.211.510-5.jpg\" alt=\"\" width=\"733\" height=\"284\" srcset=\"https:\/\/www.aircompressormpc.com\/wp-content\/uploads\/2023\/12\/1.211.510-5.jpg 733w, https:\/\/www.aircompressormpc.com\/wp-content\/uploads\/2023\/12\/1.211.510-5-300x116.jpg 300w, https:\/\/www.aircompressormpc.com\/wp-content\/uploads\/2023\/12\/1.211.510-5-600x232.jpg 600w, https:\/\/www.aircompressormpc.com\/wp-content\/uploads\/2023\/12\/1.211.510-5-64x25.jpg 64w\" sizes=\"auto, (max-width: 733px) 100vw, 733px\" \/><\/p>\n<p><img loading=\"lazy\" decoding=\"async\" class=\"wp-image-3026 alignnone\" src=\"https:\/\/www.aircompressormpc.com\/wp-content\/uploads\/2022\/03\/AVR2-300x143.png\" alt=\"\" width=\"147\" height=\"70\" srcset=\"https:\/\/www.aircompressormpc.com\/wp-content\/uploads\/2022\/03\/AVR2-300x143.png 300w, https:\/\/www.aircompressormpc.com\/wp-content\/uploads\/2022\/03\/AVR2-1024x487.png 1024w, https:\/\/www.aircompressormpc.com\/wp-content\/uploads\/2022\/03\/AVR2-768x366.png 768w, https:\/\/www.aircompressormpc.com\/wp-content\/uploads\/2022\/03\/AVR2-1536x731.png 1536w, https:\/\/www.aircompressormpc.com\/wp-content\/uploads\/2022\/03\/AVR2-600x286.png 600w, https:\/\/www.aircompressormpc.com\/wp-content\/uploads\/2022\/03\/AVR2.png 1706w\" sizes=\"auto, (max-width: 147px) 100vw, 147px\" \/><img loading=\"lazy\" decoding=\"async\" class=\"alignnone wp-image-2903\" src=\"https:\/\/www.aircompressormpc.com\/wp-content\/uploads\/2022\/01\/TCS-300x122.png\" alt=\"TCS\" width=\"133\" height=\"54\" srcset=\"https:\/\/www.aircompressormpc.com\/wp-content\/uploads\/2022\/01\/TCS-300x125.png 300w, https:\/\/www.aircompressormpc.com\/wp-content\/uploads\/2022\/01\/TCS.png 308w\" sizes=\"auto, (max-width: 133px) 100vw, 133px\" \/><img loading=\"lazy\" decoding=\"async\" class=\"alignnone wp-image-3008\" src=\"https:\/\/www.aircompressormpc.com\/wp-content\/uploads\/2022\/03\/logotipos_eolo_200-iconos-eolo-200-e1713430286571-300x117.png\" alt=\"TCS VRS\" width=\"141\" height=\"55\" srcset=\"https:\/\/www.aircompressormpc.com\/wp-content\/uploads\/2022\/03\/logotipos_eolo_200-iconos-eolo-200-e1713430286571-300x117.png 300w, https:\/\/www.aircompressormpc.com\/wp-content\/uploads\/2022\/03\/logotipos_eolo_200-iconos-eolo-200-e1713430286571-64x25.png 64w, https:\/\/www.aircompressormpc.com\/wp-content\/uploads\/2022\/03\/logotipos_eolo_200-iconos-eolo-200-e1713430286571.png 343w\" sizes=\"auto, (max-width: 141px) 100vw, 141px\" \/><\/p>\n","protected":false},"featured_media":7491,"template":"","meta":[],"product_brand":[],"product_cat":[679,681,680,1238],"product_tag":[1214,685,1355,895,873,687,864,1242],"class_list":{"0":"post-11854","1":"product","2":"type-product","3":"status-publish","4":"has-post-thumbnail","6":"product_cat-motocompresseurs","7":"product_cat-serie-thunder","8":"product_cat-unites-mobiles","9":"product_cat-serie-diesel-thunder","10":"product_tag-1-200-litres-min","11":"product_tag-14-bar-fr","12":"product_tag-16-hp-fr","13":"product_tag-270-l-fr","14":"product_tag-diesel-fr","15":"product_tag-equipement-des-vehicules-fr","16":"product_tag-moteur-honda","17":"product_tag-thunder-200d-fr","19":"first","20":"instock","21":"shipping-taxable","22":"purchasable","23":"product-type-simple"},"aioseo_notices":[],"_links":{"self":[{"href":"https:\/\/www.aircompressormpc.com\/fr\/wp-json\/wp\/v2\/product\/11854","targetHints":{"allow":["GET"]}}],"collection":[{"href":"https:\/\/www.aircompressormpc.com\/fr\/wp-json\/wp\/v2\/product"}],"about":[{"href":"https:\/\/www.aircompressormpc.com\/fr\/wp-json\/wp\/v2\/types\/product"}],"wp:featuredmedia":[{"embeddable":true,"href":"https:\/\/www.aircompressormpc.com\/fr\/wp-json\/wp\/v2\/media\/7491"}],"wp:attachment":[{"href":"https:\/\/www.aircompressormpc.com\/fr\/wp-json\/wp\/v2\/media?parent=11854"}],"wp:term":[{"taxonomy":"product_brand","embeddable":true,"href":"https:\/\/www.aircompressormpc.com\/fr\/wp-json\/wp\/v2\/product_brand?post=11854"},{"taxonomy":"product_cat","embeddable":true,"href":"https:\/\/www.aircompressormpc.com\/fr\/wp-json\/wp\/v2\/product_cat?post=11854"},{"taxonomy":"product_tag","embeddable":true,"href":"https:\/\/www.aircompressormpc.com\/fr\/wp-json\/wp\/v2\/product_tag?post=11854"}],"curies":[{"name":"wp","href":"https:\/\/api.w.org\/{rel}","templated":true}]}}