{"id":10606,"date":"2023-07-27T10:53:37","date_gmt":"2023-07-27T10:53:37","guid":{"rendered":"https:\/\/www.aircompressormpc.com\/?post_type=product&#038;p=10606"},"modified":"2025-03-04T09:08:34","modified_gmt":"2025-03-04T09:08:34","slug":"moteur-compresseur-strade-65-100-gp-100-l","status":"publish","type":"product","link":"https:\/\/www.aircompressormpc.com\/fr\/producto\/moteur-compresseur-strade-65-100-gp-100-l\/","title":{"rendered":"MOTEUR COMPRESSEUR STRADE-40\/100\/10 (100 L)"},"content":{"rendered":"<h1><span style=\"color: #ff0000;\"><strong>Compresseur \u00e0 essence bi-cylindre bi-\u00e9tag\u00e9 de la s\u00e9rie STRADE, avec r\u00e9servoir de 100 litres.<\/strong><\/span><\/h1>\n<h2>Moteur compresseur de 100Lts avec aspiration de 395 lts\/min. et pression maximale de 9 Bar.<\/h2>\n<p><span style=\"color: #000000;\"><strong>Nos compresseurs de la s\u00e9rie STRADE sont sp\u00e9cialement con\u00e7us pour la plupart des travaux de construction, d&rsquo;entretien des routes et d&rsquo;agriculture. la construction, l&rsquo;entretien des routes et les travaux agricoles. <\/strong><\/span><\/p>\n<p>Si vous \u00eates un agriculteur qui a besoin d&rsquo;un compresseur maniable mais capable d&rsquo;effectuer des travaux complexes, nos compresseurs STRADE sont parfaits pour vous.<\/p>\n<p>Une r\u00e9volution dans le domaine de l&rsquo;air comprim\u00e9, avec une aspiration jusqu&rsquo;\u00e0 395 Lts\/min et une pression maximale de 9 Bar.<\/p>\n<p>\u00c9quip\u00e9 d&rsquo;une culasse en fonte et entra\u00een\u00e9 par un moteur \u00e0 soupapes en t\u00eate, il offre un d\u00e9bit \u00e9lev\u00e9, garantit un faible niveau de bruit et une dur\u00e9e de vie plus longue.<\/p>\n<p>Les compresseurs STRADE sont \u00e9galement facilement transportables car ils sont \u00e9quip\u00e9s de roues et de poign\u00e9es de transport.<\/p>\n<p>Le compresseur STRADE 40-100 est un compresseur \u00e0 deux \u00e9tages, \u00e0 deux cylindres, en fonte, entra\u00een\u00e9 par un moteur \u00e0 soupapes en t\u00eate. Avec vanne automatique.<\/p>\n<p>* R\u00e9servoir horizontal de 100 litres int\u00e9gr\u00e9 \u00e0 l&rsquo;\u00e9quipement.<\/p>\n<table border=\"0\" frame=\"VOID\" rules=\"NONE\" cellspacing=\"0\">\n<colgroup>\n<col width=\"138\" \/>\n<col width=\"138\" \/>\n<col width=\"138\" \/>\n<col width=\"138\" \/>\n<col width=\"138\" \/>\n<col width=\"138\" \/>\n<col width=\"138\" \/>\n<col width=\"138\" \/>\n<col width=\"138\" \/>\n<col width=\"261\" \/><\/colgroup>\n<tbody>\n<tr>\n<td align=\"CENTER\" bgcolor=\"#CD1619\" width=\"138\" height=\"32\"><b><span style=\"color: #ffffff;\">Code<\/span><\/b><\/td>\n<td align=\"CENTER\" bgcolor=\"#CD1619\" width=\"138\"><b><span style=\"color: #ffffff;\">Nom<\/span><\/b><\/td>\n<td align=\"CENTER\" bgcolor=\"#CD1619\" width=\"138\"><b><span style=\"color: #ffffff;\">Groupe<\/span><\/b><\/td>\n<td align=\"CENTER\" bgcolor=\"#CD1619\" width=\"138\"><b><span style=\"color: #ffffff;\">Moteur<\/span><\/b><\/td>\n<td align=\"CENTER\" bgcolor=\"#CD1619\" width=\"138\"><b><span style=\"color: #ffffff;\">Start-up<\/span><\/b><\/td>\n<td align=\"CENTER\" bgcolor=\"#CD1619\" width=\"138\"><b><span style=\"color: #ffffff;\">Air aspir\u00e9<\/span><\/b><\/td>\n<td align=\"CENTER\" bgcolor=\"#CD1619\" width=\"138\"><b><span style=\"color: #ffffff;\">Puissance<\/span><\/b><\/td>\n<td align=\"CENTER\" bgcolor=\"#CD1619\" width=\"138\"><b><span style=\"color: #ffffff;\">Poids<\/span><\/b><\/td>\n<td align=\"CENTER\" bgcolor=\"#CD1619\" width=\"138\"><b><span style=\"color: #ffffff;\">P.max<\/span><\/b><\/td>\n<td align=\"CENTER\" bgcolor=\"#CD1619\" width=\"261\"><b><span style=\"color: #ffffff;\"><br \/>\nLongueur-largeur-hauteur (Cm)<\/span><\/b><\/td>\n<\/tr>\n<tr>\n<td align=\"CENTER\" bgcolor=\"#DCE2EB\" height=\"17\"><b><span style=\"color: #cd1619;\">1.132.071<\/span><\/b><\/td>\n<td align=\"CENTER\"><span style=\"color: #cd1619;\">STRADE 40\/100\/10<\/span><\/td>\n<td align=\"CENTER\"><span style=\"color: #cd1619;\">NV 352<\/span><\/td>\n<td align=\"CENTER\"><span style=\"color: #cd1619;\">OHV MPC<\/span><\/td>\n<td align=\"CENTER\"><span style=\"color: #000000;\">Manuel<\/span><\/td>\n<td align=\"CENTER\"><span style=\"color: #000000;\">395 l\/min<\/span><\/td>\n<td align=\"CENTER\"><span style=\"color: #000000;\">4<\/span><\/td>\n<td align=\"CENTER\"><span style=\"color: #000000;\">75<\/span><\/td>\n<td align=\"CENTER\"><span style=\"color: #000000;\">9<\/span><\/td>\n<td align=\"CENTER\"><span style=\"color: #000000;\">95 x 39 x89<\/span><\/td>\n<\/tr>\n<\/tbody>\n<\/table>\n<p style=\"color: #000000; font-family: Verdana, Arial, Helvetica, sans-serif; font-size: 11px; font-style: normal; font-weight: 400; letter-spacing: normal; text-indent: 0px; text-transform: none; white-space: normal; word-spacing: 0px;\">\n","protected":false},"excerpt":{"rendered":"<p><img loading=\"lazy\" decoding=\"async\" class=\"alignleft wp-image-16279 size-full\" src=\"https:\/\/www.aircompressormpc.com\/wp-content\/uploads\/2023\/07\/1.132.071-1.jpg\" alt=\"\" width=\"584\" height=\"284\" srcset=\"https:\/\/www.aircompressormpc.com\/wp-content\/uploads\/2023\/07\/1.132.071-1.jpg 584w, https:\/\/www.aircompressormpc.com\/wp-content\/uploads\/2023\/07\/1.132.071-1-300x146.jpg 300w, https:\/\/www.aircompressormpc.com\/wp-content\/uploads\/2023\/07\/1.132.071-1-64x31.jpg 64w\" sizes=\"auto, (max-width: 584px) 100vw, 584px\" \/><\/p>\n","protected":false},"featured_media":10609,"template":"","meta":[],"product_brand":[],"product_cat":[679,1123,1259,705],"product_tag":[707,708,709,712,686,711],"class_list":{"0":"post-10606","1":"product","2":"type-product","3":"status-publish","4":"has-post-thumbnail","6":"product_cat-motocompresseurs","7":"product_cat-ordinateur-portable","8":"product_cat-serie-strade-petrol","9":"product_cat-strade-fr","10":"product_tag-10-bar-fr","11":"product_tag-100-litres-fr","12":"product_tag-4-hp-fr","13":"product_tag-compresseur-essence","14":"product_tag-essence-fr","15":"product_tag-strade-fr","17":"first","18":"instock","19":"shipping-taxable","20":"purchasable","21":"product-type-simple"},"aioseo_notices":[],"_links":{"self":[{"href":"https:\/\/www.aircompressormpc.com\/fr\/wp-json\/wp\/v2\/product\/10606","targetHints":{"allow":["GET"]}}],"collection":[{"href":"https:\/\/www.aircompressormpc.com\/fr\/wp-json\/wp\/v2\/product"}],"about":[{"href":"https:\/\/www.aircompressormpc.com\/fr\/wp-json\/wp\/v2\/types\/product"}],"wp:featuredmedia":[{"embeddable":true,"href":"https:\/\/www.aircompressormpc.com\/fr\/wp-json\/wp\/v2\/media\/10609"}],"wp:attachment":[{"href":"https:\/\/www.aircompressormpc.com\/fr\/wp-json\/wp\/v2\/media?parent=10606"}],"wp:term":[{"taxonomy":"product_brand","embeddable":true,"href":"https:\/\/www.aircompressormpc.com\/fr\/wp-json\/wp\/v2\/product_brand?post=10606"},{"taxonomy":"product_cat","embeddable":true,"href":"https:\/\/www.aircompressormpc.com\/fr\/wp-json\/wp\/v2\/product_cat?post=10606"},{"taxonomy":"product_tag","embeddable":true,"href":"https:\/\/www.aircompressormpc.com\/fr\/wp-json\/wp\/v2\/product_tag?post=10606"}],"curies":[{"name":"wp","href":"https:\/\/api.w.org\/{rel}","templated":true}]}}