{"id":1055,"date":"2015-09-23T10:14:52","date_gmt":"2015-09-23T10:14:52","guid":{"rendered":"http:\/\/aircompressormpc.servicioempresa.com\/producto\/secadores-de-membrana\/"},"modified":"2024-08-30T10:04:28","modified_gmt":"2024-08-30T10:04:28","slug":"secadores-de-membrana","status":"publish","type":"product","link":"https:\/\/www.aircompressormpc.com\/fr\/producto\/secadores-de-membrana\/","title":{"rendered":"Secadores de membrana"},"content":{"rendered":"<p>Secadores de membrana<\/p>\n<p>Los secadores de membrana son especialmente \u00fatiles como secadores en \u00e1reas donde no existe una conexi\u00f3n el\u00e9ctrica. Estos secadores ofrecen, junto con los secadores frigor\u00edficos, puntos de roc\u00edo bajo presi\u00f3n extremadamente bajos.<\/p>\n<p>Nuestra serie de secadores de membrana est\u00e1 recubierta por una carcasa resistente a la presi\u00f3n, que facilita la eliminaci\u00f3n de condensados sin producirse ninguna p\u00e9rdida de aire.<\/p>\n<p>Nuestros modelos permiten interrumpir el proceso de secado por medio de una electrov\u00e1lvula controlada a trav\u00e9s del compresor, lo que aumenta el rendimiento del secador.<\/p>\n<p>Disponemos de diferentes modelos.<\/p>\n<p><img loading=\"lazy\" decoding=\"async\" src=\"http:\/\/aircompressormpc.com\/img\/cms\/secador%20de%20membrana.JPG\" alt=\"\" width=\"476\" height=\"77\" \/><\/p>\n","protected":false},"excerpt":{"rendered":"<p>Secadores de membrana<\/p>\n","protected":false},"featured_media":3437,"template":"","meta":[],"product_brand":[],"product_cat":[861],"product_tag":[371,380,379,381],"class_list":{"0":"post-1055","1":"product","2":"type-product","3":"status-publish","4":"has-post-thumbnail","6":"product_cat-secador","7":"product_tag-alta-calidad","8":"product_tag-bajos-puntos-de-rocio","9":"product_tag-secador-de-membrana","10":"product_tag-sin-conexion-electrica","12":"first","13":"instock","14":"shipping-taxable","15":"purchasable","16":"product-type-simple"},"aioseo_notices":[],"_links":{"self":[{"href":"https:\/\/www.aircompressormpc.com\/fr\/wp-json\/wp\/v2\/product\/1055","targetHints":{"allow":["GET"]}}],"collection":[{"href":"https:\/\/www.aircompressormpc.com\/fr\/wp-json\/wp\/v2\/product"}],"about":[{"href":"https:\/\/www.aircompressormpc.com\/fr\/wp-json\/wp\/v2\/types\/product"}],"wp:featuredmedia":[{"embeddable":true,"href":"https:\/\/www.aircompressormpc.com\/fr\/wp-json\/wp\/v2\/media\/3437"}],"wp:attachment":[{"href":"https:\/\/www.aircompressormpc.com\/fr\/wp-json\/wp\/v2\/media?parent=1055"}],"wp:term":[{"taxonomy":"product_brand","embeddable":true,"href":"https:\/\/www.aircompressormpc.com\/fr\/wp-json\/wp\/v2\/product_brand?post=1055"},{"taxonomy":"product_cat","embeddable":true,"href":"https:\/\/www.aircompressormpc.com\/fr\/wp-json\/wp\/v2\/product_cat?post=1055"},{"taxonomy":"product_tag","embeddable":true,"href":"https:\/\/www.aircompressormpc.com\/fr\/wp-json\/wp\/v2\/product_tag?post=1055"}],"curies":[{"name":"wp","href":"https:\/\/api.w.org\/{rel}","templated":true}]}}