{"id":10544,"date":"2023-07-19T10:20:32","date_gmt":"2023-07-19T10:20:32","guid":{"rendered":"https:\/\/www.aircompressormpc.com\/?post_type=product&#038;p=10544"},"modified":"2025-03-04T12:04:22","modified_gmt":"2025-03-04T12:04:22","slug":"moteur-compresseur-strade-65-100-gp-100-l-2","status":"publish","type":"product","link":"https:\/\/www.aircompressormpc.com\/fr\/producto\/moteur-compresseur-strade-65-100-gp-100-l-2\/","title":{"rendered":"MOTEUR COMPRESSEUR STRADE 130\/100\/10 (100 L)"},"content":{"rendered":"<h1><span style=\"color: #ff0000;\"><strong>Compresseur \u00e0 essence bi-cylindre bi-\u00e9tag\u00e9 de la s\u00e9rie STRADE, avec r\u00e9servoir de 100 litres.<\/strong><\/span><\/h1>\n<h2>Moteur compresseur de 100Lts avec aspiration de 1.200 lts\/min. et pression maximale de 10 Bar.<\/h2>\n<p><span style=\"color: #000000;\"><strong>Nos compresseurs de la s\u00e9rie STRADE sont sp\u00e9cialement con\u00e7us pour la plupart des travaux de construction, d&rsquo;entretien des routes et d&rsquo;agriculture. la construction, l&rsquo;entretien des routes et les travaux agricoles. <\/strong><\/span><\/p>\n<p>\u00c9quip\u00e9e d&rsquo;une culasse en fonte et entra\u00een\u00e9e par un moteur Honda, elle offre un d\u00e9bit \u00e9lev\u00e9, garantissant un faible niveau sonore et une plus longue dur\u00e9e de vie.<\/p>\n<p>Les compresseurs STRADE sont \u00e9galement facilement transportables car ils sont \u00e9quip\u00e9s de roues et de poign\u00e9es de transport.<\/p>\n<p>Le compresseur STRADE 130-100 est un compresseur bi-\u00e9tag\u00e9, \u00e0 deux cylindres, en fonte, entra\u00een\u00e9 par un moteur HONDA GX-390. Avec vanne automatique.<\/p>\n<p>* R\u00e9servoir horizontal de 100 litres int\u00e9gr\u00e9 \u00e0 l&rsquo;\u00e9quipement.<\/p>\n<table border=\"0\" frame=\"VOID\" rules=\"NONE\" cellspacing=\"0\">\n<colgroup>\n<col width=\"138\" \/>\n<col width=\"138\" \/>\n<col width=\"138\" \/>\n<col width=\"138\" \/>\n<col width=\"138\" \/>\n<col width=\"138\" \/>\n<col width=\"138\" \/>\n<col width=\"138\" \/>\n<col width=\"138\" \/>\n<col width=\"261\" \/><\/colgroup>\n<tbody>\n<tr>\n<td align=\"CENTER\" bgcolor=\"#CD1619\" width=\"138\" height=\"32\"><b><span style=\"color: #ffffff;\">Code<\/span><\/b><\/td>\n<td align=\"CENTER\" bgcolor=\"#CD1619\" width=\"138\"><b><span style=\"color: #ffffff;\">Nom<\/span><\/b><\/td>\n<td align=\"CENTER\" bgcolor=\"#CD1619\" width=\"138\"><b><span style=\"color: #ffffff;\">Groupe<\/span><\/b><\/td>\n<td align=\"CENTER\" bgcolor=\"#CD1619\" width=\"138\"><b><span style=\"color: #ffffff;\">Moteur<\/span><\/b><\/td>\n<td align=\"CENTER\" bgcolor=\"#CD1619\" width=\"138\"><b><span style=\"color: #ffffff;\">Start-up<\/span><\/b><\/td>\n<td align=\"CENTER\" bgcolor=\"#CD1619\" width=\"138\"><b><span style=\"color: #ffffff;\">Air aspir\u00e9<\/span><\/b><\/td>\n<td align=\"CENTER\" bgcolor=\"#CD1619\" width=\"138\"><b><span style=\"color: #ffffff;\">Puissance<\/span><\/b><\/td>\n<td align=\"CENTER\" bgcolor=\"#CD1619\" width=\"138\"><b><span style=\"color: #ffffff;\">Poids<\/span><\/b><\/td>\n<td align=\"CENTER\" bgcolor=\"#CD1619\" width=\"138\"><b><span style=\"color: #ffffff;\">P.max<\/span><\/b><\/td>\n<td align=\"CENTER\" bgcolor=\"#CD1619\" width=\"261\"><b><span style=\"color: #ffffff;\"><br \/>\nLongueur-largeur-hauteur (Cm)<\/span><\/b><\/td>\n<\/tr>\n<tr>\n<td align=\"CENTER\" bgcolor=\"#DCE2EB\" height=\"17\"><b><span style=\"color: #cd1619;\">1.132.147<\/span><\/b><\/td>\n<td align=\"CENTER\"><span style=\"color: #cd1619;\">STRADE 130\/100<\/span><\/td>\n<td align=\"CENTER\"><span style=\"color: #cd1619;\">M- 700<\/span><\/td>\n<td align=\"CENTER\"><span style=\"color: #cd1619;\">Gx-390<\/span><\/td>\n<td align=\"CENTER\"><span style=\"color: #000000;\">Manuel<\/span><\/td>\n<td align=\"CENTER\"><span style=\"color: #000000;\">1 200 l\/min<\/span><\/td>\n<td align=\"CENTER\"><span style=\"color: #000000;\">13<\/span><\/td>\n<td align=\"CENTER\"><span style=\"color: #000000;\">144<\/span><\/td>\n<td align=\"CENTER\"><span style=\"color: #000000;\">10<\/span><\/td>\n<td align=\"CENTER\">100 x 55 x 107<\/td>\n<\/tr>\n<\/tbody>\n<\/table>\n<p style=\"color: #000000; font-family: Verdana, Arial, Helvetica, sans-serif; font-size: 11px; font-style: normal; font-weight: 400; letter-spacing: normal; text-indent: 0px; text-transform: none; white-space: normal; word-spacing: 0px;\">\n","protected":false},"excerpt":{"rendered":"<p><img loading=\"lazy\" decoding=\"async\" class=\"alignleft wp-image-16329 size-full\" src=\"https:\/\/www.aircompressormpc.com\/wp-content\/uploads\/2023\/07\/1.132.147-1.jpg\" alt=\"\" width=\"597\" height=\"299\" srcset=\"https:\/\/www.aircompressormpc.com\/wp-content\/uploads\/2023\/07\/1.132.147-1.jpg 597w, https:\/\/www.aircompressormpc.com\/wp-content\/uploads\/2023\/07\/1.132.147-1-300x150.jpg 300w, https:\/\/www.aircompressormpc.com\/wp-content\/uploads\/2023\/07\/1.132.147-1-64x32.jpg 64w\" sizes=\"auto, (max-width: 597px) 100vw, 597px\" \/><\/p>\n","protected":false},"featured_media":14018,"template":"","meta":[],"product_brand":[],"product_cat":[679,1123,1259,705],"product_tag":[1214,707,708,1344,712,686,711],"class_list":{"0":"post-10544","1":"product","2":"type-product","3":"status-publish","4":"has-post-thumbnail","6":"product_cat-motocompresseurs","7":"product_cat-ordinateur-portable","8":"product_cat-serie-strade-petrol","9":"product_cat-strade-fr","10":"product_tag-1-200-litres-min","11":"product_tag-10-bar-fr","12":"product_tag-100-litres-fr","13":"product_tag-13-hp-fr","14":"product_tag-compresseur-essence","15":"product_tag-essence-fr","16":"product_tag-strade-fr","18":"first","19":"instock","20":"shipping-taxable","21":"purchasable","22":"product-type-simple"},"aioseo_notices":[],"_links":{"self":[{"href":"https:\/\/www.aircompressormpc.com\/fr\/wp-json\/wp\/v2\/product\/10544","targetHints":{"allow":["GET"]}}],"collection":[{"href":"https:\/\/www.aircompressormpc.com\/fr\/wp-json\/wp\/v2\/product"}],"about":[{"href":"https:\/\/www.aircompressormpc.com\/fr\/wp-json\/wp\/v2\/types\/product"}],"wp:featuredmedia":[{"embeddable":true,"href":"https:\/\/www.aircompressormpc.com\/fr\/wp-json\/wp\/v2\/media\/14018"}],"wp:attachment":[{"href":"https:\/\/www.aircompressormpc.com\/fr\/wp-json\/wp\/v2\/media?parent=10544"}],"wp:term":[{"taxonomy":"product_brand","embeddable":true,"href":"https:\/\/www.aircompressormpc.com\/fr\/wp-json\/wp\/v2\/product_brand?post=10544"},{"taxonomy":"product_cat","embeddable":true,"href":"https:\/\/www.aircompressormpc.com\/fr\/wp-json\/wp\/v2\/product_cat?post=10544"},{"taxonomy":"product_tag","embeddable":true,"href":"https:\/\/www.aircompressormpc.com\/fr\/wp-json\/wp\/v2\/product_tag?post=10544"}],"curies":[{"name":"wp","href":"https:\/\/api.w.org\/{rel}","templated":true}]}}