{"id":1049,"date":"2015-09-23T09:42:39","date_gmt":"2015-09-23T09:42:39","guid":{"rendered":"http:\/\/aircompressormpc.servicioempresa.com\/producto\/secadores-frigorificos\/"},"modified":"2024-08-30T10:04:04","modified_gmt":"2024-08-30T10:04:04","slug":"secadores-frigorificos","status":"publish","type":"product","link":"https:\/\/www.aircompressormpc.com\/fr\/producto\/secadores-frigorificos\/","title":{"rendered":"Secadores frigor\u00edficos"},"content":{"rendered":"<p>Secadores frigor\u00edficos.<\/p>\n<p>Los secadores frigor\u00edficos de MPC son completamente autom\u00e1ticos y permiten una adaptaci\u00f3n a sus necesidades sin que sea necesario el uso de controles complicados. Su instalaci\u00f3n es sencilla, solamente es necesario conectar la tuber\u00eda y realizar la toma de corriente.<\/p>\n<p>Est\u00e1n fabricados con componentes de alta calidad e incluyen una carcasa de acero tratada con pintura especial, lo que permite garantizar una mayor\u00a0vida de servicio.<\/p>\n<p>Su funcionamiento permite la m\u00e1xima eliminaci\u00f3n de la humedad a un punto de roc\u00edo de 3\u00baC.<\/p>\n<p>Incluyen adem\u00e1s un circuito de aire de corrosi\u00f3n.<\/p>\n<p>Disponible en diferentes modelos.<\/p>\n<\/p>\n<p><img loading=\"lazy\" decoding=\"async\" src=\"http:\/\/aircompressormpc.com\/img\/cms\/secador%20frigorifico%201.JPG\" alt=\"\" width=\"425\" height=\"89\" \/><\/p>\n","protected":false},"excerpt":{"rendered":"<p>Secadores frigor\u00edficos.<\/p>\n","protected":false},"featured_media":1045,"template":"","meta":[],"product_brand":[],"product_cat":[861],"product_tag":[371,370,368,369],"class_list":{"0":"post-1049","1":"product","2":"type-product","3":"status-publish","4":"has-post-thumbnail","6":"product_cat-secador","7":"product_tag-alta-calidad","8":"product_tag-punto-de-rocio-3c","9":"product_tag-secadores-frigorificos","10":"product_tag-sencillo","12":"first","13":"instock","14":"shipping-taxable","15":"purchasable","16":"product-type-simple"},"aioseo_notices":[],"_links":{"self":[{"href":"https:\/\/www.aircompressormpc.com\/fr\/wp-json\/wp\/v2\/product\/1049","targetHints":{"allow":["GET"]}}],"collection":[{"href":"https:\/\/www.aircompressormpc.com\/fr\/wp-json\/wp\/v2\/product"}],"about":[{"href":"https:\/\/www.aircompressormpc.com\/fr\/wp-json\/wp\/v2\/types\/product"}],"wp:featuredmedia":[{"embeddable":true,"href":"https:\/\/www.aircompressormpc.com\/fr\/wp-json\/wp\/v2\/media\/1045"}],"wp:attachment":[{"href":"https:\/\/www.aircompressormpc.com\/fr\/wp-json\/wp\/v2\/media?parent=1049"}],"wp:term":[{"taxonomy":"product_brand","embeddable":true,"href":"https:\/\/www.aircompressormpc.com\/fr\/wp-json\/wp\/v2\/product_brand?post=1049"},{"taxonomy":"product_cat","embeddable":true,"href":"https:\/\/www.aircompressormpc.com\/fr\/wp-json\/wp\/v2\/product_cat?post=1049"},{"taxonomy":"product_tag","embeddable":true,"href":"https:\/\/www.aircompressormpc.com\/fr\/wp-json\/wp\/v2\/product_tag?post=1049"}],"curies":[{"name":"wp","href":"https:\/\/api.w.org\/{rel}","templated":true}]}}