{"id":8653,"date":"2022-06-16T11:20:50","date_gmt":"2022-06-16T11:20:50","guid":{"rendered":"https:\/\/www.aircompressormpc.com\/inicio\/"},"modified":"2025-02-11T07:17:59","modified_gmt":"2025-02-11T07:17:59","slug":"accueil","status":"publish","type":"page","link":"https:\/\/www.aircompressormpc.com\/fr\/","title":{"rendered":"Inicio"},"content":{"rendered":"<h1>\n\t\t\t\tAIR COMPRESSOR MPC\n\t\t\t<\/h1>\n\t\t\t<p>Experts en air comprim\u00e9 depuis 1985<\/p>\t\n\t\t\t<a href=\"https:\/\/www.aircompressormpc.com\/fr\/enterprise\/\" title=\"Click Here\" target=\"_self\"   role=\"button\" aria-label=\"APPRENDRE ENCORE PLUS\">\n\t\t\t\t\t\t\tAPPRENDRE ENCORE PLUS\n\t\t<\/a>\n<h2>\n\t\t<a href=\"https:\/\/www.aircompressormpc.com\/fr\/electro-compresor\/\" title=\"ELECTROCOMPRESSEUR\" target=\"_self\">\n\t\tELECTROCOMPRESSEUR\n\t\t<\/a>\n\t<\/h2>\n\t\t\t\t<a href=\"https:\/\/www.aircompressormpc.com\/fr\/electro-compresor\/\" target=\"_self\" itemprop=\"url\">\n\t\t\t\t<img loading=\"lazy\" decoding=\"async\" src=\"https:\/\/www.aircompressormpc.com\/wp-content\/uploads\/2022\/11\/COMPRESOR-COAXIAL-MPC-2.jpg\" alt=\"COMPRESOR-COAXIAL-MPC\" itemprop=\"image\" height=\"530\" width=\"530\" title=\"COMPRESOR-COAXIAL-MPC\" onerror=\"this.style.display='none'\"  \/>\n\t\t\t\t<\/a>\n<h2>\n\t\t<a href=\"https:\/\/www.aircompressormpc.com\/fr\/motocompresor\/\" title=\"MOTEUR COMPRESSEUR\" target=\"_self\">\n\t\tMOTEUR COMPRESSEUR\n\t\t<\/a>\n\t<\/h2>\n\t\t\t\t<a href=\"https:\/\/www.aircompressormpc.com\/fr\/motocompresor\/\" target=\"_self\" itemprop=\"url\">\n\t\t\t\t<img loading=\"lazy\" decoding=\"async\" src=\"https:\/\/www.aircompressormpc.com\/wp-content\/uploads\/2022\/11\/EQUIPO-MOVIL-THUNDER-275-MPC.jpg\" alt=\"EQUIPO-MOVIL-THUNDER-275-MPC\" itemprop=\"image\" height=\"530\" width=\"530\" title=\"EQUIPO-MOVIL-THUNDER-275-MPC\" onerror=\"this.style.display='none'\"  \/>\n\t\t\t\t<\/a>\n<h2>\n\t\t<a href=\"https:\/\/www.aircompressormpc.com\/fr\/accesorios\/\" title=\"ACCESSOIRES\" target=\"_self\">\n\t\tACCESSOIRES\n\t\t<\/a>\n\t<\/h2>\n\t\t\t\t<a href=\"https:\/\/www.aircompressormpc.com\/fr\/accesorios\/\" target=\"_self\" itemprop=\"url\">\n\t\t\t\t<img loading=\"lazy\" decoding=\"async\" src=\"https:\/\/www.aircompressormpc.com\/wp-content\/uploads\/2022\/07\/FRL-MPC-1.jpg\" alt=\"FRL-MPC\" itemprop=\"image\" height=\"530\" width=\"530\" title=\"FRL-MPC\" onerror=\"this.style.display='none'\"  \/>\n\t\t\t\t<\/a>\n<h2>\n\t\t<a href=\"https:\/\/www.aircompressormpc.com\/fr\/herramienta-neumatica\/\" title=\"OUTIL PNEUMATIQUE\" target=\"_self\">\n\t\tOUTIL PNEUMATIQUE\n\t\t<\/a>\n\t<\/h2>\n\t\t\t\t<a href=\"https:\/\/www.aircompressormpc.com\/fr\/herramienta-neumatica\/\" target=\"_self\" itemprop=\"url\">\n\t\t\t\t<img loading=\"lazy\" decoding=\"async\" src=\"https:\/\/www.aircompressormpc.com\/wp-content\/uploads\/2022\/07\/LLAVE-DE-IMPACTO-MPC-1.jpg\" alt=\"LLAVE DE IMPACTO\" itemprop=\"image\" height=\"530\" width=\"530\" title=\"LLAVE-DE-IMPACTO-MPC\" onerror=\"this.style.display='none'\"  \/>\n\t\t\t\t<\/a>\n\t\t<h3>Large gamme de produits pour tous vos besoins<\/h3>\t\n\t<p>Contactez-nous et nous vous appellerons pour vous proposer<\/p>\n<p><strong>la meilleure solution pour votre entreprise.<\/strong><\/p>\n<h6>\n\t\tOn se parle plus tard ?\n\t<\/h6>\n\t\t\t<a href=\"https:\/\/www.aircompressormpc.com\/fr\/contact\/\" target=\"_self\">\n\t\t\t\t\t\t\tContact\n\t\t\t\t\t<\/a>\n\t\t\t\t<a href=\"https:\/\/www.aircompressormpc.com\/tutoriales-compresores\/\" target=\"_self\" itemprop=\"url\">\n\t\t\t\t<img loading=\"lazy\" decoding=\"async\" src=\"https:\/\/www.aircompressormpc.com\/wp-content\/uploads\/2023\/05\/REPARAR-COMPRESOR-MPC.jpg\" alt=\"TUTORIAL REPARAR COMPRESOR MPC\" itemprop=\"image\" height=\"495\" width=\"1024\" title=\"REPARAR COMPRESOR MPC\" onerror=\"this.style.display='none'\"  \/>\n\t\t\t\t<\/a>\n\t\t\t\t<a href=\"https:\/\/www.aircompressormpc.com\/wp-content\/uploads\/2022\/09\/6.500.222_MPC_CATALOGO_COMPLETO_2022.pdf\" target=\"_self\" itemprop=\"url\">\n\t\t\t\t<img loading=\"lazy\" decoding=\"async\" src=\"https:\/\/www.aircompressormpc.com\/wp-content\/uploads\/2022\/08\/catalogo-mpc-2-1024x495.jpg\" alt=\"catalogo mpc\" itemprop=\"image\" height=\"495\" width=\"1024\" title=\"catalogo-mpc\" onerror=\"this.style.display='none'\"  \/>\n\t\t\t\t<\/a>\n<h2>\n\t\tBLOG\n\t<\/h2>\n\t\t\t\t\t\t\t\t\t\t\t\t\t\t<a href=\"https:\/\/www.aircompressormpc.com\/fr\/mpc-dans-tire-cologne-2024\/\" target=\"_self\" title=\"MPC dans TIRE COLOGNE 2024\">\n\t\t\t\t<img decoding=\"async\" src=\"https:\/\/www.aircompressormpc.com\/wp-content\/uploads\/2024\/04\/BANNER-TIRE-ES-2024-2-1024x614.jpg\" alt=\"\" \/>\n\t\t\t\t<\/a>\n\t\t\t\t\t\t<h3>\n\t\t\t\t<a href=https:\/\/www.aircompressormpc.com\/fr\/mpc-dans-tire-cologne-2024\/ title=\"MPC dans TIRE COLOGNE 2024\" tabindex=\"0\">MPC dans TIRE COLOGNE 2024<\/a>\t\t\t<\/h3>\n\t\t\t\t\t\t\t\t\t\t\t\t\t\t<a href=\"https:\/\/www.aircompressormpc.com\/fr\/le-compresseur-dair-mpc-recoit-le-label-rsa-2024-lors-de-la-journee-annuelle-de-la-responsabilite-sociale-aragon-2023\/\" target=\"_self\" title=\"LE COMPRESSEUR D&rsquo;AIR MPC RE\u00c7OIT LE LABEL RSA 2024 LORS DE LA JOURN\u00c9E ANNUELLE DE LA RESPONSABILIT\u00c9 SOCIALE ARAGON 2023\">\n\t\t\t\t<img decoding=\"async\" src=\"https:\/\/www.aircompressormpc.com\/wp-content\/uploads\/2023\/12\/air-compressor-mpc-rsa-2023.jpg\" alt=\"\" \/>\n\t\t\t\t<\/a>\n\t\t\t\t\t\t<h3>\n\t\t\t\t<a href=https:\/\/www.aircompressormpc.com\/fr\/le-compresseur-dair-mpc-recoit-le-label-rsa-2024-lors-de-la-journee-annuelle-de-la-responsabilite-sociale-aragon-2023\/ title=\"LE COMPRESSEUR D&rsquo;AIR MPC RE\u00c7OIT LE LABEL RSA 2024 LORS DE LA JOURN\u00c9E ANNUELLE DE LA RESPONSABILIT\u00c9 SOCIALE ARAGON 2023\" tabindex=\"0\">LE COMPRESSEUR D&rsquo;AIR MPC RE\u00c7OIT LE LABEL RSA 2024 LORS DE LA JOURN\u00c9E ANNUELLE DE LA RESPONSABILIT\u00c9 SOCIALE ARAGON 2023<\/a>\t\t\t<\/h3>\n\t\t\t\t\t\t\t\t\t\t\t\t\t\t<a href=\"https:\/\/www.aircompressormpc.com\/fr\/conseils-de-maintenance-preventive-pour-les-compresseurs-dair-de-25-ou-50-litres\/\" target=\"_self\" title=\"CONSEILS DE MAINTENANCE PR\u00c9VENTIVE POUR LES COMPRESSEURS D&rsquo;AIR DE 25 OU 50 LITRES\">\n\t\t\t\t<img decoding=\"async\" src=\"https:\/\/www.aircompressormpc.com\/wp-content\/uploads\/2023\/11\/mantenimientor-compresor-mpc-opt.jpg\" alt=\"\" \/>\n\t\t\t\t<\/a>\n\t\t\t\t\t\t<h3>\n\t\t\t\t<a href=https:\/\/www.aircompressormpc.com\/fr\/conseils-de-maintenance-preventive-pour-les-compresseurs-dair-de-25-ou-50-litres\/ title=\"CONSEILS DE MAINTENANCE PR\u00c9VENTIVE POUR LES COMPRESSEURS D&rsquo;AIR DE 25 OU 50 LITRES\" tabindex=\"0\">CONSEILS DE MAINTENANCE PR\u00c9VENTIVE POUR LES COMPRESSEURS D&rsquo;AIR DE 25 OU 50 LITRES<\/a>\t\t\t<\/h3>\n\t\t\t\t\t\t\t\t\t\t\t\t\t\t<a href=\"https:\/\/www.aircompressormpc.com\/fr\/comment-choisir-le-meilleur-compresseur-en-fonction-du-type-dutilisation\/\" target=\"_self\" title=\"COMMENT CHOISIR LE MEILLEUR COMPRESSEUR EN FONCTION DU TYPE D&rsquo;UTILISATION ?\">\n\t\t\t\t<img decoding=\"async\" src=\"https:\/\/www.aircompressormpc.com\/wp-content\/uploads\/2023\/10\/mejor-compresor-mpc-1024x495.jpg\" alt=\"MEJOR COMPRESOR MPC\" \/>\n\t\t\t\t<\/a>\n\t\t\t\t\t\t<h3>\n\t\t\t\t<a href=https:\/\/www.aircompressormpc.com\/fr\/comment-choisir-le-meilleur-compresseur-en-fonction-du-type-dutilisation\/ title=\"COMMENT CHOISIR LE MEILLEUR COMPRESSEUR EN FONCTION DU TYPE D&rsquo;UTILISATION ?\" tabindex=\"0\">COMMENT CHOISIR LE MEILLEUR COMPRESSEUR EN FONCTION DU TYPE D&rsquo;UTILISATION ?<\/a>\t\t\t<\/h3>\n\t\t\t\t\t\t\t\t\t\t\t\t\t\t<a href=\"https:\/\/www.aircompressormpc.com\/fr\/guide-definitif-pour-choisir-le-meilleur-compresseur-dair-pour-votre-entreprise\/\" target=\"_self\" title=\"GUIDE D\u00c9FINITIF POUR CHOISIR LE MEILLEUR COMPRESSEUR D&rsquo;AIR POUR VOTRE ENTREPRISE.\">\n\t\t\t\t<img decoding=\"async\" src=\"https:\/\/www.aircompressormpc.com\/wp-content\/uploads\/2023\/09\/mejor-compresor-mpc-1-1024x495.jpg\" alt=\"mejor compresor\" \/>\n\t\t\t\t<\/a>\n\t\t\t\t\t\t<h3>\n\t\t\t\t<a href=https:\/\/www.aircompressormpc.com\/fr\/guide-definitif-pour-choisir-le-meilleur-compresseur-dair-pour-votre-entreprise\/ title=\"GUIDE D\u00c9FINITIF POUR CHOISIR LE MEILLEUR COMPRESSEUR D&rsquo;AIR POUR VOTRE ENTREPRISE.\" tabindex=\"0\">GUIDE D\u00c9FINITIF POUR CHOISIR LE MEILLEUR COMPRESSEUR D&rsquo;AIR POUR VOTRE ENTREPRISE.<\/a>\t\t\t<\/h3>\n\t\t\t\t\t\t\t\t\t\t\t\t\t\t<a href=\"https:\/\/www.aircompressormpc.com\/fr\/lancement-du-nouveau-dossier-des-unites-mobiles-2023\/\" target=\"_self\" title=\"LANCEMENT DU NOUVEAU DOSSIER DES UNIT\u00c9S MOBILES 2023.\">\n\t\t\t\t<img decoding=\"async\" src=\"https:\/\/www.aircompressormpc.com\/wp-content\/uploads\/2023\/09\/catalogo-de-compresores-mpc-1024x651.jpg\" alt=\"\" \/>\n\t\t\t\t<\/a>\n\t\t\t\t\t\t<h3>\n\t\t\t\t<a href=https:\/\/www.aircompressormpc.com\/fr\/lancement-du-nouveau-dossier-des-unites-mobiles-2023\/ title=\"LANCEMENT DU NOUVEAU DOSSIER DES UNIT\u00c9S MOBILES 2023.\" tabindex=\"0\">LANCEMENT DU NOUVEAU DOSSIER DES UNIT\u00c9S MOBILES 2023.<\/a>\t\t\t<\/h3>\n\t\t\t\t\t\t\t\t\t\t\t\t\t\t<a href=\"https:\/\/www.aircompressormpc.com\/fr\/comment-reparer-une-cloueuse-a-pointes-pin-cl-526-mpc-caracteristiques-et-utilisations\/\" target=\"_self\" title=\"COMMENT R\u00c9PARER UNE CLOUEUSE \u00c0 POINTES PIN CL-526 MPC ? &#8211; CARACT\u00c9RISTIQUES ET UTILISATIONS\">\n\t\t\t\t<img decoding=\"async\" src=\"https:\/\/www.aircompressormpc.com\/wp-content\/uploads\/2023\/03\/pistolas-de-soplado-1-1024x495.jpg\" alt=\"\" \/>\n\t\t\t\t<\/a>\n\t\t\t\t\t\t<h3>\n\t\t\t\t<a href=https:\/\/www.aircompressormpc.com\/fr\/comment-reparer-une-cloueuse-a-pointes-pin-cl-526-mpc-caracteristiques-et-utilisations\/ title=\"COMMENT R\u00c9PARER UNE CLOUEUSE \u00c0 POINTES PIN CL-526 MPC ? &#8211; CARACT\u00c9RISTIQUES ET UTILISATIONS\" tabindex=\"0\">COMMENT R\u00c9PARER UNE CLOUEUSE \u00c0 POINTES PIN CL-526 MPC ? &#8211; CARACT\u00c9RISTIQUES ET UTILISATIONS<\/a>\t\t\t<\/h3>\n\t\t\t\t\t\t\t\t\t\t\t\t\t\t<a href=\"https:\/\/www.aircompressormpc.com\/fr\/compresseurs-a-piston\/\" target=\"_self\" title=\"COMPRESSEURS \u00c0 PISTON\">\n\t\t\t\t<img decoding=\"async\" src=\"https:\/\/www.aircompressormpc.com\/wp-content\/uploads\/2023\/01\/COMPRESORES-piston-1-1024x495.jpg\" alt=\"\" \/>\n\t\t\t\t<\/a>\n\t\t\t\t\t\t<h3>\n\t\t\t\t<a href=https:\/\/www.aircompressormpc.com\/fr\/compresseurs-a-piston\/ title=\"COMPRESSEURS \u00c0 PISTON\" tabindex=\"0\">COMPRESSEURS \u00c0 PISTON<\/a>\t\t\t<\/h3>\n\t\t\t\t\t\t\t\tLos compresores de aire alternativos (o de pist\u00f3n) se encuentran &#8230;\n\t\t\t\t\t\t\t\t\t\t\t\t\t\t<a href=\"https:\/\/www.aircompressormpc.com\/fr\/pistolets-a-air-comprime\/\" target=\"_self\" title=\"PISTOLETS \u00c0 AIR COMPRIM\u00c9\">\n\t\t\t\t<img decoding=\"async\" src=\"https:\/\/www.aircompressormpc.com\/wp-content\/uploads\/2022\/11\/pistolas_sopladoras_mpc_es-1-1024x495.jpg\" alt=\"Pistolas sopladoras mpc\" \/>\n\t\t\t\t<\/a>\n\t\t\t\t\t\t<h3>\n\t\t\t\t<a href=https:\/\/www.aircompressormpc.com\/fr\/pistolets-a-air-comprime\/ title=\"PISTOLETS \u00c0 AIR COMPRIM\u00c9\" tabindex=\"0\">PISTOLETS \u00c0 AIR COMPRIM\u00c9<\/a>\t\t\t<\/h3>\n\t\t\t\t\t\t\t\tSoufflettes professionnelles Toutes nos soufflettes se caract\u00e9risent par une force &#8230;\n\t\t\t\t\t\t\t\t\t\t\t\t\t\t<a href=\"https:\/\/www.aircompressormpc.com\/fr\/pistolets-a-peinture\/\" target=\"_self\" title=\"PISTOLETS \u00c0 PEINTURE\">\n\t\t\t\t<img decoding=\"async\" src=\"https:\/\/www.aircompressormpc.com\/wp-content\/uploads\/2022\/10\/PISTOLAS-PARA-PINTAR-MPC-FR.jpg\" alt=\"pistolets pulv\u00e9risateurs MPC\" \/>\n\t\t\t\t<\/a>\n\t\t\t\t\t\t<h3>\n\t\t\t\t<a href=https:\/\/www.aircompressormpc.com\/fr\/pistolets-a-peinture\/ title=\"PISTOLETS \u00c0 PEINTURE\" tabindex=\"0\">PISTOLETS \u00c0 PEINTURE<\/a>\t\t\t<\/h3>\n\t\t\t\t\t\t\t\tDe quel pistolet MPC ai-je besoin ? 25\/10\/2022 Les pistolets &#8230;\n\t\t\t\t\t\t\t\t\t\t\t\t\t\t<a href=\"https:\/\/www.aircompressormpc.com\/fr\/compresseur-dair-silencieux\/\" target=\"_self\" title=\"COMPRESSEUR D&rsquo;AIR SILENCIEUX\">\n\t\t\t\t<img decoding=\"async\" src=\"https:\/\/www.aircompressormpc.com\/wp-content\/uploads\/2022\/10\/COMPRESORES-SILENCIOSOS-MPC.jpg\" alt=\"COMPRESORES-SILENCIOSOS-MPC\" \/>\n\t\t\t\t<\/a>\n\t\t\t\t\t\t<h3>\n\t\t\t\t<a href=https:\/\/www.aircompressormpc.com\/fr\/compresseur-dair-silencieux\/ title=\"COMPRESSEUR D&rsquo;AIR SILENCIEUX\" tabindex=\"0\">COMPRESSEUR D&rsquo;AIR SILENCIEUX<\/a>\t\t\t<\/h3>\n\t\t\t\t\t\t\t\tINTRODUCTION D&rsquo;UNE NOUVELLE S\u00c9RIE DE COMPRESSEURS SUPER SILENCIEUX Compresseurs silencieux &#8230;\n\t\t\t\t\t\t\t\t\t\t\t\t\t\t<a href=\"https:\/\/www.aircompressormpc.com\/fr\/quest-quune-fr-fr-fr-fr-fr-fr-fr-fr-fr-quest-ce-quune-fr-fr-fr-fr-quune-unite-dentretien\/\" target=\"_self\" title=\"QU&rsquo;EST QU&rsquo;UNE FR FR FR FR FR FR FR FR FR QU&rsquo;EST-CE QU&rsquo;UNE FR FR FR FR QU&rsquo;UNE UNIT\u00c9 D&rsquo;ENTRETIEN ?\">\n\t\t\t\t<img decoding=\"async\" src=\"https:\/\/www.aircompressormpc.com\/wp-content\/uploads\/2022\/08\/FRL-1024x632.jpg\" alt=\"FRL\" \/>\n\t\t\t\t<\/a>\n\t\t\t\t\t\t<h3>\n\t\t\t\t<a href=https:\/\/www.aircompressormpc.com\/fr\/quest-quune-fr-fr-fr-fr-fr-fr-fr-fr-fr-quest-ce-quune-fr-fr-fr-fr-quune-unite-dentretien\/ title=\"QU&rsquo;EST QU&rsquo;UNE FR FR FR FR FR FR FR FR FR QU&rsquo;EST-CE QU&rsquo;UNE FR FR FR FR QU&rsquo;UNE UNIT\u00c9 D&rsquo;ENTRETIEN ?\" tabindex=\"0\">QU&rsquo;EST QU&rsquo;UNE FR FR FR FR FR FR FR FR FR QU&rsquo;EST-CE QU&rsquo;UNE FR FR FR FR QU&rsquo;UNE UNIT\u00c9 D&rsquo;ENTRETIEN ?<\/a>\t\t\t<\/h3>\n\t\t\t\t\t\t\t\tQU&rsquo;EST QU&rsquo;UNE FR FR FR FR FR FR FR FR &#8230;\n<h2>\n\t\t&#038;nbsp &#038;nbsp&#038;nbspOUR BRANDS\n\t<\/h2>\n<h2>\n\t\tVoulez-vous \u00eatre toujours au courant des derni\u00e8res nouvelles ?\n\t<\/h2>","protected":false},"excerpt":{"rendered":"<p>AIR COMPRESSOR MPC Experts en air comprim\u00e9 depuis 1985 APPRENDRE ENCORE PLUS ELECTROCOMPRESSEUR MOTEUR COMPRESSEUR ACCESSOIRES OUTIL PNEUMATIQUE Large gamme de produits pour tous vos besoins Contactez-nous et nous vous appellerons pour vous proposer la meilleure solution pour votre entreprise. On se parle plus tard ? Contact BLOG MPC dans TIRE COLOGNE 2024 LE COMPRESSEUR&hellip;<\/p>\n","protected":false},"author":1,"featured_media":0,"parent":0,"menu_order":0,"comment_status":"closed","ping_status":"closed","template":"","meta":{"footnotes":""},"class_list":["post-8653","page","type-page","status-publish","hentry"],"aioseo_notices":[],"_links":{"self":[{"href":"https:\/\/www.aircompressormpc.com\/fr\/wp-json\/wp\/v2\/pages\/8653","targetHints":{"allow":["GET"]}}],"collection":[{"href":"https:\/\/www.aircompressormpc.com\/fr\/wp-json\/wp\/v2\/pages"}],"about":[{"href":"https:\/\/www.aircompressormpc.com\/fr\/wp-json\/wp\/v2\/types\/page"}],"author":[{"embeddable":true,"href":"https:\/\/www.aircompressormpc.com\/fr\/wp-json\/wp\/v2\/users\/1"}],"replies":[{"embeddable":true,"href":"https:\/\/www.aircompressormpc.com\/fr\/wp-json\/wp\/v2\/comments?post=8653"}],"version-history":[{"count":5,"href":"https:\/\/www.aircompressormpc.com\/fr\/wp-json\/wp\/v2\/pages\/8653\/revisions"}],"predecessor-version":[{"id":15936,"href":"https:\/\/www.aircompressormpc.com\/fr\/wp-json\/wp\/v2\/pages\/8653\/revisions\/15936"}],"wp:attachment":[{"href":"https:\/\/www.aircompressormpc.com\/fr\/wp-json\/wp\/v2\/media?parent=8653"}],"curies":[{"name":"wp","href":"https:\/\/api.w.org\/{rel}","templated":true}]}}