{"id":13246,"date":"2022-06-29T08:46:49","date_gmt":"2022-06-29T08:46:49","guid":{"rendered":"https:\/\/www.aircompressormpc.com\/motocompresor\/"},"modified":"2024-05-30T07:25:40","modified_gmt":"2024-05-30T07:25:40","slug":"motocompresor","status":"publish","type":"page","link":"https:\/\/www.aircompressormpc.com\/fr\/motocompresor\/","title":{"rendered":"MOTOCOMPRESOR"},"content":{"rendered":"<h2>\n\t\tMOTOCOMPRESSEURS\n\t<\/h2>\n\t<p><a href=\"https:\/\/www.aircompressormpc.com\/fr\/\">Accueil<\/a> &gt; Motocompresseurs<\/p>\n\t<h1><strong>MOTOCOMPRESSEURS<\/strong><\/h1>\n<h3>\n\t\t<a href=\"https:\/\/www.aircompressormpc.com\/fr\/electro-compresor\/serie-eolo\/\" title=\"\u25cf &lt;span style=&quot;border-bottom: 2px solid #E10910&quot;&gt;UNIT\u00c9S MOBILES&lt;\/span&gt;\" target=\"_self\" rel=\"noopener\">\n\t\t\u25cf UNIT\u00c9S MOBILES\n\t\t<\/a>\n\t<\/h3>\n\t<h2>Compresseurs d&rsquo;air pour unit\u00e9s mobiles<\/h2>\n<p>Un <a href=\"https:\/\/www.aircompressormpc.com\/fr\/categoria-producto\/motocompresseurs\/\">compresseur d&rsquo;air<\/a> est un outil essentiel pour tout \u00e9quipement mobile n\u00e9cessitant une source d&rsquo;air comprim\u00e9. Ces moteurs sont compacts et con\u00e7us pour \u00eatre utilis\u00e9s dans <strong>des unit\u00e9s mobiles<\/strong>, ce qui les rend id\u00e9aux pour une utilisation dans des v\u00e9hicules utilitaires, industriels ou commerciaux et dans toutes les situations o\u00f9 une source d&rsquo;air comprim\u00e9 ind\u00e9pendante est n\u00e9cessaire.<\/p>\n\t\t<ul>\n<li>\n\t\t<a href=\"https:\/\/www.aircompressormpc.com\/fr\/producto\/moteur-compresseur-eolo-130-270-l-copia\/\"><img width=\"300\" height=\"300\" src=\"https:\/\/www.aircompressormpc.com\/wp-content\/uploads\/2022\/07\/IMG-1.101.516-EOLO-130-300x300.jpg\" alt=\"COMPRESSEUR \u00c9LECTRIQUE 270 L MPC\" decoding=\"async\" loading=\"lazy\" srcset=\"https:\/\/www.aircompressormpc.com\/wp-content\/uploads\/2022\/07\/IMG-1.101.516-EOLO-130-300x300.jpg 300w, https:\/\/www.aircompressormpc.com\/wp-content\/uploads\/2022\/07\/IMG-1.101.516-EOLO-130-150x150.jpg 150w, https:\/\/www.aircompressormpc.com\/wp-content\/uploads\/2022\/07\/IMG-1.101.516-EOLO-130-100x100.jpg 100w\" sizes=\"auto, (max-width: 300px) 100vw, 300px\" \/><\/a>\t\t\t\n\t\t\t\tMotocompresseurs\t\t\t\n\t\t\t<a href=\"https:\/\/www.aircompressormpc.com\/fr\/producto\/moteur-compresseur-eolo-130-270-l-copia\/\"><h2>MOTEUR COMPRESSEUR EOLO 130 (270 L)<\/h2><\/a>\n\t<bdi>&#36;0.00<\/bdi>\n<\/li>\n<li>\n\t\t<a href=\"https:\/\/www.aircompressormpc.com\/fr\/?post_type=product&#038;p=11854\"><img width=\"300\" height=\"300\" src=\"https:\/\/www.aircompressormpc.com\/wp-content\/uploads\/2023\/11\/1.211.528-THUNdER-200-frontal-300x300.jpg\" alt=\"\" decoding=\"async\" loading=\"lazy\" srcset=\"https:\/\/www.aircompressormpc.com\/wp-content\/uploads\/2023\/11\/1.211.528-THUNdER-200-frontal-300x300.jpg 300w, https:\/\/www.aircompressormpc.com\/wp-content\/uploads\/2023\/11\/1.211.528-THUNdER-200-frontal-150x150.jpg 150w, https:\/\/www.aircompressormpc.com\/wp-content\/uploads\/2023\/11\/1.211.528-THUNdER-200-frontal-100x100.jpg 100w\" sizes=\"auto, (max-width: 300px) 100vw, 300px\" \/><\/a>\t\t\t\n\t\t\t\tMotocompresseurs\t\t\t\n\t\t\t<a href=\"https:\/\/www.aircompressormpc.com\/fr\/?post_type=product&#038;p=11854\"><h2>THUNDER 200 D MMA (270 L)<\/h2><\/a>\n\t<bdi>&#36;0.00<\/bdi>\n<\/li>\n<li>\n\t\t<a href=\"https:\/\/www.aircompressormpc.com\/fr\/producto\/thunder-200-d-270-l-2\/\"><img width=\"300\" height=\"300\" src=\"https:\/\/www.aircompressormpc.com\/wp-content\/uploads\/2023\/11\/1.211.528-THUNdER-200-frontal-300x300.jpg\" alt=\"\" decoding=\"async\" loading=\"lazy\" srcset=\"https:\/\/www.aircompressormpc.com\/wp-content\/uploads\/2023\/11\/1.211.528-THUNdER-200-frontal-300x300.jpg 300w, https:\/\/www.aircompressormpc.com\/wp-content\/uploads\/2023\/11\/1.211.528-THUNdER-200-frontal-150x150.jpg 150w, https:\/\/www.aircompressormpc.com\/wp-content\/uploads\/2023\/11\/1.211.528-THUNdER-200-frontal-100x100.jpg 100w\" sizes=\"auto, (max-width: 300px) 100vw, 300px\" \/><\/a>\t\t\t\n\t\t\t\tMotocompresseurs\t\t\t\n\t\t\t<a href=\"https:\/\/www.aircompressormpc.com\/fr\/producto\/thunder-200-d-270-l-2\/\"><h2>THUNDER 200 D MONOFASICO (270 L)<\/h2><\/a>\n\t<bdi>&#36;0.00<\/bdi>\n<\/li>\n<li>\n\t\t<a href=\"https:\/\/www.aircompressormpc.com\/fr\/producto\/thunder-200-d-270-l\/\"><img width=\"300\" height=\"300\" src=\"https:\/\/www.aircompressormpc.com\/wp-content\/uploads\/2023\/07\/1.211.528-THUNER-200-frontal-tri-300x300.jpg\" alt=\"\" decoding=\"async\" loading=\"lazy\" srcset=\"https:\/\/www.aircompressormpc.com\/wp-content\/uploads\/2023\/07\/1.211.528-THUNER-200-frontal-tri-300x300.jpg 300w, https:\/\/www.aircompressormpc.com\/wp-content\/uploads\/2023\/07\/1.211.528-THUNER-200-frontal-tri-150x150.jpg 150w, https:\/\/www.aircompressormpc.com\/wp-content\/uploads\/2023\/07\/1.211.528-THUNER-200-frontal-tri-100x100.jpg 100w\" sizes=\"auto, (max-width: 300px) 100vw, 300px\" \/><\/a>\t\t\t\n\t\t\t\tMotocompresseurs\t\t\t\n\t\t\t<a href=\"https:\/\/www.aircompressormpc.com\/fr\/producto\/thunder-200-d-270-l\/\"><h2>THUNDER 200 D TRIFASICO (270 L)<\/h2><\/a>\n\t<bdi>&#36;0.00<\/bdi>\n<\/li>\n<li>\n\t\t<a href=\"https:\/\/www.aircompressormpc.com\/fr\/producto\/motocompresor-thunder-70k-25-l\/\"><img width=\"300\" height=\"300\" src=\"https:\/\/www.aircompressormpc.com\/wp-content\/uploads\/2016\/09\/1.160.230-thunder-70-mpc-web-300x300.jpg\" alt=\"thunder-70-mpc\" decoding=\"async\" loading=\"lazy\" srcset=\"https:\/\/www.aircompressormpc.com\/wp-content\/uploads\/2016\/09\/1.160.230-thunder-70-mpc-web-300x300.jpg 300w, https:\/\/www.aircompressormpc.com\/wp-content\/uploads\/2016\/09\/1.160.230-thunder-70-mpc-web-150x150.jpg 150w, https:\/\/www.aircompressormpc.com\/wp-content\/uploads\/2016\/09\/1.160.230-thunder-70-mpc-web-100x100.jpg 100w\" sizes=\"auto, (max-width: 300px) 100vw, 300px\" \/><\/a>\t\t\t\n\t\t\t\tMotocompresseurs\t\t\t\n\t\t\t<a href=\"https:\/\/www.aircompressormpc.com\/fr\/producto\/motocompresor-thunder-70k-25-l\/\"><h2>MOTOCOMPRESOR THUNDER 70K  (25 L)<\/h2><\/a>\n\t<bdi>&#36;0.00<\/bdi>\n<\/li>\n<li>\n\t\t<a href=\"https:\/\/www.aircompressormpc.com\/fr\/producto\/motocompresor-eolo-130d-270-l-2\/\"><img width=\"300\" height=\"300\" src=\"https:\/\/www.aircompressormpc.com\/wp-content\/uploads\/2022\/10\/EOLO-130-D-300x300.jpg\" alt=\"COMPRESSEUR\" decoding=\"async\" loading=\"lazy\" srcset=\"https:\/\/www.aircompressormpc.com\/wp-content\/uploads\/2022\/10\/EOLO-130-D-300x300.jpg 300w, https:\/\/www.aircompressormpc.com\/wp-content\/uploads\/2022\/10\/EOLO-130-D-150x150.jpg 150w, https:\/\/www.aircompressormpc.com\/wp-content\/uploads\/2022\/10\/EOLO-130-D-100x100.jpg 100w\" sizes=\"auto, (max-width: 300px) 100vw, 300px\" \/><\/a>\t\t\t\n\t\t\t\tMotocompresseurs\t\t\t\n\t\t\t<a href=\"https:\/\/www.aircompressormpc.com\/fr\/producto\/motocompresor-eolo-130d-270-l-2\/\"><h2>MOTEUR-COMPRESSEUR EOLO 130D (270 L)<\/h2><\/a>\n\t<bdi>&#36;0.00<\/bdi>\n<\/li>\n<li>\n\t\t<a href=\"https:\/\/www.aircompressormpc.com\/fr\/producto\/motocompresor-eolo-200-270-l-2\/\"><img width=\"300\" height=\"300\" src=\"https:\/\/www.aircompressormpc.com\/wp-content\/uploads\/2022\/10\/1.101.520-EOLO200-MPC-1-300x300.jpg\" alt=\"COMPRESOR MPC EOLO 200 DIESEL\" decoding=\"async\" loading=\"lazy\" srcset=\"https:\/\/www.aircompressormpc.com\/wp-content\/uploads\/2022\/10\/1.101.520-EOLO200-MPC-1-300x300.jpg 300w, https:\/\/www.aircompressormpc.com\/wp-content\/uploads\/2022\/10\/1.101.520-EOLO200-MPC-1-1024x1024.jpg 1024w, https:\/\/www.aircompressormpc.com\/wp-content\/uploads\/2022\/10\/1.101.520-EOLO200-MPC-1-150x150.jpg 150w, https:\/\/www.aircompressormpc.com\/wp-content\/uploads\/2022\/10\/1.101.520-EOLO200-MPC-1-768x768.jpg 768w, https:\/\/www.aircompressormpc.com\/wp-content\/uploads\/2022\/10\/1.101.520-EOLO200-MPC-1-1536x1536.jpg 1536w, https:\/\/www.aircompressormpc.com\/wp-content\/uploads\/2022\/10\/1.101.520-EOLO200-MPC-1-2048x2048.jpg 2048w, https:\/\/www.aircompressormpc.com\/wp-content\/uploads\/2022\/10\/1.101.520-EOLO200-MPC-1-600x600.jpg 600w, https:\/\/www.aircompressormpc.com\/wp-content\/uploads\/2022\/10\/1.101.520-EOLO200-MPC-1-100x100.jpg 100w, https:\/\/www.aircompressormpc.com\/wp-content\/uploads\/2022\/10\/1.101.520-EOLO200-MPC-1-64x64.jpg 64w\" sizes=\"auto, (max-width: 300px) 100vw, 300px\" \/><\/a>\t\t\t\n\t\t\t\tMotocompresseurs\t\t\t\n\t\t\t<a href=\"https:\/\/www.aircompressormpc.com\/fr\/producto\/motocompresor-eolo-200-270-l-2\/\"><h2>MOTEUR-COMPRESSEUR EOLO 200 (270 L)<\/h2><\/a>\n\t<bdi>&#36;0.00<\/bdi>\n<\/li>\n<li>\n\t\t<a href=\"https:\/\/www.aircompressormpc.com\/fr\/producto\/motocompresor-eolo-200-d-270\/\"><img width=\"300\" height=\"300\" src=\"https:\/\/www.aircompressormpc.com\/wp-content\/uploads\/2022\/07\/1.201.520-eolo-200-300x300.jpg\" alt=\"moteur-compresseur mpc avec moteur diesel\" decoding=\"async\" loading=\"lazy\" srcset=\"https:\/\/www.aircompressormpc.com\/wp-content\/uploads\/2022\/07\/1.201.520-eolo-200-300x300.jpg 300w, https:\/\/www.aircompressormpc.com\/wp-content\/uploads\/2022\/07\/1.201.520-eolo-200-150x150.jpg 150w, https:\/\/www.aircompressormpc.com\/wp-content\/uploads\/2022\/07\/1.201.520-eolo-200-100x100.jpg 100w\" sizes=\"auto, (max-width: 300px) 100vw, 300px\" \/><\/a>\t\t\t\n\t\t\t\tMotocompresseurs\t\t\t\n\t\t\t<a href=\"https:\/\/www.aircompressormpc.com\/fr\/producto\/motocompresor-eolo-200-d-270\/\"><h2>MOTEUR-COMPRESSEUR EOLO 200 D (270)<\/h2><\/a>\n\t<bdi>&#36;0.00<\/bdi>\n<\/li>\n<\/ul>\n\t\t<!--\n\t\t-->\n\t\t\t\t\t\t<a href=\"#\" id=\"uabb-quick-view-close\"><\/a>\n\t\t\t<a href=\"https:\/\/www.aircompressormpc.com\/unidades-moviles\/\" target=\"_self\" rel=\"noopener\">\n\t\t\t\t\t\tVoir plus\n\t\t\t\t\t<\/a>\n<h3>\n\t\t<a href=\"https:\/\/www.aircompressormpc.com\/fr\/electro-compresor\/compresseur-a-essence\/serie-strade\/\" title=\"\u25cf &lt;span style=&quot;border-bottom: 2px solid #E10910&quot;&gt;PORTABLE&lt;\/span&gt;\" target=\"_self\" rel=\"noopener\">\n\t\t\u25cf PORTABLE\n\t\t<\/a>\n\t<\/h3>\n\t\u00c9quipement d\u00e9velopp\u00e9 pour fournir de l&rsquo;air comprim\u00e9 sur des sites o\u00f9 il n&rsquo;y a aucune possibilit\u00e9 d&rsquo;approvisionnement autre qu&rsquo;un moteur \u00e0 combustion interne.<br \/>\n&#8211; Facile \u00e0 utiliser, facile \u00e0 transporter et fiable moteur : HONDA\n\t\t<ul>\n<li>\n\t\t<a href=\"https:\/\/www.aircompressormpc.com\/fr\/producto\/moteur-compresseur-strade-65-100100-l-copia\/\"><img width=\"300\" height=\"300\" src=\"https:\/\/www.aircompressormpc.com\/wp-content\/uploads\/2024\/05\/IMG-1.202.077-COMPRESOR-STRADE-60-D-MPC-300x300.jpg\" alt=\"compresor diesel mpc\" decoding=\"async\" loading=\"lazy\" srcset=\"https:\/\/www.aircompressormpc.com\/wp-content\/uploads\/2024\/05\/IMG-1.202.077-COMPRESOR-STRADE-60-D-MPC-300x300.jpg 300w, https:\/\/www.aircompressormpc.com\/wp-content\/uploads\/2024\/05\/IMG-1.202.077-COMPRESOR-STRADE-60-D-MPC-150x150.jpg 150w, https:\/\/www.aircompressormpc.com\/wp-content\/uploads\/2024\/05\/IMG-1.202.077-COMPRESOR-STRADE-60-D-MPC-100x100.jpg 100w\" sizes=\"auto, (max-width: 300px) 100vw, 300px\" \/><\/a>\t\t\t\n\t\t\t\tMotocompresseurs\t\t\t\n\t\t\t<a href=\"https:\/\/www.aircompressormpc.com\/fr\/producto\/moteur-compresseur-strade-65-100100-l-copia\/\"><h2>MOTEUR COMPRESSEUR STRADE 65-100(100 L)<\/h2><\/a>\n\t<bdi>&#36;0.00<\/bdi>\n<\/li>\n<li>\n\t\t<a href=\"https:\/\/www.aircompressormpc.com\/fr\/?post_type=product&#038;p=10606\"><img width=\"300\" height=\"300\" src=\"https:\/\/www.aircompressormpc.com\/wp-content\/uploads\/2023\/07\/1.132.071-STRADE-40-100-MPC-300x300.jpg\" alt=\"COMPRESOR GASOLINA STRADE 40-100 DE MPC\" decoding=\"async\" loading=\"lazy\" srcset=\"https:\/\/www.aircompressormpc.com\/wp-content\/uploads\/2023\/07\/1.132.071-STRADE-40-100-MPC-300x300.jpg 300w, https:\/\/www.aircompressormpc.com\/wp-content\/uploads\/2023\/07\/1.132.071-STRADE-40-100-MPC-150x150.jpg 150w, https:\/\/www.aircompressormpc.com\/wp-content\/uploads\/2023\/07\/1.132.071-STRADE-40-100-MPC-100x100.jpg 100w\" sizes=\"auto, (max-width: 300px) 100vw, 300px\" \/><\/a>\t\t\t\n\t\t\t\tMotocompresseurs\t\t\t\n\t\t\t<a href=\"https:\/\/www.aircompressormpc.com\/fr\/?post_type=product&#038;p=10606\"><h2>MOTOCOMPRESOR STRADE 40-100 V\/ 10 BAR  (100 L)<\/h2><\/a>\n\t<bdi>&#36;0.00<\/bdi>\n<\/li>\n<li>\n\t\t<a href=\"https:\/\/www.aircompressormpc.com\/fr\/?post_type=product&#038;p=10566\"><img width=\"300\" height=\"300\" src=\"https:\/\/www.aircompressormpc.com\/wp-content\/uploads\/2022\/09\/1.201-300x300.jpg\" alt=\"1.201.145 COMPRESOR STRADE-90D\/100\" decoding=\"async\" loading=\"lazy\" srcset=\"https:\/\/www.aircompressormpc.com\/wp-content\/uploads\/2022\/09\/1.201-300x300.jpg 300w, https:\/\/www.aircompressormpc.com\/wp-content\/uploads\/2022\/09\/1.201-150x150.jpg 150w, https:\/\/www.aircompressormpc.com\/wp-content\/uploads\/2022\/09\/1.201-100x100.jpg 100w\" sizes=\"auto, (max-width: 300px) 100vw, 300px\" \/><\/a>\t\t\t\n\t\t\t\tMotocompresseurs\t\t\t\n\t\t\t<a href=\"https:\/\/www.aircompressormpc.com\/fr\/?post_type=product&#038;p=10566\"><h2>MOTOCOMPRESOR STRADE 130D-100\/ 13 BAR (100L)<\/h2><\/a>\n\t<bdi>&#36;0.00<\/bdi>\n<\/li>\n<li>\n\t\t<a href=\"https:\/\/www.aircompressormpc.com\/fr\/?post_type=product&#038;p=10544\"><img width=\"300\" height=\"300\" src=\"https:\/\/www.aircompressormpc.com\/wp-content\/uploads\/2023\/07\/1.132.147-STRADE-130-100-MPC-300x300.jpg\" alt=\"\" decoding=\"async\" loading=\"lazy\" srcset=\"https:\/\/www.aircompressormpc.com\/wp-content\/uploads\/2023\/07\/1.132.147-STRADE-130-100-MPC-300x300.jpg 300w, https:\/\/www.aircompressormpc.com\/wp-content\/uploads\/2023\/07\/1.132.147-STRADE-130-100-MPC-150x150.jpg 150w, https:\/\/www.aircompressormpc.com\/wp-content\/uploads\/2023\/07\/1.132.147-STRADE-130-100-MPC-100x100.jpg 100w, https:\/\/www.aircompressormpc.com\/wp-content\/uploads\/2023\/07\/1.132.147-STRADE-130-100-MPC-64x63.jpg 64w\" sizes=\"auto, (max-width: 300px) 100vw, 300px\" \/><\/a>\t\t\t\n\t\t\t\tMotocompresseurs\t\t\t\n\t\t\t<a href=\"https:\/\/www.aircompressormpc.com\/fr\/?post_type=product&#038;p=10544\"><h2>MOTOCOMPRESOR STRADE 130-100\/ 10 BAR  (100 L)<\/h2><\/a>\n\t<bdi>&#36;0.00<\/bdi>\n<\/li>\n<li>\n\t\t<a href=\"https:\/\/www.aircompressormpc.com\/fr\/producto\/moteur-compresseur-strade-90-15\/\"><img width=\"300\" height=\"300\" src=\"https:\/\/www.aircompressormpc.com\/wp-content\/uploads\/2022\/09\/1.201-300x300.jpg\" alt=\"1.201.145 COMPRESSEUR STRADE-90D\/100\" decoding=\"async\" loading=\"lazy\" srcset=\"https:\/\/www.aircompressormpc.com\/wp-content\/uploads\/2022\/09\/1.201-300x300.jpg 300w, https:\/\/www.aircompressormpc.com\/wp-content\/uploads\/2022\/09\/1.201-150x150.jpg 150w, https:\/\/www.aircompressormpc.com\/wp-content\/uploads\/2022\/09\/1.201-100x100.jpg 100w\" sizes=\"auto, (max-width: 300px) 100vw, 300px\" \/><\/a>\t\t\t\n\t\t\t\tMotocompresseurs\t\t\t\n\t\t\t<a href=\"https:\/\/www.aircompressormpc.com\/fr\/producto\/moteur-compresseur-strade-90-15\/\"><h2>MOTEUR-COMPRESSEUR STRADE 90D\/100 (100L)<\/h2><\/a>\n\t<bdi>&#36;0.00<\/bdi>\n<\/li>\n<li>\n\t\t<a href=\"https:\/\/www.aircompressormpc.com\/fr\/producto\/motocompresor-strade-130-15\/\"><img width=\"300\" height=\"300\" src=\"https:\/\/www.aircompressormpc.com\/wp-content\/uploads\/2022\/09\/compresor-mpc-STRADE-130-100-2-300x300.jpg\" alt=\"compresor mpc STRADE 130-100\" decoding=\"async\" loading=\"lazy\" srcset=\"https:\/\/www.aircompressormpc.com\/wp-content\/uploads\/2022\/09\/compresor-mpc-STRADE-130-100-2-300x300.jpg 300w, https:\/\/www.aircompressormpc.com\/wp-content\/uploads\/2022\/09\/compresor-mpc-STRADE-130-100-2-150x150.jpg 150w, https:\/\/www.aircompressormpc.com\/wp-content\/uploads\/2022\/09\/compresor-mpc-STRADE-130-100-2-100x100.jpg 100w\" sizes=\"auto, (max-width: 300px) 100vw, 300px\" \/><\/a>\t\t\t\n\t\t\t\tMotocompresseurs\t\t\t\n\t\t\t<a href=\"https:\/\/www.aircompressormpc.com\/fr\/producto\/motocompresor-strade-130-15\/\"><h2>MOTEUR-COMPRESSEUR STRADE 130-100 (100 L)<\/h2><\/a>\n\t<bdi>&#36;0.00<\/bdi>\n<\/li>\n<li>\n\t\t<a href=\"https:\/\/www.aircompressormpc.com\/fr\/producto\/motocompresor-strade-90-15-100-l\/\"><img width=\"300\" height=\"300\" src=\"https:\/\/www.aircompressormpc.com\/wp-content\/uploads\/2022\/03\/1.132.145-motocompresor-strade-90-100-mpc-web-300x300.jpg\" alt=\"1.132.145-motocompresor-strade-90-100-mpc\" decoding=\"async\" loading=\"lazy\" srcset=\"https:\/\/www.aircompressormpc.com\/wp-content\/uploads\/2022\/03\/1.132.145-motocompresor-strade-90-100-mpc-web-300x300.jpg 300w, https:\/\/www.aircompressormpc.com\/wp-content\/uploads\/2022\/03\/1.132.145-motocompresor-strade-90-100-mpc-web-150x150.jpg 150w, https:\/\/www.aircompressormpc.com\/wp-content\/uploads\/2022\/03\/1.132.145-motocompresor-strade-90-100-mpc-web-100x100.jpg 100w\" sizes=\"auto, (max-width: 300px) 100vw, 300px\" \/><\/a>\t\t\t\n\t\t\t\tMotocompresseurs\t\t\t\n\t\t\t<a href=\"https:\/\/www.aircompressormpc.com\/fr\/producto\/motocompresor-strade-90-15-100-l\/\"><h2>MOTOCOMPRESSEUR STRADE 90\/100\/15 (100 L)<\/h2><\/a>\n\t<bdi>&#36;0.00<\/bdi>\n<\/li>\n<li>\n\t\t<a href=\"https:\/\/www.aircompressormpc.com\/fr\/producto\/moto-compresor-strade-65-100-gp\/\"><img width=\"300\" height=\"300\" src=\"https:\/\/www.aircompressormpc.com\/wp-content\/uploads\/2022\/03\/1.132.076-300x300.jpg\" alt=\"\" decoding=\"async\" loading=\"lazy\" srcset=\"https:\/\/www.aircompressormpc.com\/wp-content\/uploads\/2022\/03\/1.132.076-300x300.jpg 300w, https:\/\/www.aircompressormpc.com\/wp-content\/uploads\/2022\/03\/1.132.076-150x150.jpg 150w, https:\/\/www.aircompressormpc.com\/wp-content\/uploads\/2022\/03\/1.132.076-100x100.jpg 100w\" sizes=\"auto, (max-width: 300px) 100vw, 300px\" \/><\/a>\t\t\t\n\t\t\t\tMotocompresseurs\t\t\t\n\t\t\t<a href=\"https:\/\/www.aircompressormpc.com\/fr\/producto\/moto-compresor-strade-65-100-gp\/\"><h2>MOTEUR COMPRESSEUR STRADE 65-100(100 L)<\/h2><\/a>\n\t<bdi>&#36;0.00<\/bdi>\n<\/li>\n<\/ul>\n\t\t<!--\n\t\t-->\n\t\t\t\t\t\t<a href=\"#\" id=\"uabb-quick-view-close\"><\/a>\n\t\t\t<a href=\"https:\/\/www.aircompressormpc.com\/fr\/electro-compresor\/compresseur-a-essence\/serie-strade\/\" target=\"_self\" rel=\"noopener\">\n\t\t\t\t\t\tVoir plus\n\t\t\t\t\t<\/a>","protected":false},"excerpt":{"rendered":"<p>MOTOCOMPRESSEURS Accueil &gt; Motocompresseurs MOTOCOMPRESSEURS \u25cf UNIT\u00c9S MOBILES Compresseurs d&rsquo;air pour unit\u00e9s mobiles Un compresseur d&rsquo;air est un outil essentiel pour tout \u00e9quipement mobile n\u00e9cessitant une source d&rsquo;air comprim\u00e9. Ces moteurs sont compacts et con\u00e7us pour \u00eatre utilis\u00e9s dans des unit\u00e9s mobiles, ce qui les rend id\u00e9aux pour une utilisation dans des v\u00e9hicules utilitaires, industriels&hellip;<\/p>\n","protected":false},"author":1,"featured_media":0,"parent":0,"menu_order":0,"comment_status":"closed","ping_status":"closed","template":"","meta":{"footnotes":""},"class_list":["post-13246","page","type-page","status-publish","hentry"],"aioseo_notices":[],"_links":{"self":[{"href":"https:\/\/www.aircompressormpc.com\/fr\/wp-json\/wp\/v2\/pages\/13246","targetHints":{"allow":["GET"]}}],"collection":[{"href":"https:\/\/www.aircompressormpc.com\/fr\/wp-json\/wp\/v2\/pages"}],"about":[{"href":"https:\/\/www.aircompressormpc.com\/fr\/wp-json\/wp\/v2\/types\/page"}],"author":[{"embeddable":true,"href":"https:\/\/www.aircompressormpc.com\/fr\/wp-json\/wp\/v2\/users\/1"}],"replies":[{"embeddable":true,"href":"https:\/\/www.aircompressormpc.com\/fr\/wp-json\/wp\/v2\/comments?post=13246"}],"version-history":[{"count":1,"href":"https:\/\/www.aircompressormpc.com\/fr\/wp-json\/wp\/v2\/pages\/13246\/revisions"}],"predecessor-version":[{"id":13682,"href":"https:\/\/www.aircompressormpc.com\/fr\/wp-json\/wp\/v2\/pages\/13246\/revisions\/13682"}],"wp:attachment":[{"href":"https:\/\/www.aircompressormpc.com\/fr\/wp-json\/wp\/v2\/media?parent=13246"}],"curies":[{"name":"wp","href":"https:\/\/api.w.org\/{rel}","templated":true}]}}