{"id":13212,"date":"2024-05-14T11:05:23","date_gmt":"2024-05-14T11:05:23","guid":{"rendered":"https:\/\/www.aircompressormpc.com\/compresseurs-statiques-a-entrainement-par-courroie\/"},"modified":"2024-05-29T08:38:41","modified_gmt":"2024-05-29T08:38:41","slug":"compresseurs-statiques-a-entrainement-par-courroie","status":"publish","type":"page","link":"https:\/\/www.aircompressormpc.com\/fr\/compresseurs-statiques-a-entrainement-par-courroie\/","title":{"rendered":"COMPRESSEUR STATIQUE"},"content":{"rendered":"<h2>\n\t\tELECTROCOMPRESORES\n\t<\/h2>\n\t<p><a href=\"https:\/\/www.aircompressormpc.com\/\">Inicio<\/a>\u00a0&gt;\u00a0<a href=\"https:\/\/www.aircompressormpc.com\/electro-compresor\/\">Electrocompresor<\/a>\u00a0&gt;<a href=\"https:\/\/www.aircompressormpc.com\/electro-compresor\/compresor-de-piston\/\">\u00a0Compresor de pist\u00f3n<\/a> &gt; <a href=\"https:\/\/www.aircompressormpc.com\/electro-compresor\/compresor-de-piston\/compresor-correas\/\">Compresor transmisi\u00f3n por correas<\/a> &gt; Compresor est\u00e1tico<\/p>\n<h3>\n\t\t<a href=\"https:\/\/www.aircompressormpc.com\/electro-compresor\/compresor-de-piston\/compresores-por-correas-estaticos\/\" title=\"\u25cf  &lt;span style=&quot;border-bottom: 2px solid #E10910&quot;&gt;COMPRESOR POR CORREAS ESTATICOS&lt;\/span&gt;\" target=\"_self\" rel=\"noopener\">\n\t\t\u25cf  COMPRESOR POR CORREAS ESTATICOS\n\t\t<\/a>\n\t<\/h3>\n\t\t<ul>\n<li>\n\t\t<a href=\"https:\/\/www.aircompressormpc.com\/producto\/compresor-bicilindrico-snb-10024m-100-l\/\"><img width=\"300\" height=\"300\" src=\"https:\/\/www.aircompressormpc.com\/wp-content\/uploads\/2024\/04\/1.100.018-019-300x300.jpg\" alt=\"COMPRESOR MPC\" decoding=\"async\" loading=\"lazy\" srcset=\"https:\/\/www.aircompressormpc.com\/wp-content\/uploads\/2024\/04\/1.100.018-019-300x300.jpg 300w, https:\/\/www.aircompressormpc.com\/wp-content\/uploads\/2024\/04\/1.100.018-019-150x150.jpg 150w, https:\/\/www.aircompressormpc.com\/wp-content\/uploads\/2024\/04\/1.100.018-019-100x100.jpg 100w\" sizes=\"auto, (max-width: 300px) 100vw, 300px\" \/><\/a>\t\t\t\n\t\t\t\tCompresor por correas portatil\t\t\t\n\t\t\t<a href=\"https:\/\/www.aircompressormpc.com\/producto\/compresor-bicilindrico-snb-10024m-100-l\/\"><h2>COMPRESOR BICILINDRICO SNB 10024M (100 L)<\/h2><\/a>\t\n<\/li>\n<li>\n\t\t<a href=\"https:\/\/www.aircompressormpc.com\/producto\/compresor-bicilindrico-snb-5024m-50-l\/\"><img width=\"300\" height=\"300\" src=\"https:\/\/www.aircompressormpc.com\/wp-content\/uploads\/2024\/04\/ELECTROCOMPRESOR-PORTATIL-SNB5025-MPC-300x300.jpg\" alt=\"ELECTROCOMPRESOR 2HP mpc\" decoding=\"async\" loading=\"lazy\" srcset=\"https:\/\/www.aircompressormpc.com\/wp-content\/uploads\/2024\/04\/ELECTROCOMPRESOR-PORTATIL-SNB5025-MPC-300x300.jpg 300w, https:\/\/www.aircompressormpc.com\/wp-content\/uploads\/2024\/04\/ELECTROCOMPRESOR-PORTATIL-SNB5025-MPC-150x150.jpg 150w, https:\/\/www.aircompressormpc.com\/wp-content\/uploads\/2024\/04\/ELECTROCOMPRESOR-PORTATIL-SNB5025-MPC-100x100.jpg 100w\" sizes=\"auto, (max-width: 300px) 100vw, 300px\" \/><\/a>\t\t\t\n\t\t\t\tCompresor por correas portatil\t\t\t\n\t\t\t<a href=\"https:\/\/www.aircompressormpc.com\/producto\/compresor-bicilindrico-snb-5024m-50-l\/\"><h2>COMPRESOR BICILINDRICO SNB 5024 M (50 L)<\/h2><\/a>\t\n<\/li>\n<li>\n\t\t<a href=\"https:\/\/www.aircompressormpc.com\/producto\/compresor-bicilindrico-snb-10025m-100-l\/\"><img width=\"300\" height=\"300\" src=\"https:\/\/www.aircompressormpc.com\/wp-content\/uploads\/2023\/06\/1.100.118-300x300.jpg\" alt=\"compresor mpc\" decoding=\"async\" loading=\"lazy\" srcset=\"https:\/\/www.aircompressormpc.com\/wp-content\/uploads\/2023\/06\/1.100.118-300x300.jpg 300w, https:\/\/www.aircompressormpc.com\/wp-content\/uploads\/2023\/06\/1.100.118-150x150.jpg 150w, https:\/\/www.aircompressormpc.com\/wp-content\/uploads\/2023\/06\/1.100.118-100x100.jpg 100w\" sizes=\"auto, (max-width: 300px) 100vw, 300px\" \/><\/a>\t\t\t\n\t\t\t\tCompresor por correas portatil\t\t\t\n\t\t\t<a href=\"https:\/\/www.aircompressormpc.com\/producto\/compresor-bicilindrico-snb-10025m-100-l\/\"><h2>COMPRESOR BICILINDRICO SNB 10025M (100 L)<\/h2><\/a>\t\n<\/li>\n<li>\n\t\t<a href=\"https:\/\/www.aircompressormpc.com\/producto\/compresor-snv-10035t\/\"><img width=\"300\" height=\"300\" src=\"https:\/\/www.aircompressormpc.com\/wp-content\/uploads\/2022\/09\/IMAGEN-1.100.120-SNV-10035M-300x300.jpg\" alt=\"compresor snv 10035 mpc\" decoding=\"async\" loading=\"lazy\" srcset=\"https:\/\/www.aircompressormpc.com\/wp-content\/uploads\/2022\/09\/IMAGEN-1.100.120-SNV-10035M-300x300.jpg 300w, https:\/\/www.aircompressormpc.com\/wp-content\/uploads\/2022\/09\/IMAGEN-1.100.120-SNV-10035M-150x150.jpg 150w, https:\/\/www.aircompressormpc.com\/wp-content\/uploads\/2022\/09\/IMAGEN-1.100.120-SNV-10035M-100x100.jpg 100w\" sizes=\"auto, (max-width: 300px) 100vw, 300px\" \/><\/a>\t\t\t\n\t\t\t\tCompresor por correas portatil\t\t\t\n\t\t\t<a href=\"https:\/\/www.aircompressormpc.com\/producto\/compresor-snv-10035t\/\"><h2>COMPRESOR SNV-10035T (100 l)<\/h2><\/a>\t\n<\/li>\n<li>\n\t\t<a href=\"https:\/\/www.aircompressormpc.com\/producto\/compresor-snv-20035t-200-l\/\"><img width=\"300\" height=\"300\" src=\"https:\/\/www.aircompressormpc.com\/wp-content\/uploads\/2022\/09\/IMAGEN-1.100-300x300.jpg\" alt=\"\" decoding=\"async\" loading=\"lazy\" srcset=\"https:\/\/www.aircompressormpc.com\/wp-content\/uploads\/2022\/09\/IMAGEN-1.100-300x300.jpg 300w, https:\/\/www.aircompressormpc.com\/wp-content\/uploads\/2022\/09\/IMAGEN-1.100-150x150.jpg 150w, https:\/\/www.aircompressormpc.com\/wp-content\/uploads\/2022\/09\/IMAGEN-1.100-100x100.jpg 100w\" sizes=\"auto, (max-width: 300px) 100vw, 300px\" \/><\/a>\t\t\t\n\t\t\t\tCompresor por correas portatil\t\t\t\n\t\t\t<a href=\"https:\/\/www.aircompressormpc.com\/producto\/compresor-snv-20035t-200-l\/\"><h2>COMPRESOR SNV 20035T  (200 L)<\/h2><\/a>\t\n<\/li>\n<li>\n\t\t<a href=\"https:\/\/www.aircompressormpc.com\/producto\/compresor-snb-10075\/\"><img width=\"300\" height=\"300\" src=\"https:\/\/www.aircompressormpc.com\/wp-content\/uploads\/2022\/09\/electrocompresor-portatil-mpc-snb-10056-300x300.jpg\" alt=\"electrocompresor-portatil-mpc-snb\" decoding=\"async\" loading=\"lazy\" srcset=\"https:\/\/www.aircompressormpc.com\/wp-content\/uploads\/2022\/09\/electrocompresor-portatil-mpc-snb-10056-300x300.jpg 300w, https:\/\/www.aircompressormpc.com\/wp-content\/uploads\/2022\/09\/electrocompresor-portatil-mpc-snb-10056-150x150.jpg 150w, https:\/\/www.aircompressormpc.com\/wp-content\/uploads\/2022\/09\/electrocompresor-portatil-mpc-snb-10056-100x100.jpg 100w, https:\/\/www.aircompressormpc.com\/wp-content\/uploads\/2022\/09\/electrocompresor-portatil-mpc-snb-10056-64x65.jpg 64w\" sizes=\"auto, (max-width: 300px) 100vw, 300px\" \/><\/a>\t\t\t\n\t\t\t\tCompresor por correas portatil\t\t\t\n\t\t\t<a href=\"https:\/\/www.aircompressormpc.com\/producto\/compresor-snb-10075\/\"><h2>COMPRESOR SNB-10075\/15 (100 L)<\/h2><\/a>\t\n<\/li>\n<li>\n\t\t<a href=\"https:\/\/www.aircompressormpc.com\/producto\/compresor-snb-10065\/\"><img width=\"300\" height=\"300\" src=\"https:\/\/www.aircompressormpc.com\/wp-content\/uploads\/2022\/09\/electrocompresor-portatil-mpc-snb-10056-300x300.jpg\" alt=\"electrocompresor-portatil-mpc-snb\" decoding=\"async\" loading=\"lazy\" srcset=\"https:\/\/www.aircompressormpc.com\/wp-content\/uploads\/2022\/09\/electrocompresor-portatil-mpc-snb-10056-300x300.jpg 300w, https:\/\/www.aircompressormpc.com\/wp-content\/uploads\/2022\/09\/electrocompresor-portatil-mpc-snb-10056-150x150.jpg 150w, https:\/\/www.aircompressormpc.com\/wp-content\/uploads\/2022\/09\/electrocompresor-portatil-mpc-snb-10056-100x100.jpg 100w, https:\/\/www.aircompressormpc.com\/wp-content\/uploads\/2022\/09\/electrocompresor-portatil-mpc-snb-10056-64x65.jpg 64w\" sizes=\"auto, (max-width: 300px) 100vw, 300px\" \/><\/a>\t\t\t\n\t\t\t\tCompresor por correas portatil\t\t\t\n\t\t\t<a href=\"https:\/\/www.aircompressormpc.com\/producto\/compresor-snb-10065\/\"><h2>COMPRESOR SNB-10065\/15 (100 L)<\/h2><\/a>\t\n<\/li>\n<li>\n\t\t<a href=\"https:\/\/www.aircompressormpc.com\/producto\/compresor-snb-10056\/\"><img width=\"300\" height=\"300\" src=\"https:\/\/www.aircompressormpc.com\/wp-content\/uploads\/2022\/09\/electrocompresor-portatil-mpc-snb-1-300x300.jpg\" alt=\"\" decoding=\"async\" loading=\"lazy\" srcset=\"https:\/\/www.aircompressormpc.com\/wp-content\/uploads\/2022\/09\/electrocompresor-portatil-mpc-snb-1-300x300.jpg 300w, https:\/\/www.aircompressormpc.com\/wp-content\/uploads\/2022\/09\/electrocompresor-portatil-mpc-snb-1-150x150.jpg 150w, https:\/\/www.aircompressormpc.com\/wp-content\/uploads\/2022\/09\/electrocompresor-portatil-mpc-snb-1-100x100.jpg 100w\" sizes=\"auto, (max-width: 300px) 100vw, 300px\" \/><\/a>\t\t\t\n\t\t\t\tCompresor por correas portatil\t\t\t\n\t\t\t<a href=\"https:\/\/www.aircompressormpc.com\/producto\/compresor-snb-10056\/\"><h2>COMPRESOR SNB-10056 (100 L)<\/h2><\/a>\t\n<\/li>\n<\/ul>\n\t\t<!--\n\t\t-->\n\t\t\t\t\t\t<a href=\"#\" id=\"uabb-quick-view-close\"><\/a>","protected":false},"excerpt":{"rendered":"<p>ELECTROCOMPRESORES Inicio\u00a0&gt;\u00a0Electrocompresor\u00a0&gt;\u00a0Compresor de pist\u00f3n &gt; Compresor transmisi\u00f3n por correas &gt; Compresor est\u00e1tico \u25cf COMPRESOR POR CORREAS ESTATICOS Compresor por correas portatil COMPRESOR BICILINDRICO SNB 10024M (100 L) Compresor por correas portatil COMPRESOR BICILINDRICO SNB 5024 M (50 L) Compresor por correas portatil COMPRESOR BICILINDRICO SNB 10025M (100 L) Compresor por correas portatil COMPRESOR SNV-10035T (100&hellip;<\/p>\n","protected":false},"author":1,"featured_media":1536,"parent":0,"menu_order":0,"comment_status":"closed","ping_status":"closed","template":"","meta":{"footnotes":""},"class_list":["post-13212","page","type-page","status-publish","has-post-thumbnail","hentry"],"aioseo_notices":[],"_links":{"self":[{"href":"https:\/\/www.aircompressormpc.com\/fr\/wp-json\/wp\/v2\/pages\/13212","targetHints":{"allow":["GET"]}}],"collection":[{"href":"https:\/\/www.aircompressormpc.com\/fr\/wp-json\/wp\/v2\/pages"}],"about":[{"href":"https:\/\/www.aircompressormpc.com\/fr\/wp-json\/wp\/v2\/types\/page"}],"author":[{"embeddable":true,"href":"https:\/\/www.aircompressormpc.com\/fr\/wp-json\/wp\/v2\/users\/1"}],"replies":[{"embeddable":true,"href":"https:\/\/www.aircompressormpc.com\/fr\/wp-json\/wp\/v2\/comments?post=13212"}],"version-history":[{"count":2,"href":"https:\/\/www.aircompressormpc.com\/fr\/wp-json\/wp\/v2\/pages\/13212\/revisions"}],"predecessor-version":[{"id":13329,"href":"https:\/\/www.aircompressormpc.com\/fr\/wp-json\/wp\/v2\/pages\/13212\/revisions\/13329"}],"wp:featuredmedia":[{"embeddable":true,"href":"https:\/\/www.aircompressormpc.com\/fr\/wp-json\/wp\/v2\/media\/1536"}],"wp:attachment":[{"href":"https:\/\/www.aircompressormpc.com\/fr\/wp-json\/wp\/v2\/media?parent=13212"}],"curies":[{"name":"wp","href":"https:\/\/api.w.org\/{rel}","templated":true}]}}