{"id":977,"date":"2015-09-22T09:49:14","date_gmt":"2015-09-22T09:49:14","guid":{"rendered":"http:\/\/aircompressormpc.servicioempresa.com\/producto\/separador-de-agua-caliente\/"},"modified":"2015-09-22T09:49:14","modified_gmt":"2015-09-22T09:49:14","slug":"separador-de-agua-caliente","status":"publish","type":"product","link":"https:\/\/www.aircompressormpc.com\/en\/producto\/separador-de-agua-caliente\/","title":{"rendered":"Separador de agua caliente"},"content":{"rendered":"<p>Nuestros separadores de agua caliente permiten separar el aire, agua y aceite de forma m\u00e1s eficaz gracias a su sistema de filtro de\u00a0carb\u00f3n activo. Los separadores de MPC resultan la soluci\u00f3n m\u00e1s r\u00e1pida y econ\u00f3mica para adaptarse a la legislaci\u00f3n sobre residuos existente.<\/p>\n<p>Consulte nuestra amplia variedad de modelos para encontrar la soluci\u00f3n que mejor se adapte a sus necesidades.<\/p>\n<\/p>\n<p><img loading=\"lazy\" decoding=\"async\" src=\"http:\/\/aircompressormpc.com\/img\/cms\/separador_1.JPG\" alt=\"\" width=\"426\" height=\"164\" \/><\/p>\n","protected":false},"excerpt":{"rendered":"<p>Separador de agua caliente<\/p>\n","protected":false},"featured_media":973,"template":"","meta":[],"product_brand":[],"product_cat":[15],"product_tag":[317,316],"class_list":{"0":"post-977","1":"product","2":"type-product","3":"status-publish","4":"has-post-thumbnail","6":"product_cat-sin-categorizar","7":"product_tag-carbon-activo","8":"product_tag-separador-agua-aceite","10":"first","11":"instock","12":"shipping-taxable","13":"purchasable","14":"product-type-simple"},"aioseo_notices":[],"_links":{"self":[{"href":"https:\/\/www.aircompressormpc.com\/en\/wp-json\/wp\/v2\/product\/977","targetHints":{"allow":["GET"]}}],"collection":[{"href":"https:\/\/www.aircompressormpc.com\/en\/wp-json\/wp\/v2\/product"}],"about":[{"href":"https:\/\/www.aircompressormpc.com\/en\/wp-json\/wp\/v2\/types\/product"}],"wp:featuredmedia":[{"embeddable":true,"href":"https:\/\/www.aircompressormpc.com\/en\/wp-json\/wp\/v2\/media\/973"}],"wp:attachment":[{"href":"https:\/\/www.aircompressormpc.com\/en\/wp-json\/wp\/v2\/media?parent=977"}],"wp:term":[{"taxonomy":"product_brand","embeddable":true,"href":"https:\/\/www.aircompressormpc.com\/en\/wp-json\/wp\/v2\/product_brand?post=977"},{"taxonomy":"product_cat","embeddable":true,"href":"https:\/\/www.aircompressormpc.com\/en\/wp-json\/wp\/v2\/product_cat?post=977"},{"taxonomy":"product_tag","embeddable":true,"href":"https:\/\/www.aircompressormpc.com\/en\/wp-json\/wp\/v2\/product_tag?post=977"}],"curies":[{"name":"wp","href":"https:\/\/api.w.org\/{rel}","templated":true}]}}