{"id":5138,"date":"2022-08-23T10:06:16","date_gmt":"2022-08-23T10:06:16","guid":{"rendered":"http:\/\/aircompressormpc.servicioempresa.com\/?post_type=product&#038;p=5138"},"modified":"2022-09-22T10:38:23","modified_gmt":"2022-09-22T10:38:23","slug":"valvula-linea-con-maneta-cierre-esfera-m-h-2","status":"publish","type":"product","link":"https:\/\/www.aircompressormpc.com\/en\/producto\/valvula-linea-con-maneta-cierre-esfera-m-h-2\/","title":{"rendered":"V\u00c1LVULA L\u00cdNEA CON MANETA CIERRE ESFERA M-H"},"content":{"rendered":"<h1 class=\"classic-title\" style=\"margin: 0px 0px 16px; font-size: 24px; font-family: 'Open Sans', sans-serif; font-weight: 300; line-height: 30px; color: #444444; padding-bottom: 8px; border-bottom: 1px solid #eeeeee; font-style: normal; letter-spacing: normal; text-indent: 0px; white-space: normal; word-spacing: 0px; background-color: #ffffff; text-transform: capitalize;\"><span style=\"padding-bottom: 8px; border-bottom: 1px solid #d50019; font-weight: 400;\">V\u00c1LVULA L\u00cdNEA CON MANETA CIERRE ESFERA M-H<\/span><\/h1>\n<p>Lat\u00f3n niquelado seg\u00fan UNE- EN 12165. Extremo rosca hembra seg\u00fan UNE-ISO 228-1. Temp. de servicio de -10\u00ba a 110\u00ba. Prensa estopa con guarnici\u00f3n de PTFE. Maneta de acero plastificada azul. V\u00e1lvula de cierre r\u00e1pido, todo o nada, 1\/4 de vuelta. Apta para sistemas de aire, agua fr\u00eda y caliente<\/p>\n<table border=\"0\" frame=\"VOID\" rules=\"NONE\" cellspacing=\"0\">\n<colgroup>\n<col width=\"86\" \/>\n<col width=\"86\" \/>\n<col width=\"86\" \/>\n<col width=\"86\" \/>\n<col width=\"86\" \/>\n<col width=\"86\" \/><\/colgroup>\n<tbody>\n<tr>\n<td align=\"CENTER\" bgcolor=\"#CD1619\" width=\"86\" height=\"17\"><b><span style=\"color: #ffffff; font-family: Futura Std Condensed;\">C\u00f3digo<\/span><\/b><\/td>\n<td align=\"CENTER\" bgcolor=\"#CD1619\" width=\"86\"><b><span style=\"color: #ffffff; font-family: Futura Std Condensed;\">Rosca<\/span><\/b><\/td>\n<td align=\"CENTER\" bgcolor=\"#CD1619\" width=\"86\"><b><span style=\"color: #ffffff; font-family: Futura Std Condensed;\">D mm<\/span><\/b><\/td>\n<td align=\"CENTER\" bgcolor=\"#CD1619\" width=\"86\"><b><span style=\"color: #ffffff; font-family: Futura Std Condensed;\">L mm<\/span><\/b><\/td>\n<td align=\"CENTER\" bgcolor=\"#CD1619\" width=\"86\"><b><span style=\"color: #ffffff; font-family: Futura Std Condensed;\">L2 mm<\/span><\/b><\/td>\n<td align=\"CENTER\" bgcolor=\"#CD1619\" width=\"86\"><b><span style=\"color: #ffffff; font-family: Futura Std Condensed;\">H mm<\/span><\/b><\/td>\n<\/tr>\n<tr>\n<td align=\"CENTER\" bgcolor=\"#DCE2EB\" height=\"17\"><b><span style=\"color: #cd1619; font-family: Futura Std Condensed;\">2.333.023* <\/span><\/b><\/td>\n<td style=\"text-align: center;\" align=\"LEFT\"><span style=\"color: #000000; font-family: Futura Std Condensed;\">3\/8\u201d <\/span><\/td>\n<td style=\"text-align: center;\" align=\"RIGHT\"><span style=\"color: #000000; font-family: Futura Std Condensed;\">10<\/span><\/td>\n<td style=\"text-align: center;\" align=\"RIGHT\"><span style=\"color: #000000; font-family: Futura Std Condensed;\">41<\/span><\/td>\n<td style=\"text-align: center;\" align=\"RIGHT\"><span style=\"color: #000000; font-family: Futura Std Condensed;\">81<\/span><\/td>\n<td style=\"text-align: center;\" align=\"RIGHT\"><span style=\"color: #000000; font-family: Futura Std Condensed;\">41<\/span><\/td>\n<\/tr>\n<tr>\n<td align=\"CENTER\" bgcolor=\"#DCE2EB\" height=\"17\"><b><span style=\"color: #cd1619; font-family: Futura Std Condensed;\">2.333.024<\/span><\/b><\/td>\n<td style=\"text-align: center;\" align=\"LEFT\"><span style=\"color: #000000; font-family: Futura Std Condensed;\">1\/2\u201d<\/span><\/td>\n<td style=\"text-align: center;\" align=\"RIGHT\"><span style=\"color: #000000; font-family: Futura Std Condensed;\">15<\/span><\/td>\n<td style=\"text-align: center;\" align=\"RIGHT\"><span style=\"color: #000000; font-family: Futura Std Condensed;\">54<\/span><\/td>\n<td style=\"text-align: center;\" align=\"RIGHT\"><span style=\"color: #000000; font-family: Futura Std Condensed;\">85<\/span><\/td>\n<td style=\"text-align: center;\" align=\"RIGHT\"><span style=\"color: #000000; font-family: Futura Std Condensed;\">47<\/span><\/td>\n<\/tr>\n<tr>\n<td align=\"CENTER\" bgcolor=\"#DCE2EB\" height=\"17\"><b><span style=\"color: #cd1619; font-family: Futura Std Condensed;\">2.333.025<\/span><\/b><\/td>\n<td style=\"text-align: center;\" align=\"LEFT\"><span style=\"color: #000000; font-family: Futura Std Condensed;\">3\/4\u201d<\/span><\/td>\n<td style=\"text-align: center;\" align=\"RIGHT\"><span style=\"color: #000000; font-family: Futura Std Condensed;\">17<\/span><\/td>\n<td style=\"text-align: center;\" align=\"RIGHT\"><span style=\"color: #000000; font-family: Futura Std Condensed;\">61<\/span><\/td>\n<td style=\"text-align: center;\" align=\"RIGHT\"><span style=\"color: #000000; font-family: Futura Std Condensed;\">96<\/span><\/td>\n<td style=\"text-align: center;\" align=\"RIGHT\"><span style=\"color: #000000; font-family: Futura Std Condensed;\">52<\/span><\/td>\n<\/tr>\n<tr>\n<td align=\"CENTER\" bgcolor=\"#DCE2EB\" height=\"17\"><b><span style=\"color: #cd1619; font-family: Futura Std Condensed;\">2.333.026<\/span><\/b><\/td>\n<td style=\"text-align: center;\" align=\"LEFT\"><span style=\"color: #000000; font-family: Futura Std Condensed;\">1\u201d<\/span><\/td>\n<td style=\"text-align: center;\" align=\"RIGHT\"><span style=\"color: #000000; font-family: Futura Std Condensed;\">22<\/span><\/td>\n<td style=\"text-align: center;\" align=\"RIGHT\"><span style=\"color: #000000; font-family: Futura Std Condensed;\">67<\/span><\/td>\n<td style=\"text-align: center;\" align=\"RIGHT\"><span style=\"color: #000000; font-family: Futura Std Condensed;\">115<\/span><\/td>\n<td style=\"text-align: center;\" align=\"RIGHT\"><span style=\"color: #000000; font-family: Futura Std Condensed;\">60<\/span><\/td>\n<\/tr>\n<tr>\n<td align=\"CENTER\" bgcolor=\"#DCE2EB\" height=\"17\"><b><span style=\"color: #cd1619; font-family: Futura Std Condensed;\">2.333.027<\/span><\/b><\/td>\n<td style=\"text-align: center;\" align=\"LEFT\"><span style=\"color: #000000; font-family: Futura Std Condensed;\">1.1\/4\u201d<\/span><\/td>\n<td style=\"text-align: center;\" align=\"RIGHT\"><span style=\"color: #000000; font-family: Futura Std Condensed;\">29<\/span><\/td>\n<td style=\"text-align: center;\" align=\"RIGHT\"><span style=\"color: #000000; font-family: Futura Std Condensed;\">83<\/span><\/td>\n<td style=\"text-align: center;\" align=\"RIGHT\"><span style=\"color: #000000; font-family: Futura Std Condensed;\">132<\/span><\/td>\n<td style=\"text-align: center;\" align=\"RIGHT\"><span style=\"color: #000000; font-family: Futura Std Condensed;\">71<\/span><\/td>\n<\/tr>\n<tr>\n<td align=\"CENTER\" bgcolor=\"#DCE2EB\" height=\"17\"><b><span style=\"color: #cd1619; font-family: Futura Std Condensed;\">2.333.028<\/span><\/b><\/td>\n<td style=\"text-align: center;\" align=\"LEFT\"><span style=\"color: #000000; font-family: Futura Std Condensed;\">1.1\/2\u201d<\/span><\/td>\n<td style=\"text-align: center;\" align=\"RIGHT\"><span style=\"color: #000000; font-family: Futura Std Condensed;\">35<\/span><\/td>\n<td style=\"text-align: center;\" align=\"RIGHT\"><span style=\"color: #000000; font-family: Futura Std Condensed;\">92<\/span><\/td>\n<td style=\"text-align: center;\" align=\"RIGHT\"><span style=\"color: #000000; font-family: Futura Std Condensed;\">140<\/span><\/td>\n<td style=\"text-align: center;\" align=\"RIGHT\"><span style=\"color: #000000; font-family: Futura Std Condensed;\">79<\/span><\/td>\n<\/tr>\n<tr>\n<td align=\"CENTER\" bgcolor=\"#DCE2EB\" height=\"17\"><b><span style=\"color: #cd1619; font-family: Futura Std Condensed;\">2.333.029<\/span><\/b><\/td>\n<td style=\"text-align: center;\" align=\"LEFT\"><span style=\"color: #000000; font-family: Futura Std Condensed;\">2\u201d<\/span><\/td>\n<td style=\"text-align: center;\" align=\"RIGHT\"><span style=\"color: #000000; font-family: Futura Std Condensed;\">44<\/span><\/td>\n<td style=\"text-align: center;\" align=\"RIGHT\"><span style=\"color: #000000; font-family: Futura Std Condensed;\">110<\/span><\/td>\n<td style=\"text-align: center;\" align=\"RIGHT\"><span style=\"color: #000000; font-family: Futura Std Condensed;\">145<\/span><\/td>\n<td style=\"text-align: center;\" align=\"RIGHT\"><span style=\"color: #000000; font-family: Futura Std Condensed;\">87<\/span><\/td>\n<\/tr>\n<\/tbody>\n<\/table>\n<p style=\"text-align: left;\">* Sistema anti hielo<\/p>\n<p>&nbsp;<\/p>\n","protected":false},"excerpt":{"rendered":"<p><img loading=\"lazy\" decoding=\"async\" class=\"alignnone wp-image-5120 size-full\" src=\"https:\/\/www.aircompressormpc.com\/wp-content\/uploads\/2022\/08\/icono2.jpg\" alt=\"\" width=\"600\" height=\"308\" \/><\/p>\n","protected":false},"featured_media":6651,"template":"","meta":[],"product_brand":[],"product_cat":[536,541,618],"product_tag":[610,617],"class_list":{"0":"post-5138","1":"product","2":"type-product","3":"status-publish","4":"has-post-thumbnail","6":"product_cat-accesorios","7":"product_cat-valvulas","8":"product_cat-valvulas-linea","9":"product_tag-valvulas","10":"product_tag-valvulas-retencion","12":"first","13":"instock","14":"shipping-taxable","15":"purchasable","16":"product-type-simple"},"aioseo_notices":[],"_links":{"self":[{"href":"https:\/\/www.aircompressormpc.com\/en\/wp-json\/wp\/v2\/product\/5138","targetHints":{"allow":["GET"]}}],"collection":[{"href":"https:\/\/www.aircompressormpc.com\/en\/wp-json\/wp\/v2\/product"}],"about":[{"href":"https:\/\/www.aircompressormpc.com\/en\/wp-json\/wp\/v2\/types\/product"}],"wp:featuredmedia":[{"embeddable":true,"href":"https:\/\/www.aircompressormpc.com\/en\/wp-json\/wp\/v2\/media\/6651"}],"wp:attachment":[{"href":"https:\/\/www.aircompressormpc.com\/en\/wp-json\/wp\/v2\/media?parent=5138"}],"wp:term":[{"taxonomy":"product_brand","embeddable":true,"href":"https:\/\/www.aircompressormpc.com\/en\/wp-json\/wp\/v2\/product_brand?post=5138"},{"taxonomy":"product_cat","embeddable":true,"href":"https:\/\/www.aircompressormpc.com\/en\/wp-json\/wp\/v2\/product_cat?post=5138"},{"taxonomy":"product_tag","embeddable":true,"href":"https:\/\/www.aircompressormpc.com\/en\/wp-json\/wp\/v2\/product_tag?post=5138"}],"curies":[{"name":"wp","href":"https:\/\/api.w.org\/{rel}","templated":true}]}}