{"id":1217,"date":"2017-01-03T08:51:07","date_gmt":"2017-01-03T08:51:07","guid":{"rendered":"http:\/\/aircompressormpc.servicioempresa.com\/producto\/pre-filtros-standar-hf\/"},"modified":"2022-07-11T11:23:48","modified_gmt":"2022-07-11T11:23:48","slug":"pre-filtros-standar-hf","status":"publish","type":"product","link":"https:\/\/www.aircompressormpc.com\/en\/producto\/pre-filtros-standar-hf\/","title":{"rendered":"PRE-FILTROS STANDAR HF"},"content":{"rendered":"<p><span style=\"color:#0ea2ad;\"><strong>Prefiltro de coalescencia, tiene la cualidad de retener las part\u00edculas s\u00f3lidas y l\u00edquidas con di\u00e1metro superior a 0,01 micr\u00f3n,<\/strong> <\/span><span style=\"color:#4a4a4a;\">obteniendo un aire libre de aceite en un 99,999%, su utilizaci\u00f3n se compagina como prefiltro para el filtro de carb\u00f3n activo serie CF.<\/span><\/p>\n<p><span style=\"color:#4a4a4a;\">El cartucho de 0,01 micr\u00f3n incrementa el tamiz de filtrado limpiando el aire de m\u00e1s part\u00edculas.<\/span><\/p>\n<p><span style=\"color:#9b9b9b;\"><em>Incorpora:<br \/>&#8211; Visor de condensados (A)<br \/>&#8211; Purga regulable de condensados (B)<\/em><\/span><\/p>\n<\/p>\n<p><span style=\"color:#9b9b9b;\"><em>\u00a0\u00a0<img loading=\"lazy\" decoding=\"async\" src=\"http:\/\/www.aircompressormpc.com\/img\/cms\/PRE-FILTROS-esquema.png\" alt=\"Datos-prefiltro\" width=\"130\" height=\"210\" \/><img loading=\"lazy\" decoding=\"async\" src=\"http:\/\/www.aircompressormpc.com\/img\/cms\/Datos-prefiltros-hf-EN.png\" alt=\"Datos-prefiltros\" width=\"450\" height=\"251\" \/><\/em><\/span><\/p>\n","protected":false},"excerpt":{"rendered":"<p>PRE-FILTROS STANDAR HF<\/p>\n","protected":false},"featured_media":3440,"template":"","meta":[],"product_brand":[],"product_cat":[15],"product_tag":[],"class_list":{"0":"post-1217","1":"product","2":"type-product","3":"status-publish","4":"has-post-thumbnail","6":"product_cat-sin-categorizar","8":"first","9":"instock","10":"shipping-taxable","11":"purchasable","12":"product-type-simple"},"aioseo_notices":[],"_links":{"self":[{"href":"https:\/\/www.aircompressormpc.com\/en\/wp-json\/wp\/v2\/product\/1217","targetHints":{"allow":["GET"]}}],"collection":[{"href":"https:\/\/www.aircompressormpc.com\/en\/wp-json\/wp\/v2\/product"}],"about":[{"href":"https:\/\/www.aircompressormpc.com\/en\/wp-json\/wp\/v2\/types\/product"}],"wp:featuredmedia":[{"embeddable":true,"href":"https:\/\/www.aircompressormpc.com\/en\/wp-json\/wp\/v2\/media\/3440"}],"wp:attachment":[{"href":"https:\/\/www.aircompressormpc.com\/en\/wp-json\/wp\/v2\/media?parent=1217"}],"wp:term":[{"taxonomy":"product_brand","embeddable":true,"href":"https:\/\/www.aircompressormpc.com\/en\/wp-json\/wp\/v2\/product_brand?post=1217"},{"taxonomy":"product_cat","embeddable":true,"href":"https:\/\/www.aircompressormpc.com\/en\/wp-json\/wp\/v2\/product_cat?post=1217"},{"taxonomy":"product_tag","embeddable":true,"href":"https:\/\/www.aircompressormpc.com\/en\/wp-json\/wp\/v2\/product_tag?post=1217"}],"curies":[{"name":"wp","href":"https:\/\/api.w.org\/{rel}","templated":true}]}}