{"id":1181,"date":"2016-12-22T17:28:53","date_gmt":"2016-12-22T17:28:53","guid":{"rendered":"http:\/\/aircompressormpc.servicioempresa.com\/producto\/pre-filtros-standar-pf\/"},"modified":"2016-12-22T17:28:53","modified_gmt":"2016-12-22T17:28:53","slug":"pre-filtros-standar-pf","status":"publish","type":"product","link":"https:\/\/www.aircompressormpc.com\/en\/producto\/pre-filtros-standar-pf\/","title":{"rendered":"PRE-FILTROS STANDAR PF"},"content":{"rendered":"<p><span style=\"color:#0ea2ad;\"><strong>Prefiltro cer\u00e1mico que protege a la instalaci\u00f3n de part\u00edculas superiores a 1 micr\u00f3n,<\/strong> <\/span><span style=\"color:#4a4a4a;\">garantizando una larga duraci\u00f3n de la\u00a0<\/span><span style=\"color:#4a4a4a;\">instalaci\u00f3n neum\u00e1tica y eliminando gran parte de las sustancias que deterioran las instalaciones y equipos neum\u00e1ticos.<\/span><\/p>\n<p><span style=\"color:#4a4a4a;\">El cartucho de 1 micr\u00f3n lo hace el m\u00e1s indicado para instalar previamente a los secadores frigor\u00edficos.<\/span><\/p>\n<p><span style=\"color:#9b9b9b;\"><em>\u00a0Incorpora:<\/em><\/span><br \/><span style=\"color:#9b9b9b;\"><em>&#8211; Visor de condensados (A)<\/em><\/span><br \/><span style=\"color:#9b9b9b;\"><em>&#8211; Purga regulable de condensados (B)<\/em><\/span><\/p>\n<p>\u00a0 \u00a0<img loading=\"lazy\" decoding=\"async\" src=\"http:\/\/www.aircompressormpc.com\/img\/cms\/PRE-FILTROS-esquema.png\" alt=\"Prefiltro\" width=\"120\" height=\"194\" \/><img loading=\"lazy\" decoding=\"async\" src=\"http:\/\/www.aircompressormpc.com\/img\/cms\/Datos-prefiltros-pf-ES.png\" alt=\"Datos-prefiltros\" width=\"450\" height=\"251\" \/><\/p>\n","protected":false},"excerpt":{"rendered":"<p>Prefiltro cer\u00e1mico.<\/p>\n","protected":false},"featured_media":1177,"template":"","meta":[],"product_brand":[],"product_cat":[15],"product_tag":[],"class_list":{"0":"post-1181","1":"product","2":"type-product","3":"status-publish","4":"has-post-thumbnail","6":"product_cat-sin-categorizar","8":"first","9":"instock","10":"shipping-taxable","11":"purchasable","12":"product-type-simple"},"aioseo_notices":[],"_links":{"self":[{"href":"https:\/\/www.aircompressormpc.com\/en\/wp-json\/wp\/v2\/product\/1181","targetHints":{"allow":["GET"]}}],"collection":[{"href":"https:\/\/www.aircompressormpc.com\/en\/wp-json\/wp\/v2\/product"}],"about":[{"href":"https:\/\/www.aircompressormpc.com\/en\/wp-json\/wp\/v2\/types\/product"}],"wp:featuredmedia":[{"embeddable":true,"href":"https:\/\/www.aircompressormpc.com\/en\/wp-json\/wp\/v2\/media\/1177"}],"wp:attachment":[{"href":"https:\/\/www.aircompressormpc.com\/en\/wp-json\/wp\/v2\/media?parent=1181"}],"wp:term":[{"taxonomy":"product_brand","embeddable":true,"href":"https:\/\/www.aircompressormpc.com\/en\/wp-json\/wp\/v2\/product_brand?post=1181"},{"taxonomy":"product_cat","embeddable":true,"href":"https:\/\/www.aircompressormpc.com\/en\/wp-json\/wp\/v2\/product_cat?post=1181"},{"taxonomy":"product_tag","embeddable":true,"href":"https:\/\/www.aircompressormpc.com\/en\/wp-json\/wp\/v2\/product_tag?post=1181"}],"curies":[{"name":"wp","href":"https:\/\/api.w.org\/{rel}","templated":true}]}}