{"id":1175,"date":"2016-12-22T16:43:03","date_gmt":"2016-12-22T16:43:03","guid":{"rendered":"http:\/\/aircompressormpc.servicioempresa.com\/producto\/filtro-carbono-cf-2\/"},"modified":"2024-08-30T10:05:30","modified_gmt":"2024-08-30T10:05:30","slug":"filtro-carbono-cf-2","status":"publish","type":"product","link":"https:\/\/www.aircompressormpc.com\/en\/producto\/filtro-carbono-cf-2\/","title":{"rendered":"FILTRO CARBONO CF"},"content":{"rendered":"<p>Filtro de carbono dise\u00f1ado para la eliminaci\u00f3n de olores reteniendo part\u00edculas de hasta 0.003 micrones.<\/p>\n<p>Eficaz en un 99,999%.<\/p>\n<p>Combinable con serie PF-HF, ideal para industria alimentaria.<\/p>\n<p><em>Incorpora:<\/em><br \/><em>-Visor controlador visual saturaci\u00f3n (A).<\/em><\/p>\n<p><img loading=\"lazy\" decoding=\"async\" src=\"http:\/\/www.aircompressormpc.com\/img\/cms\/FILTRO-CARBONO-CF-esquema.png\" alt=\"Filtro-carbono\" width=\"150\" height=\"125\" \/><\/p>\n","protected":false},"excerpt":{"rendered":"<p>Filtro de carbono para la eliminaci\u00f3n de olores.<\/p>\n","protected":false},"featured_media":1171,"template":"","meta":[],"product_brand":[],"product_cat":[861],"product_tag":[403,334,402],"class_list":{"0":"post-1175","1":"product","2":"type-product","3":"status-publish","4":"has-post-thumbnail","6":"product_cat-secador","7":"product_tag-carbono","8":"product_tag-filtro","9":"product_tag-prefiltro","11":"first","12":"instock","13":"shipping-taxable","14":"purchasable","15":"product-type-simple"},"aioseo_notices":[],"_links":{"self":[{"href":"https:\/\/www.aircompressormpc.com\/en\/wp-json\/wp\/v2\/product\/1175","targetHints":{"allow":["GET"]}}],"collection":[{"href":"https:\/\/www.aircompressormpc.com\/en\/wp-json\/wp\/v2\/product"}],"about":[{"href":"https:\/\/www.aircompressormpc.com\/en\/wp-json\/wp\/v2\/types\/product"}],"wp:featuredmedia":[{"embeddable":true,"href":"https:\/\/www.aircompressormpc.com\/en\/wp-json\/wp\/v2\/media\/1171"}],"wp:attachment":[{"href":"https:\/\/www.aircompressormpc.com\/en\/wp-json\/wp\/v2\/media?parent=1175"}],"wp:term":[{"taxonomy":"product_brand","embeddable":true,"href":"https:\/\/www.aircompressormpc.com\/en\/wp-json\/wp\/v2\/product_brand?post=1175"},{"taxonomy":"product_cat","embeddable":true,"href":"https:\/\/www.aircompressormpc.com\/en\/wp-json\/wp\/v2\/product_cat?post=1175"},{"taxonomy":"product_tag","embeddable":true,"href":"https:\/\/www.aircompressormpc.com\/en\/wp-json\/wp\/v2\/product_tag?post=1175"}],"curies":[{"name":"wp","href":"https:\/\/api.w.org\/{rel}","templated":true}]}}