{"id":5265,"date":"2022-06-29T08:45:38","date_gmt":"2022-06-29T08:45:38","guid":{"rendered":"http:\/\/aircompressormpc.servicioempresa.com\/electric-compressors\/piston-compressors\/"},"modified":"2024-04-29T09:39:53","modified_gmt":"2024-04-29T09:39:53","slug":"piston-compressors","status":"publish","type":"page","link":"https:\/\/www.aircompressormpc.com\/en\/electric-compressors\/piston-compressors\/","title":{"rendered":"PISTON COMPRESSOR"},"content":{"rendered":"<h2>\n\t\tELECTROCOMPRESSORS\n\t<\/h2>\n\t<p><a href=\"https:\/\/www.aircompressormpc.com\/en\/\">Home<\/a> &gt; <a href=\"https:\/\/www.aircompressormpc.com\/en\/electric-compressors\/\">Electrocompressors<\/a> &gt; Piston compressor<\/p>\n\t<h1><strong>PISTON COMPRESSORS<\/strong><\/h1>\n\t<p>At MPC we offer a wide variety of <a href=\"https:\/\/www.aircompressormpc.com\/en\/electric-compressors\/piston-compressors\/coaxial-compressor\/\"><strong>piston compressors<\/strong><\/a> characterized by their quality and resistance. Si busca <strong>comprar compresores de pist\u00f3n<\/strong>, la gama de compresores MPC es la mejor soluci\u00f3n ya que apuesta por equipos de tecnolog\u00eda fiable, testada por la dilatada experiencia en el uso de cabezales de aire.<\/p>\n<h3>\n\t\t<a href=\"https:\/\/www.aircompressormpc.com\/en\/electric-compressors\/piston-compressors\/coaxial-compressor\/\" title=\"\u25cf &lt;span style=&quot;border-bottom: 2px solid #E10910&quot;&gt;DIRECT DRIVE COMPRESSOR&lt;\/span&gt;\" target=\"_self\" rel=\"noopener\">\n\t\t\u25cf DIRECT DRIVE COMPRESSOR\n\t\t<\/a>\n\t<\/h3>\n\t\t<ul>\n<li>\n\t\t<a href=\"https:\/\/www.aircompressormpc.com\/en\/producto\/cdv-350-compressor-copia\/\"><img width=\"300\" height=\"300\" src=\"https:\/\/www.aircompressormpc.com\/wp-content\/uploads\/2024\/04\/1.100.191-1-300x300.jpg\" alt=\"MPC SMALL DUTY COMPRESSOR\" decoding=\"async\" loading=\"lazy\" srcset=\"https:\/\/www.aircompressormpc.com\/wp-content\/uploads\/2024\/04\/1.100.191-1-300x300.jpg 300w, https:\/\/www.aircompressormpc.com\/wp-content\/uploads\/2024\/04\/1.100.191-1-1024x1024.jpg 1024w, https:\/\/www.aircompressormpc.com\/wp-content\/uploads\/2024\/04\/1.100.191-1-150x150.jpg 150w, https:\/\/www.aircompressormpc.com\/wp-content\/uploads\/2024\/04\/1.100.191-1-768x768.jpg 768w, https:\/\/www.aircompressormpc.com\/wp-content\/uploads\/2024\/04\/1.100.191-1-600x600.jpg 600w, https:\/\/www.aircompressormpc.com\/wp-content\/uploads\/2024\/04\/1.100.191-1-100x100.jpg 100w, https:\/\/www.aircompressormpc.com\/wp-content\/uploads\/2024\/04\/1.100.191-1-64x64.jpg 64w, https:\/\/www.aircompressormpc.com\/wp-content\/uploads\/2024\/04\/1.100.191-1.jpg 1181w\" sizes=\"auto, (max-width: 300px) 100vw, 300px\" \/><\/a>\t\t\t\n\t\t\t\tCoaxial compressor\t\t\t\n\t\t\t<a href=\"https:\/\/www.aircompressormpc.com\/en\/producto\/cdv-350-compressor-copia\/\"><h2>CD 777 COMPRESSOR<\/h2><\/a>\n\t<bdi>&#36;0.00<\/bdi>\n<\/li>\n<li>\n\t\t<a href=\"https:\/\/www.aircompressormpc.com\/en\/producto\/compressor-cd-226\/\"><img width=\"300\" height=\"300\" src=\"https:\/\/www.aircompressormpc.com\/wp-content\/uploads\/2022\/10\/COMPRESOR-COAXIAL-MPC-CD-226-FRONTAL-300x300.jpg\" alt=\"COMPRESOR-COAXIAL-MPC-CD-226\" decoding=\"async\" loading=\"lazy\" srcset=\"https:\/\/www.aircompressormpc.com\/wp-content\/uploads\/2022\/10\/COMPRESOR-COAXIAL-MPC-CD-226-FRONTAL-300x300.jpg 300w, https:\/\/www.aircompressormpc.com\/wp-content\/uploads\/2022\/10\/COMPRESOR-COAXIAL-MPC-CD-226-FRONTAL-150x150.jpg 150w, https:\/\/www.aircompressormpc.com\/wp-content\/uploads\/2022\/10\/COMPRESOR-COAXIAL-MPC-CD-226-FRONTAL-100x100.jpg 100w, https:\/\/www.aircompressormpc.com\/wp-content\/uploads\/2022\/10\/COMPRESOR-COAXIAL-MPC-CD-226-FRONTAL-64x65.jpg 64w\" sizes=\"auto, (max-width: 300px) 100vw, 300px\" \/><\/a>\t\t\t\n\t\t\t\tCoaxial compressor\t\t\t\n\t\t\t<a href=\"https:\/\/www.aircompressormpc.com\/en\/producto\/compressor-cd-226\/\"><h2>CD 226 COMPRESSOR (25 L)<\/h2><\/a>\n\t<bdi>&#36;0.00<\/bdi>\n<\/li>\n<li>\n\t\t<a href=\"https:\/\/www.aircompressormpc.com\/en\/producto\/compressor-cd-251\/\"><img width=\"300\" height=\"300\" src=\"https:\/\/www.aircompressormpc.com\/wp-content\/uploads\/2022\/10\/1.100.155-CD-251-300x300.jpg\" alt=\"MPC CD 251 Compressor\" decoding=\"async\" loading=\"lazy\" srcset=\"https:\/\/www.aircompressormpc.com\/wp-content\/uploads\/2022\/10\/1.100.155-CD-251-300x300.jpg 300w, https:\/\/www.aircompressormpc.com\/wp-content\/uploads\/2022\/10\/1.100.155-CD-251-150x150.jpg 150w, https:\/\/www.aircompressormpc.com\/wp-content\/uploads\/2022\/10\/1.100.155-CD-251-100x100.jpg 100w\" sizes=\"auto, (max-width: 300px) 100vw, 300px\" \/><\/a>\t\t\t\n\t\t\t\tCoaxial compressor\t\t\t\n\t\t\t<a href=\"https:\/\/www.aircompressormpc.com\/en\/producto\/compressor-cd-251\/\"><h2>CD 251 COMPRESSOR (50 L)<\/h2><\/a>\n\t<bdi>&#36;0.00<\/bdi>\n<\/li>\n<li>\n\t\t<a href=\"https:\/\/www.aircompressormpc.com\/en\/producto\/compressor-coaxial-cd104\/\"><img width=\"300\" height=\"300\" src=\"https:\/\/www.aircompressormpc.com\/wp-content\/uploads\/2021\/09\/709-Direct-drive-air-compressor-CD104-300x300.jpg\" alt=\"Direct drive air compressor CD104\" decoding=\"async\" loading=\"lazy\" srcset=\"https:\/\/www.aircompressormpc.com\/wp-content\/uploads\/2021\/09\/709-Direct-drive-air-compressor-CD104-300x300.jpg 300w, https:\/\/www.aircompressormpc.com\/wp-content\/uploads\/2021\/09\/709-Direct-drive-air-compressor-CD104-150x150.jpg 150w, https:\/\/www.aircompressormpc.com\/wp-content\/uploads\/2021\/09\/709-Direct-drive-air-compressor-CD104-100x100.jpg 100w\" sizes=\"auto, (max-width: 300px) 100vw, 300px\" \/><\/a>\t\t\t\n\t\t\t\tCoaxial compressor\t\t\t\n\t\t\t<a href=\"https:\/\/www.aircompressormpc.com\/en\/producto\/compressor-coaxial-cd104\/\"><h2>COAXIAL COMPRESSOR CD 104 (2 L)<\/h2><\/a>\n\t<bdi>&#36;0.00<\/bdi>\n<\/li>\n<li>\n\t\t<a href=\"https:\/\/www.aircompressormpc.com\/en\/producto\/cdv-350-2\/\"><img width=\"300\" height=\"300\" src=\"https:\/\/www.aircompressormpc.com\/wp-content\/uploads\/2015\/09\/COMPRESOR-MPC-COAXIAL-CDV-350-300x300.jpg\" alt=\"COMPRESOR-MPC-COAXIAL-CDV-350\" decoding=\"async\" loading=\"lazy\" srcset=\"https:\/\/www.aircompressormpc.com\/wp-content\/uploads\/2015\/09\/COMPRESOR-MPC-COAXIAL-CDV-350-300x300.jpg 300w, https:\/\/www.aircompressormpc.com\/wp-content\/uploads\/2015\/09\/COMPRESOR-MPC-COAXIAL-CDV-350-150x150.jpg 150w, https:\/\/www.aircompressormpc.com\/wp-content\/uploads\/2015\/09\/COMPRESOR-MPC-COAXIAL-CDV-350-100x100.jpg 100w\" sizes=\"auto, (max-width: 300px) 100vw, 300px\" \/><\/a>\t\t\t\n\t\t\t\tCoaxial compressor\t\t\t\n\t\t\t<a href=\"https:\/\/www.aircompressormpc.com\/en\/producto\/cdv-350-2\/\"><h2>CDV-350 COMPRESSOR<\/h2><\/a>\n\t<bdi>&#36;0.00<\/bdi>\n<\/li>\n<\/ul>\n\t\t<!--\n\t\t-->\n\t\t\t\t\t\t<a href=\"#\" id=\"uabb-quick-view-close\"><\/a>\n\t\t\t<a href=\"https:\/\/www.aircompressormpc.com\/en\/electric-compressors\/piston-compressors\/coaxial-compressor\/\" target=\"_self\" rel=\"noopener\">\n\t\t\t\t\t\tSee more\n\t\t\t\t\t<\/a>\n<h3>\n\t\t<a href=\"https:\/\/www.aircompressormpc.com\/en\/electric-compressors\/piston-compressors\/belt-compressor\/\" title=\"\u25cf &lt;span style=&quot;border-bottom: 2px solid #E10910&quot;&gt; BELT DRIVE AIR COMPRESSOR&lt;\/span&gt;\" target=\"_self\" rel=\"noopener\">\n\t\t\u25cf  BELT DRIVE AIR COMPRESSOR\n\t\t<\/a>\n\t<\/h3>\n\t\t<ul>\n<li>\n\t\t<a href=\"https:\/\/www.aircompressormpc.com\/en\/producto\/twin-cylinder-compressor-snb-10025t-100-l-copia\/\"><img width=\"300\" height=\"300\" src=\"https:\/\/www.aircompressormpc.com\/wp-content\/uploads\/2024\/04\/1.100.018-019-300x300.jpg\" alt=\"MPC COMPRESSOR\" decoding=\"async\" loading=\"lazy\" srcset=\"https:\/\/www.aircompressormpc.com\/wp-content\/uploads\/2024\/04\/1.100.018-019-300x300.jpg 300w, https:\/\/www.aircompressormpc.com\/wp-content\/uploads\/2024\/04\/1.100.018-019-150x150.jpg 150w, https:\/\/www.aircompressormpc.com\/wp-content\/uploads\/2024\/04\/1.100.018-019-100x100.jpg 100w\" sizes=\"auto, (max-width: 300px) 100vw, 300px\" \/><\/a>\t\t\t\n\t\t\t\tBelt driven compressor\t\t\t\n\t\t\t<a href=\"https:\/\/www.aircompressormpc.com\/en\/producto\/twin-cylinder-compressor-snb-10025t-100-l-copia\/\"><h2>COMPRESSOR BICILINDRICO SNB 10024M (100 L)<\/h2><\/a>\n\t<bdi>&#36;0.00<\/bdi>\n<\/li>\n<li>\n\t\t<a href=\"https:\/\/www.aircompressormpc.com\/en\/producto\/compressor-bicilindrico-snb-5035m-50-l-copia\/\"><img width=\"300\" height=\"300\" src=\"https:\/\/www.aircompressormpc.com\/wp-content\/uploads\/2024\/04\/ELECTROCOMPRESOR-PORTATIL-SNB5025-MPC-300x300.jpg\" alt=\"ELECTROCOMPRESOR 2HP mpc\" decoding=\"async\" loading=\"lazy\" srcset=\"https:\/\/www.aircompressormpc.com\/wp-content\/uploads\/2024\/04\/ELECTROCOMPRESOR-PORTATIL-SNB5025-MPC-300x300.jpg 300w, https:\/\/www.aircompressormpc.com\/wp-content\/uploads\/2024\/04\/ELECTROCOMPRESOR-PORTATIL-SNB5025-MPC-150x150.jpg 150w, https:\/\/www.aircompressormpc.com\/wp-content\/uploads\/2024\/04\/ELECTROCOMPRESOR-PORTATIL-SNB5025-MPC-100x100.jpg 100w\" sizes=\"auto, (max-width: 300px) 100vw, 300px\" \/><\/a>\t\t\t\n\t\t\t\tBelt driven compressor\t\t\t\n\t\t\t<a href=\"https:\/\/www.aircompressormpc.com\/en\/producto\/compressor-bicilindrico-snb-5035m-50-l-copia\/\"><h2>TWIN CYLINDER COMPRESSOR SNB 5024 M (50 L)<\/h2><\/a>\n\t<bdi>&#36;0.00<\/bdi>\n<\/li>\n<li>\n\t\t<a href=\"https:\/\/www.aircompressormpc.com\/en\/producto\/compressor-silent-5-5\/\"><img width=\"300\" height=\"300\" src=\"https:\/\/www.aircompressormpc.com\/wp-content\/uploads\/2023\/09\/COMPRESOR-SILENT-300x300.jpg\" alt=\"SILENT COMPRESSOR\" decoding=\"async\" loading=\"lazy\" srcset=\"https:\/\/www.aircompressormpc.com\/wp-content\/uploads\/2023\/09\/COMPRESOR-SILENT-300x300.jpg 300w, https:\/\/www.aircompressormpc.com\/wp-content\/uploads\/2023\/09\/COMPRESOR-SILENT-150x150.jpg 150w, https:\/\/www.aircompressormpc.com\/wp-content\/uploads\/2023\/09\/COMPRESOR-SILENT-100x100.jpg 100w\" sizes=\"auto, (max-width: 300px) 100vw, 300px\" \/><\/a>\t\t\t\n\t\t\t\tBelt driven compressor\t\t\t\n\t\t\t<a href=\"https:\/\/www.aircompressormpc.com\/en\/producto\/compressor-silent-5-5\/\"><h2>SILENT COMPRESSOR 5.5<\/h2><\/a>\n\t<bdi>&#36;0.00<\/bdi>\n<\/li>\n<li>\n\t\t<a href=\"https:\/\/www.aircompressormpc.com\/en\/producto\/compresor-silent-7-5\/\"><img width=\"300\" height=\"300\" src=\"https:\/\/www.aircompressormpc.com\/wp-content\/uploads\/2023\/09\/1.100.035-SILENT-7.5-MPC-300x300.jpg\" alt=\"silent mpc silent compressor\" decoding=\"async\" loading=\"lazy\" srcset=\"https:\/\/www.aircompressormpc.com\/wp-content\/uploads\/2023\/09\/1.100.035-SILENT-7.5-MPC-300x300.jpg 300w, https:\/\/www.aircompressormpc.com\/wp-content\/uploads\/2023\/09\/1.100.035-SILENT-7.5-MPC-150x150.jpg 150w, https:\/\/www.aircompressormpc.com\/wp-content\/uploads\/2023\/09\/1.100.035-SILENT-7.5-MPC-100x100.jpg 100w\" sizes=\"auto, (max-width: 300px) 100vw, 300px\" \/><\/a>\t\t\t\n\t\t\t\tBelt driven compressor\t\t\t\n\t\t\t<a href=\"https:\/\/www.aircompressormpc.com\/en\/producto\/compresor-silent-7-5\/\"><h2>SILENT COMPRESOR 7.5<\/h2><\/a>\n\t<bdi>&#36;0.00<\/bdi>\n<\/li>\n<li>\n\t\t<a href=\"https:\/\/www.aircompressormpc.com\/en\/producto\/compresor-silent-7-5-500\/\"><img width=\"300\" height=\"300\" src=\"https:\/\/www.aircompressormpc.com\/wp-content\/uploads\/2023\/09\/compresor-silencioso-silent-7.5-300x300.jpg\" alt=\"\" decoding=\"async\" loading=\"lazy\" srcset=\"https:\/\/www.aircompressormpc.com\/wp-content\/uploads\/2023\/09\/compresor-silencioso-silent-7.5-300x300.jpg 300w, https:\/\/www.aircompressormpc.com\/wp-content\/uploads\/2023\/09\/compresor-silencioso-silent-7.5-150x150.jpg 150w, https:\/\/www.aircompressormpc.com\/wp-content\/uploads\/2023\/09\/compresor-silencioso-silent-7.5-100x100.jpg 100w\" sizes=\"auto, (max-width: 300px) 100vw, 300px\" \/><\/a>\t\t\t\n\t\t\t\tBelt driven compressor\t\t\t\n\t\t\t<a href=\"https:\/\/www.aircompressormpc.com\/en\/producto\/compresor-silent-7-5-500\/\"><h2>SILENT COMPRESSOR 7.5\/500<\/h2><\/a>\n\t<bdi>&#36;0.00<\/bdi>\n<\/li>\n<li>\n\t\t<a href=\"https:\/\/www.aircompressormpc.com\/en\/producto\/compresor-silent-5-5-270\/\"><img width=\"300\" height=\"300\" src=\"https:\/\/www.aircompressormpc.com\/wp-content\/uploads\/2023\/09\/1.100.038-SILENT-5.5-MPC-300x300.jpg\" alt=\"SILENT5.5 MPC COMPRESSOR\" decoding=\"async\" loading=\"lazy\" srcset=\"https:\/\/www.aircompressormpc.com\/wp-content\/uploads\/2023\/09\/1.100.038-SILENT-5.5-MPC-300x300.jpg 300w, https:\/\/www.aircompressormpc.com\/wp-content\/uploads\/2023\/09\/1.100.038-SILENT-5.5-MPC-150x150.jpg 150w, https:\/\/www.aircompressormpc.com\/wp-content\/uploads\/2023\/09\/1.100.038-SILENT-5.5-MPC-100x100.jpg 100w\" sizes=\"auto, (max-width: 300px) 100vw, 300px\" \/><\/a>\t\t\t\n\t\t\t\tBelt driven compressor\t\t\t\n\t\t\t<a href=\"https:\/\/www.aircompressormpc.com\/en\/producto\/compresor-silent-5-5-270\/\"><h2>SILENT COMPRESSOR 5.5\/270<\/h2><\/a>\n\t<bdi>&#36;0.00<\/bdi>\n<\/li>\n<li>\n\t\t<a href=\"https:\/\/www.aircompressormpc.com\/en\/?post_type=product&#038;p=10461\"><img width=\"300\" height=\"300\" src=\"https:\/\/www.aircompressormpc.com\/wp-content\/uploads\/2023\/06\/1.100.118-300x300.jpg\" alt=\"compresor mpc\" decoding=\"async\" loading=\"lazy\" srcset=\"https:\/\/www.aircompressormpc.com\/wp-content\/uploads\/2023\/06\/1.100.118-300x300.jpg 300w, https:\/\/www.aircompressormpc.com\/wp-content\/uploads\/2023\/06\/1.100.118-150x150.jpg 150w, https:\/\/www.aircompressormpc.com\/wp-content\/uploads\/2023\/06\/1.100.118-100x100.jpg 100w\" sizes=\"auto, (max-width: 300px) 100vw, 300px\" \/><\/a>\t\t\t\n\t\t\t\tBelt driven compressor\t\t\t\n\t\t\t<a href=\"https:\/\/www.aircompressormpc.com\/en\/?post_type=product&#038;p=10461\"><h2>COMPRESOR BICILINDRICO SNB 10025M (100 L)<\/h2><\/a>\n\t<bdi>&#36;0.00<\/bdi>\n<\/li>\n<li>\n\t\t<a href=\"https:\/\/www.aircompressormpc.com\/en\/producto\/compresor-snf-30060-14-270-l\/\"><img width=\"300\" height=\"300\" src=\"https:\/\/www.aircompressormpc.com\/wp-content\/uploads\/2023\/02\/1.110.047-compresor-mpc-300x300.jpg\" alt=\"mpc compressor\" decoding=\"async\" loading=\"lazy\" srcset=\"https:\/\/www.aircompressormpc.com\/wp-content\/uploads\/2023\/02\/1.110.047-compresor-mpc-300x300.jpg 300w, https:\/\/www.aircompressormpc.com\/wp-content\/uploads\/2023\/02\/1.110.047-compresor-mpc-150x150.jpg 150w, https:\/\/www.aircompressormpc.com\/wp-content\/uploads\/2023\/02\/1.110.047-compresor-mpc-100x100.jpg 100w\" sizes=\"auto, (max-width: 300px) 100vw, 300px\" \/><\/a>\t\t\t\n\t\t\t\tBelt driven compressor\t\t\t\n\t\t\t<a href=\"https:\/\/www.aircompressormpc.com\/en\/producto\/compresor-snf-30060-14-270-l\/\"><h2>COMPRESSOR SNF 30060\/14 (270 L)<\/h2><\/a>\n\t<bdi>&#36;0.00<\/bdi>\n<\/li>\n<\/ul>\n\t\t<!--\n\t\t-->\n\t\t\t\t\t\t<a href=\"#\" id=\"uabb-quick-view-close\"><\/a>\n\t\t\t<a href=\"https:\/\/www.aircompressormpc.com\/en\/electric-compressors\/piston-compressors\/belt-compressor\/\" target=\"_self\" rel=\"noopener\">\n\t\t\t\t\t\tSee more\n\t\t\t\t\t<\/a>\n\t<h2>What is a piston compressor?<\/h2>\n<p>Piston compressors are very common among industrial compressors and are used in different sectors. Tienen una gran vida \u00fatil y podemos encontrar diferentes variantes como pistones con acci\u00f3n simple o doble, lubricados con aceite o sin y con distintos n\u00fameros de cilindros.<\/p>\n<h2>How does a piston compressor work?<\/h2>\n<p>A piston compressor is a gas compressor that follows the principle of compression by displacement: air enters a cylinder by the action of a piston driven by a crankshaft and a connecting rod to obtain gases at high pressure.<\/p>\n<h2>What are the different types of compressors?<\/h2>\n<p>There are different types of <a href=\"https:\/\/www.aircompressormpc.com\/en\/electric-compressors\/piston-compressors\/coaxial-compressor\/\">industrial air compressors<\/a> that can be classified according to various characteristics such as the number of cylinders, the shape of the piston, the number of stages used in the compression, the arrangement of the pistons&#8230;<\/p>\n<p>At MPC we offer a wide variety of piston compressors:<\/p>\n<ul>\n<li><strong><a href=\"https:\/\/www.aircompressormpc.com\/en\/electric-compressors\/piston-compressors\/coaxial-compressor\/\">COAXIAL COMPRESSORS:<\/a><\/strong> perfect for home and semi-professional work.<\/li>\n<li><strong><a href=\"https:\/\/www.aircompressormpc.com\/en\/electric-compressors\/piston-compressors\/belt-compressor\/\">BELT COMPRESSORS<\/a>:<\/strong> suitable for professional use with a medium level of use in single-stage equipment and intensive use in industrial applications in double-stage equipment.<\/li>\n<li><a href=\"https:\/\/www.aircompressormpc.com\/electro-compresor\/compresor-de-piston\/compresor-silencioso\/\"><strong>COMPRESORES INSONORIZADOS<\/strong><\/a><strong>:<\/strong> m\u00e1xima eficacia con reducci\u00f3n del nivel sonoro.<\/li>\n<\/ul>\n<h2>Piston compressor applications<\/h2>\n<p><strong>Piston compressors are used in different sectors<\/strong>. One of the most common applications is when spray painting, but it is also used in locksmith work, body shops, tire stores, mechanics, construction&#8230; The piston compressor is used in small applications and also for industrial applications being very versatile in different industries.<\/p>\n<h2>What is a silent compressor?<\/h2>\n<p>The <a href=\"https:\/\/www.aircompressormpc.com\/en\/silent-air-compressor\/\">silent air compressors<\/a> are adapted to the different needs in different sectors, combining the functionality of a piston compressor, with reduced noise level.<\/p>\n<p>You will be able to work taking full advantage of the power (HP) of the compressors while respecting the maximum permissible noise levels, thus making these <strong>silent compressors<\/strong> ideal for installation near the workplace and in urban core workshops. We have models that do not require oil for their operation, are easy to transport and of course, very quiet. They allow to work optimally at any time, they are perfect compressors for working in clinics, laboratories, veterinarians, workshops, dentists, shops&#8230;<\/p>\n<h2>Professional quiet air compressor<\/h2>\n<p>At AIR COMPRESSOR MPC you can <strong>buy quiet compressors<\/strong> such as the CLINIC 250, CLINIC 109 and CLINIC 3100 models. A good choice of compressors that do not need oil for its operation, which allows us to transport it in any position without any problem.<\/p>\n<p>Another advantage is that it is a compressor that requires almost no maintenance, allowing us to work optimally at any time.<\/p>\n<p>Compressors perfect for home repair, tire inflation, floor heating cleaning, sheet metal painting, steel air gun, medical dentistry, etc.<\/p>","protected":false},"excerpt":{"rendered":"<p>ELECTROCOMPRESSORS Home &gt; Electrocompressors &gt; Piston compressor PISTON COMPRESSORS At MPC we offer a wide variety of piston compressors characterized by their quality and resistance. Si busca comprar compresores de pist\u00f3n, la gama de compresores MPC es la mejor soluci\u00f3n ya que apuesta por equipos de tecnolog\u00eda fiable, testada por la dilatada experiencia en el&hellip;<\/p>\n","protected":false},"author":1,"featured_media":0,"parent":5263,"menu_order":0,"comment_status":"closed","ping_status":"closed","template":"","meta":{"footnotes":""},"class_list":["post-5265","page","type-page","status-publish","hentry"],"aioseo_notices":[],"_links":{"self":[{"href":"https:\/\/www.aircompressormpc.com\/en\/wp-json\/wp\/v2\/pages\/5265","targetHints":{"allow":["GET"]}}],"collection":[{"href":"https:\/\/www.aircompressormpc.com\/en\/wp-json\/wp\/v2\/pages"}],"about":[{"href":"https:\/\/www.aircompressormpc.com\/en\/wp-json\/wp\/v2\/types\/page"}],"author":[{"embeddable":true,"href":"https:\/\/www.aircompressormpc.com\/en\/wp-json\/wp\/v2\/users\/1"}],"replies":[{"embeddable":true,"href":"https:\/\/www.aircompressormpc.com\/en\/wp-json\/wp\/v2\/comments?post=5265"}],"version-history":[{"count":6,"href":"https:\/\/www.aircompressormpc.com\/en\/wp-json\/wp\/v2\/pages\/5265\/revisions"}],"predecessor-version":[{"id":12883,"href":"https:\/\/www.aircompressormpc.com\/en\/wp-json\/wp\/v2\/pages\/5265\/revisions\/12883"}],"up":[{"embeddable":true,"href":"https:\/\/www.aircompressormpc.com\/en\/wp-json\/wp\/v2\/pages\/5263"}],"wp:attachment":[{"href":"https:\/\/www.aircompressormpc.com\/en\/wp-json\/wp\/v2\/media?parent=5265"}],"curies":[{"name":"wp","href":"https:\/\/api.w.org\/{rel}","templated":true}]}}