{"id":12850,"date":"2024-04-29T08:15:15","date_gmt":"2024-04-29T08:15:15","guid":{"rendered":"https:\/\/www.aircompressormpc.com\/electric-compressors\/piston-compressors\/soundproofed\/"},"modified":"2024-05-16T08:35:12","modified_gmt":"2024-05-16T08:35:12","slug":"soundproofed","status":"publish","type":"page","link":"https:\/\/www.aircompressormpc.com\/en\/electric-compressors\/piston-compressors\/soundproofed\/","title":{"rendered":"SOUNDPROOF COMPRESSOR"},"content":{"rendered":"<h2>\n\t\tELECTROCOMPRESORES\n\t<\/h2>\n\t<p><a href=\"https:\/\/www.aircompressormpc.com\/\">Inicio<\/a> &gt; <a href=\"https:\/\/www.aircompressormpc.com\/electro-compresor\/\">Electrocompresor<\/a> &gt;<a href=\"https:\/\/www.aircompressormpc.com\/electro-compresor\/compresor-de-piston\/\"> Compresor de pist\u00f3n<\/a> &gt;<a href=\"https:\/\/www.aircompressormpc.com\/electro-compresor\/compresor-de-piston\/compresor-correas\/\"> Compresor transmisi\u00f3n por correas<\/a> &gt; Insonorizados<\/p>\n<h3>\n\t\t<a href=\"https:\/\/www.aircompressormpc.com\/electro-compresor\/compresor-de-piston\/insonorizados\/\" title=\"\u25cf  &lt;span style=&quot;border-bottom: 2px solid #E10910&quot;&gt;INSONORIZADOS&lt;\/span&gt;\" target=\"_self\" rel=\"noopener\">\n\t\t\u25cf  INSONORIZADOS\n\t\t<\/a>\n\t<\/h3>\n\t\t<ul>\n<li>\n\t\t<a href=\"https:\/\/www.aircompressormpc.com\/producto\/compresor-silent-5-5\/\"><img width=\"300\" height=\"300\" src=\"https:\/\/www.aircompressormpc.com\/wp-content\/uploads\/2023\/09\/COMPRESOR-SILENT-300x300.jpg\" alt=\"COMPRESOR SILENCIOSO\" decoding=\"async\" loading=\"lazy\" srcset=\"https:\/\/www.aircompressormpc.com\/wp-content\/uploads\/2023\/09\/COMPRESOR-SILENT-300x300.jpg 300w, https:\/\/www.aircompressormpc.com\/wp-content\/uploads\/2023\/09\/COMPRESOR-SILENT-150x150.jpg 150w, https:\/\/www.aircompressormpc.com\/wp-content\/uploads\/2023\/09\/COMPRESOR-SILENT-100x100.jpg 100w\" sizes=\"auto, (max-width: 300px) 100vw, 300px\" \/><\/a>\t\t\t\n\t\t\t\tCompresor transmisi\u00f3n por correas\t\t\t\n\t\t\t<a href=\"https:\/\/www.aircompressormpc.com\/producto\/compresor-silent-5-5\/\"><h2>COMPRESOR SILENT 5.5<\/h2><\/a>\n\t<bdi>&#36;0.00<\/bdi>\n<\/li>\n<li>\n\t\t<a href=\"https:\/\/www.aircompressormpc.com\/producto\/compresor-silent-7-5\/\"><img width=\"300\" height=\"300\" src=\"https:\/\/www.aircompressormpc.com\/wp-content\/uploads\/2023\/09\/1.100.035-SILENT-7.5-MPC-300x300.jpg\" alt=\"compresor silencioso silent mpc\" decoding=\"async\" loading=\"lazy\" srcset=\"https:\/\/www.aircompressormpc.com\/wp-content\/uploads\/2023\/09\/1.100.035-SILENT-7.5-MPC-300x300.jpg 300w, https:\/\/www.aircompressormpc.com\/wp-content\/uploads\/2023\/09\/1.100.035-SILENT-7.5-MPC-150x150.jpg 150w, https:\/\/www.aircompressormpc.com\/wp-content\/uploads\/2023\/09\/1.100.035-SILENT-7.5-MPC-100x100.jpg 100w\" sizes=\"auto, (max-width: 300px) 100vw, 300px\" \/><\/a>\t\t\t\n\t\t\t\tCompresor transmisi\u00f3n por correas\t\t\t\n\t\t\t<a href=\"https:\/\/www.aircompressormpc.com\/producto\/compresor-silent-7-5\/\"><h2>COMPRESOR SILENT 7.5<\/h2><\/a>\n\t<bdi>&#36;0.00<\/bdi>\n<\/li>\n<li>\n\t\t<a href=\"https:\/\/www.aircompressormpc.com\/producto\/compresor-silent-7-5-500\/\"><img width=\"300\" height=\"300\" src=\"https:\/\/www.aircompressormpc.com\/wp-content\/uploads\/2023\/09\/compresor-silencioso-silent-7.5-300x300.jpg\" alt=\"\" decoding=\"async\" loading=\"lazy\" srcset=\"https:\/\/www.aircompressormpc.com\/wp-content\/uploads\/2023\/09\/compresor-silencioso-silent-7.5-300x300.jpg 300w, https:\/\/www.aircompressormpc.com\/wp-content\/uploads\/2023\/09\/compresor-silencioso-silent-7.5-150x150.jpg 150w, https:\/\/www.aircompressormpc.com\/wp-content\/uploads\/2023\/09\/compresor-silencioso-silent-7.5-100x100.jpg 100w\" sizes=\"auto, (max-width: 300px) 100vw, 300px\" \/><\/a>\t\t\t\n\t\t\t\tCompresor transmisi\u00f3n por correas\t\t\t\n\t\t\t<a href=\"https:\/\/www.aircompressormpc.com\/producto\/compresor-silent-7-5-500\/\"><h2>COMPRESOR SILENT 7.5\/500<\/h2><\/a>\n\t<bdi>&#36;0.00<\/bdi>\n<\/li>\n<li>\n\t\t<a href=\"https:\/\/www.aircompressormpc.com\/producto\/compresor-silent-5-5-270\/\"><img width=\"300\" height=\"300\" src=\"https:\/\/www.aircompressormpc.com\/wp-content\/uploads\/2023\/09\/1.100.038-SILENT-5.5-MPC-300x300.jpg\" alt=\"COMPRESOR SILENT5.5 MPC\" decoding=\"async\" loading=\"lazy\" srcset=\"https:\/\/www.aircompressormpc.com\/wp-content\/uploads\/2023\/09\/1.100.038-SILENT-5.5-MPC-300x300.jpg 300w, https:\/\/www.aircompressormpc.com\/wp-content\/uploads\/2023\/09\/1.100.038-SILENT-5.5-MPC-150x150.jpg 150w, https:\/\/www.aircompressormpc.com\/wp-content\/uploads\/2023\/09\/1.100.038-SILENT-5.5-MPC-100x100.jpg 100w\" sizes=\"auto, (max-width: 300px) 100vw, 300px\" \/><\/a>\t\t\t\n\t\t\t\tCompresor transmisi\u00f3n por correas\t\t\t\n\t\t\t<a href=\"https:\/\/www.aircompressormpc.com\/producto\/compresor-silent-5-5-270\/\"><h2>COMPRESOR SILENT 5.5\/270<\/h2><\/a>\n\t<bdi>&#36;0.00<\/bdi>\n<\/li>\n<\/ul>\n\t\t<!--\n\t\t-->\n\t\t\t\t\t\t<a href=\"#\" id=\"uabb-quick-view-close\"><\/a>","protected":false},"excerpt":{"rendered":"<p>ELECTROCOMPRESORES Inicio &gt; Electrocompresor &gt; Compresor de pist\u00f3n &gt; Compresor transmisi\u00f3n por correas &gt; Insonorizados \u25cf INSONORIZADOS Compresor transmisi\u00f3n por correas COMPRESOR SILENT 5.5 &#36;0.00 Compresor transmisi\u00f3n por correas COMPRESOR SILENT 7.5 &#36;0.00 Compresor transmisi\u00f3n por correas COMPRESOR SILENT 7.5\/500 &#36;0.00 Compresor transmisi\u00f3n por correas COMPRESOR SILENT 5.5\/270 &#36;0.00<\/p>\n","protected":false},"author":1,"featured_media":1535,"parent":5265,"menu_order":0,"comment_status":"closed","ping_status":"closed","template":"","meta":{"footnotes":""},"class_list":["post-12850","page","type-page","status-publish","has-post-thumbnail","hentry"],"aioseo_notices":[],"_links":{"self":[{"href":"https:\/\/www.aircompressormpc.com\/en\/wp-json\/wp\/v2\/pages\/12850","targetHints":{"allow":["GET"]}}],"collection":[{"href":"https:\/\/www.aircompressormpc.com\/en\/wp-json\/wp\/v2\/pages"}],"about":[{"href":"https:\/\/www.aircompressormpc.com\/en\/wp-json\/wp\/v2\/types\/page"}],"author":[{"embeddable":true,"href":"https:\/\/www.aircompressormpc.com\/en\/wp-json\/wp\/v2\/users\/1"}],"replies":[{"embeddable":true,"href":"https:\/\/www.aircompressormpc.com\/en\/wp-json\/wp\/v2\/comments?post=12850"}],"version-history":[{"count":3,"href":"https:\/\/www.aircompressormpc.com\/en\/wp-json\/wp\/v2\/pages\/12850\/revisions"}],"predecessor-version":[{"id":13313,"href":"https:\/\/www.aircompressormpc.com\/en\/wp-json\/wp\/v2\/pages\/12850\/revisions\/13313"}],"up":[{"embeddable":true,"href":"https:\/\/www.aircompressormpc.com\/en\/wp-json\/wp\/v2\/pages\/5265"}],"wp:featuredmedia":[{"embeddable":true,"href":"https:\/\/www.aircompressormpc.com\/en\/wp-json\/wp\/v2\/media\/1535"}],"wp:attachment":[{"href":"https:\/\/www.aircompressormpc.com\/en\/wp-json\/wp\/v2\/media?parent=12850"}],"curies":[{"name":"wp","href":"https:\/\/api.w.org\/{rel}","templated":true}]}}